{"id":94,"date":"2022-10-26T14:45:21","date_gmt":"2022-10-26T14:45:21","guid":{"rendered":"https:\/\/minutovip.com\/?page_id=94"},"modified":"2026-02-17T17:17:45","modified_gmt":"2026-02-17T17:17:45","slug":"terms","status":"publish","type":"page","link":"https:\/\/minutovip.com\/de\/terms\/","title":{"rendered":"Nutzungsbedingungen \u2013 Minuto VIP"},"content":{"rendered":"<div class=\"mx-5 sm:mx-0 prose leading-relaxed text-lg mb-5 text-left wp-paragraph\">\n<p>Aktualisiert am 17. Februar 2026.<\/p>\n<\/div><div class=\"mx-5 sm:mx-0 prose leading-relaxed text-lg mb-5 text-left wp-paragraph\">\n<p>DER <strong>MinutoVip O\u00dc<\/strong>, eine Gesellschaft mit beschr\u00e4nkter Haftung (O\u00dc) mit Sitz in Estland und der Registrierungsnummer 16698741, hat ihren Sitz in Tallinn, Rotermanni-Stra\u00dfe 14-32, 10111 Harju, Estland. Dieses Unternehmen ist Eigent\u00fcmer und Betreiber der Website Minuto VIP, die unter folgender Adresse erreichbar ist: <a target=\"_blank\" rel=\"noreferrer noopener\" href=\"\">https:\/\/minutovip.com<\/a>.<\/p>\n<\/div><div class=\"mx-5 sm:mx-0 prose leading-relaxed text-lg mb-5 text-left wp-paragraph\">\n<p>Dieses Portal wird von Minuto VIP betrieben. Wenn in diesem Text von \u201ewir\u201c, \u201eunser\u201c oder \u201euns selbst\u201c die Rede ist, ist Minuto VIP gemeint. Die Nutzung des Portals durch Minuto VIP setzt die vollst\u00e4ndige Akzeptanz der hierin definierten Bedingungen und Richtlinien voraus.<\/p>\n<\/div><div class=\"mx-5 sm:mx-0 prose leading-relaxed text-lg mb-5 text-left wp-paragraph\">\n<p>Minuto VIP ist ein Kanal, der sich auf die Erstellung informativer Inhalte und Analysen zu Produkten und Dienstleistungen (einschlie\u00dflich Apps und Sport) von lokalen und internationalen Anbietern konzentriert. Bitte beachten Sie, dass die Nutzung dieser Website der Zustimmung zu den Nutzungsbedingungen und der Datenschutzrichtlinie unterliegt (<a target=\"_blank\" rel=\"noreferrer noopener\" href=\"\">https:\/\/minutovip.com\/privacy\/<\/a>), in \u00dcbereinstimmung mit den geltenden Rechtsvorschriften.<\/p>\n<\/div><div class=\"mx-5 sm:mx-0 prose leading-relaxed text-lg mb-5 text-left wp-paragraph\">\n<p>Wenn Sie mit einer der hier beschriebenen Bedingungen nicht einverstanden sind, bitten wir Sie, die von Minuto VIP bereitgestellten Dienste nicht zu nutzen.<\/p>\n<\/div><!--advertisement--><div class=\"mx-5 sm:mx-0 sm:text-3xl text-2xl font-medium title-font mb-4 text-gray-900 text-left\">\n<h2 id=\"h-secao-i-acesso-ao-minuto-vip\">Abschnitt I \u2013 Zugang zur VIP-Minute<\/h2>\n<\/div><div class=\"mx-5 sm:mx-0 prose leading-relaxed text-lg mb-5 text-left wp-paragraph\">\n<p><strong>1.1 <\/strong>Mit der Nutzung von Minuto VIP erkl\u00e4ren Sie sich mit den Allgemeinen Nutzungsbedingungen und der Datenschutzrichtlinie einverstanden. <\/p>\n<\/div><div class=\"mx-5 sm:mx-0 prose leading-relaxed text-lg mb-5 text-left wp-paragraph\">\n<p><strong>1.2 <\/strong>Sie best\u00e4tigen, dass Sie mindestens 18 Jahre alt sind und die volle Rechtsf\u00e4higkeit besitzen, diese Bedingungen zu akzeptieren. <\/p>\n<\/div><div class=\"mx-5 sm:mx-0 prose leading-relaxed text-lg mb-5 text-left wp-paragraph\">\n<p><strong>1.3 <\/strong>Wenn Sie die Alterskriterien nicht erf\u00fcllen oder mit den Bedingungen nicht einverstanden sind, sollten Sie die Dienste nicht nutzen.<\/p>\n<\/div><!--advertisement--><div class=\"mx-5 sm:mx-0 sm:text-3xl text-2xl font-medium title-font mb-4 text-gray-900 text-left\">\n<h2 id=\"h-secao-ii-contato\">Abschnitt II \u2013 Kontakt<\/h2>\n<\/div><div class=\"mx-5 sm:mx-0 prose leading-relaxed text-lg mb-5 text-left wp-paragraph\">\n<p><strong>2.1 <\/strong>Den Nutzern steht ein Kundendienstkanal f\u00fcr Fragen, Beschwerden oder Informationsanfragen zur Verf\u00fcgung. <strong>2.2 <\/strong>Die Kontaktaufnahme sollte \u00fcber das Formular unter folgender Adresse erfolgen: <a style=\" color:;\" href=\"\" target=\"_blank\" rel=\"noreferrer noopener\">https:\/\/minutovip.com\/contact\/<\/a>.<\/p>\n<\/div><!--advertisement--><div class=\"mx-5 sm:mx-0 sm:text-3xl text-2xl font-medium title-font mb-4 text-gray-900 text-left\">\n<h2 id=\"h-secao-iii-responsabilidades-das-partes\">Abschnitt III \u2013 Verantwortlichkeiten der Parteien<\/h2>\n<\/div><div class=\"mx-5 sm:mx-0 prose leading-relaxed text-lg mb-5 text-left wp-paragraph\">\n<p><strong>3.1 Annahme:<\/strong> Mit dem Zugriff auf diese Website best\u00e4tigen Sie, dass Sie die Nutzungsbedingungen und Richtlinien verstanden haben und ihnen zustimmen. <\/p>\n<\/div><div class=\"mx-5 sm:mx-0 prose leading-relaxed text-lg mb-5 text-left wp-paragraph\">\n<p><strong>3.2 Externe Links: <\/strong>Wir stellen Links zu Partnern bereit. Die Inanspruchnahme von Dienstleistungen \u00fcber diese Partner erfolgt ohne direkte Beteiligung von Minuto VIP. <\/p>\n<\/div><div class=\"mx-5 sm:mx-0 prose leading-relaxed text-lg mb-5 text-left wp-paragraph\">\n<p><strong>3.3 Partnerseiten: <\/strong>Beim Besuch von Partner-Websites m\u00fcssen Sie deren spezifischen Gesch\u00e4ftsbedingungen und Datenschutzrichtlinien zustimmen. <\/p>\n<\/div><div class=\"mx-5 sm:mx-0 prose leading-relaxed text-lg mb-5 text-left wp-paragraph\">\n<p><strong>3.4 Ausnahme:<\/strong> Wir sind nicht verantwortlich f\u00fcr Bedingungen, Richtlinien oder Transaktionen, die mit Dritten durchgef\u00fchrt werden. <\/p>\n<\/div><div class=\"mx-5 sm:mx-0 prose leading-relaxed text-lg mb-5 text-left wp-paragraph\">\n<p><strong>3.5 Sicherheit:<\/strong> Wir \u00fcbernehmen keine Haftung f\u00fcr Sch\u00e4den, die durch Viren oder Schadsoftware verursacht werden. Halten Sie Ihre Antivirensoftware stets auf dem neuesten Stand. <\/p>\n<\/div><div class=\"mx-5 sm:mx-0 prose leading-relaxed text-lg mb-5 text-left wp-paragraph\">\n<p><strong>3.6 Einschr\u00e4nkung:<\/strong> Minuto VIP \u00fcbernimmt keine Haftung f\u00fcr Sch\u00e4den, die durch Missbrauch der Website oder h\u00f6here Gewalt entstehen. <\/p>\n<\/div><div class=\"mx-5 sm:mx-0 prose leading-relaxed text-lg mb-5 text-left wp-paragraph\">\n<p><strong>3.7 Transaktionen:<\/strong> Minuto VIP verlangt keine Zahlungen, Einzahlungen oder \u00dcberweisungen f\u00fcr die Freigabe von Finanzprodukten. <\/p>\n<\/div><div class=\"mx-5 sm:mx-0 prose leading-relaxed text-lg mb-5 text-left wp-paragraph\">\n<p><strong>3.8 Warnmeldungen:<\/strong> Wir versenden niemals E-Mails, in denen wir nach pers\u00f6nlichen Informationen fragen oder die ausf\u00fchrbare Anh\u00e4nge enthalten.<\/p>\n<\/div><!--advertisement--><div class=\"mx-5 sm:mx-0 sm:text-3xl text-2xl font-medium title-font mb-4 text-gray-900 text-left\">\n<h2 id=\"h-secao-iv-publicidade-de-terceiros-e-tecnologias-de-rastreamento-cookies\">Abschnitt IV \u2013 Werbe- und Tracking-Technologien von Drittanbietern (Cookies)<\/h2>\n<\/div><div class=\"mx-5 sm:mx-0 prose leading-relaxed text-lg mb-5 text-left wp-paragraph\">\n<p><strong>4.1 <\/strong>Minuto VIP verwendet Cookies, um die Benutzererfahrung zu verbessern und Werbung \u00fcber Netzwerke wie... zu personalisieren. <strong>Google AdSense<\/strong>. <\/p>\n<\/div><div class=\"mx-5 sm:mx-0 prose leading-relaxed text-lg mb-5 text-left wp-paragraph\">\n<p><strong>4.2 Google Ads:<\/strong> Google verwendet Cookies, um Ihnen auf Ihre Besuche zugeschnittene Werbung anzuzeigen. Sie k\u00f6nnen personalisierte Werbung hier verwalten oder deaktivieren: <a style=\" color:;\" href=\"\" target=\"_blank\" rel=\"noreferrer noopener\">https:\/\/adssettings.google.com<\/a>. <\/p>\n<\/div><div class=\"mx-5 sm:mx-0 prose leading-relaxed text-lg mb-5 text-left wp-paragraph\">\n<p>4.3 <strong>Opt-out Global:<\/strong> Sie k\u00f6nnen Werbe-Cookies verschiedener Drittanbieter auch deaktivieren, indem Sie folgende Seite besuchen: <a style=\" color:;\" href=\"\" target=\"_blank\" rel=\"noreferrer noopener\">www.aboutads.info<\/a>. <\/p>\n<\/div><div class=\"mx-5 sm:mx-0 prose leading-relaxed text-lg mb-5 text-left wp-paragraph\">\n<p><strong>4.4 <\/strong>Durch das Browsen stimmen Sie der Erfassung von Daten durch diese Anbieter gem\u00e4\u00df unserer Datenschutzrichtlinie zu.<\/p>\n<\/div><!--advertisement--><div class=\"mx-5 sm:mx-0 sm:text-3xl text-2xl font-medium title-font mb-4 text-gray-900 text-left\">\n<h2>Abschnitt V \u2013 Nutzungsregeln und Verbote<\/h2>\n<\/div><div class=\"mx-5 sm:mx-0 prose leading-relaxed text-lg mb-5 text-left wp-paragraph\">\n<p>Es ist strengstens verboten:<\/p>\n<\/div><div class=\"mx-5 sm:mx-0 prose text-left mb-5\">\n<ul><li>Nutzung der Website f\u00fcr illegale Aktivit\u00e4ten.<\/li><li>Versto\u00df gegen lokale oder internationale Vorschriften.<\/li><li>Verletzung von Rechten des geistigen Eigentums.<\/li><li>Bel\u00e4stigung, Missbrauch oder Diskriminierung jeglicher Art.<\/li><li>Verbreitung von Falschinformationen, Viren oder Schadcode.<\/li><li>F\u00fchren Sie folgende T\u00e4tigkeiten aus: <em>Spam, Phishing, Crawling<\/em> oder <em>kratzen<\/em>.<\/li><li>Nutzen Sie die Website f\u00fcr obsz\u00f6ne oder unmoralische Zwecke.<\/li><\/ul>\n<\/div><!--advertisement--><div class=\"mx-5 sm:mx-0 sm:text-3xl text-2xl font-medium title-font mb-4 text-gray-900 text-left\">\n<h2>Abschnitt VI \u2013 Haftungsbeschr\u00e4nkungen und Gew\u00e4hrleistungen<\/h2>\n<\/div><div class=\"mx-5 sm:mx-0 prose leading-relaxed text-lg mb-5 text-left wp-paragraph\">\n<p><strong>6.1 <\/strong>Der Zugriff auf den Dienst kann zeitweise oder ohne vorherige Ank\u00fcndigung unterbrochen sein. <\/p>\n<\/div><div class=\"mx-5 sm:mx-0 prose leading-relaxed text-lg mb-5 text-left wp-paragraph\">\n<p><strong>6.2 <\/strong>Wir stellen den Service \u201ewie besehen\u201c zur Verf\u00fcgung, ohne Gew\u00e4hr f\u00fcr die Genauigkeit oder die vollst\u00e4ndige Zuverl\u00e4ssigkeit der Ergebnisse. <strong>6.3 <\/strong>Minuto VIP und seine Vertreter haften nicht f\u00fcr entgangenen Gewinn, Datenverlust oder immaterielle Sch\u00e4den, die aus der Nutzung des Dienstes entstehen.<\/p>\n<\/div><!--advertisement--><div class=\"mx-5 sm:mx-0 sm:text-3xl text-2xl font-medium title-font mb-4 text-gray-900 text-left\">\n<h2>Abschnitt VII \u2013 G\u00fcltigkeits- und Ablaufzeitraum<\/h2>\n<\/div><div class=\"mx-5 sm:mx-0 prose leading-relaxed text-lg mb-5 text-left wp-paragraph\">\n<p><strong>7.1 <\/strong>Die Bedingungen bleiben auf unbestimmte Zeit g\u00fcltig. <\/p>\n<\/div><div class=\"mx-5 sm:mx-0 prose leading-relaxed text-lg mb-5 text-left wp-paragraph\">\n<p><strong>7.2 <\/strong>Jegliche rechtliche Schritte im Zusammenhang mit der Nutzung der Website m\u00fcssen innerhalb von <strong>90 Tage<\/strong> Ausgehend vom ausl\u00f6senden Ereignis.<\/p>\n<\/div><!--advertisement--><div class=\"mx-5 sm:mx-0 sm:text-3xl text-2xl font-medium title-font mb-4 text-gray-900 text-left\">\n<h2>Abschnitt VIII \u2013 Anwendbares Recht und Gerichtsstand<\/h2>\n<\/div><div class=\"mx-5 sm:mx-0 prose leading-relaxed text-lg mb-5 text-left wp-paragraph\">\n<p><strong>8.1 Rechtliche Regelung:<\/strong> Diese Bedingungen unterliegen den Gesetzen der F\u00f6derativen Republik Brasilien (Zivilgesetzbuch, Verbraucherschutzgesetz, Marco Civil da Internet [Brasilianische Internet-Grundrechtecharta] und LGPD [Brasilianisches Allgemeines Datenschutzgesetz]). <\/p>\n<\/div><div class=\"mx-5 sm:mx-0 prose leading-relaxed text-lg mb-5 text-left wp-paragraph\">\n<p><strong>8.2 Forum:<\/strong> Um dem Nutzer den Zugang zum Recht zu gew\u00e4hrleisten, wird das Gericht am Wohnsitz des Nutzers als Gerichtsstand f\u00fcr die Beilegung von Streitigkeiten aus diesen Bedingungen oder der Datenschutzrichtlinie gew\u00e4hlt.<\/p>\n<\/div><!--advertisement--><div class=\"mx-5 sm:mx-0 sm:text-3xl text-2xl font-medium title-font mb-4 text-gray-900 text-left\">\n<h2>Abschnitt IX \u2013 Rechte an geistigem Eigentum<\/h2>\n<\/div><div class=\"mx-5 sm:mx-0 prose leading-relaxed text-lg mb-5 text-left wp-paragraph\">\n<p><strong>9.1 <\/strong>Die Inhalte von MinutoVip O\u00dc sind urheberrechtlich gesch\u00fctzt. Jegliche Vervielf\u00e4ltigung oder \u00c4nderung ohne vorherige schriftliche Genehmigung ist untersagt. <\/p>\n<\/div><div class=\"mx-5 sm:mx-0 prose leading-relaxed text-lg mb-5 text-left wp-paragraph\">\n<p><strong>9.2 <\/strong>Wir behalten uns das Recht vor, Inhalte zu entfernen, die gegen diese Bedingungen versto\u00dfen oder die Rechte Dritter verletzen.<\/p>\n<\/div><!--advertisement--><div class=\"mx-5 sm:mx-0 sm:text-3xl text-2xl font-medium title-font mb-4 text-gray-900 text-left\">\n<h2>Abschnitt X \u2013 \u00c4nderung der Vertragsbedingungen<\/h2>\n<\/div><div class=\"mx-5 sm:mx-0 prose leading-relaxed text-lg mb-5 text-left wp-paragraph\">\n<p><strong>10.1 <\/strong>Minuto VIP beh\u00e4lt sich das Recht vor, die Dienstleistungen jederzeit ohne vorherige Ank\u00fcndigung zu \u00e4ndern oder einzustellen. <\/p>\n<\/div><div class=\"mx-5 sm:mx-0 prose leading-relaxed text-lg mb-5 text-left wp-paragraph\">\n<p><strong>10.2 <\/strong>Die weitere Nutzung der Website setzt die Akzeptanz der aktualisierten Nutzungsbedingungen voraus.<\/p>\n<\/div><!--advertisement--><div class=\"mx-5 sm:mx-0 sm:text-3xl text-2xl font-medium title-font mb-4 text-gray-900 text-left\">\n<h2>Abschnitt XI \u2013 Kontaktinformationen<\/h2>\n<\/div><div class=\"mx-5 sm:mx-0 prose leading-relaxed text-lg mb-5 text-left wp-paragraph\">\n<p>Bei Fragen nutzen Sie bitte das Formular unter: <a target=\"_blank\" rel=\"noreferrer noopener\" href=\"\">https:\/\/minutovip.com\/contact\/<\/a>.<\/p>\n<\/div>","protected":false},"excerpt":{"rendered":"<p>Atualizado em 17 de Fevereiro de 2026. A MinutoVip O\u00dc, uma empresa de responsabilidade limitada sediada na Est\u00f4nia (O\u00dc), com o n\u00famero de registro 16698741, tem seu escrit\u00f3rio localizado em Tallinn, na Rua Rotermanni tn 14-32, 10111, Harju, Est\u00f4nia. Esta empresa \u00e9 propriet\u00e1ria e operadora do site Minuto VIP, dispon\u00edvel em https:\/\/minutovip.com. O Minuto VIP&hellip; <a class=\"more-link\" href=\"https:\/\/minutovip.com\/de\/terms\/\">Weiterlesen <span class=\"screen-reader-text\">Nutzungsbedingungen \u2013 Minuto VIP<\/span><\/a><\/p>","protected":false},"author":3,"featured_media":0,"parent":0,"menu_order":0,"comment_status":"closed","ping_status":"closed","template":"","meta":[],"yoast_head":"<!-- This site is optimized with the Yoast SEO Premium plugin v18.7 (Yoast SEO v19.1) - https:\/\/yoast.com\/wordpress\/plugins\/seo\/ -->\n<title>Termos de Uso - Minuto VIP - Minuto VIP<\/title>\n<meta name=\"robots\" content=\"index, follow, max-snippet:-1, max-image-preview:large, max-video-preview:-1\" \/>\n<link rel=\"canonical\" href=\"https:\/\/minutovip.com\/de\/terms\/\" \/>\n<meta property=\"og:locale\" content=\"de_DE\" \/>\n<meta property=\"og:type\" content=\"article\" \/>\n<meta property=\"og:title\" content=\"Termos de Uso - Minuto VIP\" \/>\n<meta property=\"og:description\" content=\"Atualizado em 17 de Fevereiro de 2026. A MinutoVip O\u00dc, uma empresa de responsabilidade limitada sediada na Est\u00f4nia (O\u00dc), com o n\u00famero de registro 16698741, tem seu escrit\u00f3rio localizado em Tallinn, na Rua Rotermanni tn 14-32, 10111, Harju, Est\u00f4nia. Esta empresa \u00e9 propriet\u00e1ria e operadora do site Minuto VIP, dispon\u00edvel em https:\/\/minutovip.com. O Minuto VIP&hellip; Continue reading Termos de Uso &#8211; Minuto VIP\" \/>\n<meta property=\"og:url\" content=\"https:\/\/minutovip.com\/de\/terms\/\" \/>\n<meta property=\"og:site_name\" content=\"Minuto VIP\" \/>\n<meta property=\"article:modified_time\" content=\"2026-02-17T17:17:45+00:00\" \/>\n<meta name=\"twitter:card\" content=\"summary_large_image\" \/>\n<meta name=\"twitter:label1\" content=\"Est. reading time\" \/>\n\t<meta name=\"twitter:data1\" content=\"5 Minuten\" \/>\n<script type=\"application\/ld+json\" class=\"yoast-schema-graph\">{\"@context\":\"https:\/\/schema.org\",\"@graph\":[{\"@type\":\"WebSite\",\"@id\":\"https:\/\/minutovip.com\/#website\",\"url\":\"https:\/\/minutovip.com\/\",\"name\":\"Minuto VIP\",\"description\":\"O Minuto vip \u00e9 um site online que oferece not\u00edcias atualizadas do mundo do Futebol\",\"potentialAction\":[{\"@type\":\"SearchAction\",\"target\":{\"@type\":\"EntryPoint\",\"urlTemplate\":\"https:\/\/minutovip.com\/?s={search_term_string}\"},\"query-input\":\"required name=search_term_string\"}],\"inLanguage\":\"de-DE\"},{\"@type\":\"WebPage\",\"@id\":\"https:\/\/minutovip.com\/terms\/#webpage\",\"url\":\"https:\/\/minutovip.com\/terms\/\",\"name\":\"Termos de Uso - Minuto VIP - Minuto VIP\",\"isPartOf\":{\"@id\":\"https:\/\/minutovip.com\/#website\"},\"datePublished\":\"2022-10-26T14:45:21+00:00\",\"dateModified\":\"2026-02-17T17:17:45+00:00\",\"breadcrumb\":{\"@id\":\"https:\/\/minutovip.com\/terms\/#breadcrumb\"},\"inLanguage\":\"de-DE\",\"potentialAction\":[{\"@type\":\"ReadAction\",\"target\":[\"https:\/\/minutovip.com\/terms\/\"]}]},{\"@type\":\"BreadcrumbList\",\"@id\":\"https:\/\/minutovip.com\/terms\/#breadcrumb\",\"itemListElement\":[{\"@type\":\"ListItem\",\"position\":1,\"name\":\"Home\",\"item\":\"https:\/\/minutovip.com\/\"},{\"@type\":\"ListItem\",\"position\":2,\"name\":\"Termos de Uso &#8211; Minuto VIP\"}]}]}<\/script>\n<!-- \/ Yoast SEO Premium plugin. -->","yoast_head_json":{"title":"Termos de Uso - Minuto VIP - Minuto VIP","robots":{"index":"index","follow":"follow","max-snippet":"max-snippet:-1","max-image-preview":"max-image-preview:large","max-video-preview":"max-video-preview:-1"},"canonical":"https:\/\/minutovip.com\/de\/terms\/","og_locale":"de_DE","og_type":"article","og_title":"Termos de Uso - Minuto VIP","og_description":"Atualizado em 17 de Fevereiro de 2026. A MinutoVip O\u00dc, uma empresa de responsabilidade limitada sediada na Est\u00f4nia (O\u00dc), com o n\u00famero de registro 16698741, tem seu escrit\u00f3rio localizado em Tallinn, na Rua Rotermanni tn 14-32, 10111, Harju, Est\u00f4nia. Esta empresa \u00e9 propriet\u00e1ria e operadora do site Minuto VIP, dispon\u00edvel em https:\/\/minutovip.com. O Minuto VIP&hellip; Continue reading Termos de Uso &#8211; Minuto VIP","og_url":"https:\/\/minutovip.com\/de\/terms\/","og_site_name":"Minuto VIP","article_modified_time":"2026-02-17T17:17:45+00:00","twitter_card":"summary_large_image","twitter_misc":{"Est. reading time":"5 Minuten"},"schema":{"@context":"https:\/\/schema.org","@graph":[{"@type":"WebSite","@id":"https:\/\/minutovip.com\/#website","url":"https:\/\/minutovip.com\/","name":"Minuto VIP","description":"O Minuto vip \u00e9 um site online que oferece not\u00edcias atualizadas do mundo do Futebol","potentialAction":[{"@type":"SearchAction","target":{"@type":"EntryPoint","urlTemplate":"https:\/\/minutovip.com\/?s={search_term_string}"},"query-input":"required name=search_term_string"}],"inLanguage":"de-DE"},{"@type":"WebPage","@id":"https:\/\/minutovip.com\/terms\/#webpage","url":"https:\/\/minutovip.com\/terms\/","name":"Termos de Uso - Minuto VIP - Minuto VIP","isPartOf":{"@id":"https:\/\/minutovip.com\/#website"},"datePublished":"2022-10-26T14:45:21+00:00","dateModified":"2026-02-17T17:17:45+00:00","breadcrumb":{"@id":"https:\/\/minutovip.com\/terms\/#breadcrumb"},"inLanguage":"de-DE","potentialAction":[{"@type":"ReadAction","target":["https:\/\/minutovip.com\/terms\/"]}]},{"@type":"BreadcrumbList","@id":"https:\/\/minutovip.com\/terms\/#breadcrumb","itemListElement":[{"@type":"ListItem","position":1,"name":"Home","item":"https:\/\/minutovip.com\/"},{"@type":"ListItem","position":2,"name":"Termos de Uso &#8211; Minuto VIP"}]}]}},"_links":{"self":[{"href":"https:\/\/minutovip.com\/de\/wp-json\/wp\/v2\/pages\/94"}],"collection":[{"href":"https:\/\/minutovip.com\/de\/wp-json\/wp\/v2\/pages"}],"about":[{"href":"https:\/\/minutovip.com\/de\/wp-json\/wp\/v2\/types\/page"}],"author":[{"embeddable":true,"href":"https:\/\/minutovip.com\/de\/wp-json\/wp\/v2\/users\/3"}],"replies":[{"embeddable":true,"href":"https:\/\/minutovip.com\/de\/wp-json\/wp\/v2\/comments?post=94"}],"version-history":[{"count":0,"href":"https:\/\/minutovip.com\/de\/wp-json\/wp\/v2\/pages\/94\/revisions"}],"wp:attachment":[{"href":"https:\/\/minutovip.com\/de\/wp-json\/wp\/v2\/media?parent=94"}],"curies":[{"name":"wp","href":"https:\/\/api.w.org\/{rel}","templated":true}]}}