{"id":94,"date":"2022-10-26T14:45:21","date_gmt":"2022-10-26T14:45:21","guid":{"rendered":"https:\/\/minutovip.com\/?page_id=94"},"modified":"2026-02-17T17:17:45","modified_gmt":"2026-02-17T17:17:45","slug":"terms","status":"publish","type":"page","link":"https:\/\/minutovip.com\/fr\/terms\/","title":{"rendered":"Conditions d&#039;utilisation \u2013 Minuto VIP"},"content":{"rendered":"<div class=\"mx-5 sm:mx-0 prose leading-relaxed text-lg mb-5 text-left wp-paragraph\">\n<p>Mise \u00e0 jour le 17 f\u00e9vrier 2026.<\/p>\n<\/div><div class=\"mx-5 sm:mx-0 prose leading-relaxed text-lg mb-5 text-left wp-paragraph\">\n<p>LE <strong>MinutoVip O\u00dc<\/strong>La soci\u00e9t\u00e9 Minuto VIP, soci\u00e9t\u00e9 \u00e0 responsabilit\u00e9 limit\u00e9e de droit estonien (O\u00dc) immatricul\u00e9e sous le num\u00e9ro 16698741, a son si\u00e8ge social \u00e0 Tallinn, au 14-32 rue Rotermanni, 10111 Harju, Estonie. Cette soci\u00e9t\u00e9 est propri\u00e9taire et exploitante du site web Minuto VIP, accessible \u00e0 l&#039;adresse suivante\u00a0: <a target=\"_blank\" rel=\"noreferrer noopener\" href=\"\">https:\/\/minutovip.com<\/a>.<\/p>\n<\/div><div class=\"mx-5 sm:mx-0 prose leading-relaxed text-lg mb-5 text-left wp-paragraph\">\n<p>Minuto VIP g\u00e8re ce portail. Lorsque nous utilisons les termes \u00ab nous \u00bb, \u00ab notre \u00bb ou \u00ab nos \u00bb dans ce texte, nous faisons directement r\u00e9f\u00e9rence \u00e0 Minuto VIP. L\u2019acc\u00e8s \u00e0 ce portail est conditionn\u00e9 \u00e0 l\u2019acceptation pleine et enti\u00e8re des conditions g\u00e9n\u00e9rales et politiques d\u00e9finies ici.<\/p>\n<\/div><div class=\"mx-5 sm:mx-0 prose leading-relaxed text-lg mb-5 text-left wp-paragraph\">\n<p>Minuto VIP est une cha\u00eene ax\u00e9e sur la cr\u00e9ation de contenu informatif et d&#039;analyses sur les produits et services (y compris les applications et le sport) de fournisseurs locaux et internationaux. Veuillez noter que l&#039;utilisation de ce site est soumise \u00e0 l&#039;acceptation des conditions d&#039;utilisation et de la politique de confidentialit\u00e9 (<a target=\"_blank\" rel=\"noreferrer noopener\" href=\"\">https:\/\/minutovip.com\/privacy\/<\/a>), conform\u00e9ment \u00e0 la l\u00e9gislation applicable.<\/p>\n<\/div><div class=\"mx-5 sm:mx-0 prose leading-relaxed text-lg mb-5 text-left wp-paragraph\">\n<p>Si vous n&#039;\u00eates pas d&#039;accord avec l&#039;une des conditions d\u00e9crites ici, nous vous demandons de ne pas utiliser les services fournis par Minuto VIP.<\/p>\n<\/div><!--advertisement--><div class=\"mx-5 sm:mx-0 sm:text-3xl text-2xl font-medium title-font mb-4 text-gray-900 text-left\">\n<h2 id=\"h-secao-i-acesso-ao-minuto-vip\">Section I \u2013 Acc\u00e8s \u00e0 la minute VIP<\/h2>\n<\/div><div class=\"mx-5 sm:mx-0 prose leading-relaxed text-lg mb-5 text-left wp-paragraph\">\n<p><strong>1.1 <\/strong>En utilisant Minuto VIP, vous acceptez de respecter les Conditions g\u00e9n\u00e9rales d&#039;utilisation et la Politique de confidentialit\u00e9. <\/p>\n<\/div><div class=\"mx-5 sm:mx-0 prose leading-relaxed text-lg mb-5 text-left wp-paragraph\">\n<p><strong>1.2 <\/strong>Vous affirmez \u00eatre \u00e2g\u00e9 d&#039;au moins 18 ans et avoir la pleine capacit\u00e9 juridique d&#039;accepter les pr\u00e9sentes conditions. <\/p>\n<\/div><div class=\"mx-5 sm:mx-0 prose leading-relaxed text-lg mb-5 text-left wp-paragraph\">\n<p><strong>1.3 <\/strong>Si vous ne remplissez pas les conditions d&#039;\u00e2ge ou si vous n&#039;\u00eates pas d&#039;accord avec les conditions, vous devez vous abstenir d&#039;acc\u00e9der aux services.<\/p>\n<\/div><!--advertisement--><div class=\"mx-5 sm:mx-0 sm:text-3xl text-2xl font-medium title-font mb-4 text-gray-900 text-left\">\n<h2 id=\"h-secao-ii-contato\">Section II \u2013 Contact<\/h2>\n<\/div><div class=\"mx-5 sm:mx-0 prose leading-relaxed text-lg mb-5 text-left wp-paragraph\">\n<p><strong>2.1 <\/strong>Les utilisateurs ont acc\u00e8s \u00e0 un canal de service client pour toute question, r\u00e9clamation ou demande d&#039;information. <strong>2.2 <\/strong>La prise de contact doit se faire via le formulaire \u00e0 l&#039;adresse suivante\u00a0: <a style=\" color:;\" href=\"\" target=\"_blank\" rel=\"noreferrer noopener\">https:\/\/minutovip.com\/contact\/<\/a>.<\/p>\n<\/div><!--advertisement--><div class=\"mx-5 sm:mx-0 sm:text-3xl text-2xl font-medium title-font mb-4 text-gray-900 text-left\">\n<h2 id=\"h-secao-iii-responsabilidades-das-partes\">Section III \u2013 Responsabilit\u00e9s des parties<\/h2>\n<\/div><div class=\"mx-5 sm:mx-0 prose leading-relaxed text-lg mb-5 text-left wp-paragraph\">\n<p><strong>3.1 Acceptation :<\/strong> En acc\u00e9dant \u00e0 ce site, vous confirmez avoir compris et accept\u00e9 les conditions g\u00e9n\u00e9rales et les politiques. <\/p>\n<\/div><div class=\"mx-5 sm:mx-0 prose leading-relaxed text-lg mb-5 text-left wp-paragraph\">\n<p><strong>3.2 Liens externes\u00a0: <\/strong>Nous fournissons des liens vers nos partenaires. La sous-traitance des services par l&#039;interm\u00e9diaire de ces partenaires se fait sans intervention directe de Minuto VIP. <\/p>\n<\/div><div class=\"mx-5 sm:mx-0 prose leading-relaxed text-lg mb-5 text-left wp-paragraph\">\n<p><strong>3.3 Sites partenaires\u00a0: <\/strong>Lorsque vous consultez les sites web de nos partenaires, vous devez accepter leurs conditions g\u00e9n\u00e9rales et politiques de confidentialit\u00e9. <\/p>\n<\/div><div class=\"mx-5 sm:mx-0 prose leading-relaxed text-lg mb-5 text-left wp-paragraph\">\n<p><strong>3.4 Exemption :<\/strong> Nous ne sommes pas responsables des conditions, politiques ou transactions effectu\u00e9es avec des tiers. <\/p>\n<\/div><div class=\"mx-5 sm:mx-0 prose leading-relaxed text-lg mb-5 text-left wp-paragraph\">\n<p><strong>3.5 S\u00e9curit\u00e9 :<\/strong> Nous d\u00e9clinons toute responsabilit\u00e9 en cas de dommages caus\u00e9s par des virus ou des logiciels malveillants. Veuillez maintenir votre logiciel antivirus \u00e0 jour. <\/p>\n<\/div><div class=\"mx-5 sm:mx-0 prose leading-relaxed text-lg mb-5 text-left wp-paragraph\">\n<p><strong>3.6 Limitation :<\/strong> Minuto VIP d\u00e9cline toute responsabilit\u00e9 pour les dommages r\u00e9sultant d&#039;une mauvaise utilisation du site ou d&#039;un cas de force majeure. <\/p>\n<\/div><div class=\"mx-5 sm:mx-0 prose leading-relaxed text-lg mb-5 text-left wp-paragraph\">\n<p><strong>3.7 Transactions :<\/strong> Minuto VIP ne demande aucun paiement, d\u00e9p\u00f4t ou virement pour la mise \u00e0 disposition de produits financiers. <\/p>\n<\/div><div class=\"mx-5 sm:mx-0 prose leading-relaxed text-lg mb-5 text-left wp-paragraph\">\n<p><strong>3.8 Alertes :<\/strong> Nous n&#039;envoyons jamais de courriels demandant des renseignements personnels ou contenant des pi\u00e8ces jointes ex\u00e9cutables.<\/p>\n<\/div><!--advertisement--><div class=\"mx-5 sm:mx-0 sm:text-3xl text-2xl font-medium title-font mb-4 text-gray-900 text-left\">\n<h2 id=\"h-secao-iv-publicidade-de-terceiros-e-tecnologias-de-rastreamento-cookies\">Section IV \u2013 Technologies de publicit\u00e9 et de suivi tierces (cookies)<\/h2>\n<\/div><div class=\"mx-5 sm:mx-0 prose leading-relaxed text-lg mb-5 text-left wp-paragraph\">\n<p><strong>4.1 <\/strong>Minuto VIP utilise des cookies pour am\u00e9liorer l&#039;exp\u00e9rience utilisateur et personnaliser les publicit\u00e9s via des r\u00e9seaux tels que... <strong>Google adsense<\/strong>. <\/p>\n<\/div><div class=\"mx-5 sm:mx-0 prose leading-relaxed text-lg mb-5 text-left wp-paragraph\">\n<p><strong>4.2 Annonces Google\u00a0:<\/strong> Google utilise des cookies pour afficher des annonces en fonction de vos visites. Vous pouvez g\u00e9rer ou d\u00e9sactiver la personnalisation des annonces ici\u00a0: <a style=\" color:;\" href=\"\" target=\"_blank\" rel=\"noreferrer noopener\">https:\/\/adssettings.google.com<\/a>. <\/p>\n<\/div><div class=\"mx-5 sm:mx-0 prose leading-relaxed text-lg mb-5 text-left wp-paragraph\">\n<p>4.3 <strong>Opt-out global\u00a0:<\/strong> Vous pouvez \u00e9galement d\u00e9sactiver les cookies publicitaires de diff\u00e9rents fournisseurs tiers en visitant\u00a0: <a style=\" color:;\" href=\"\" target=\"_blank\" rel=\"noreferrer noopener\">www.aboutads.info<\/a>. <\/p>\n<\/div><div class=\"mx-5 sm:mx-0 prose leading-relaxed text-lg mb-5 text-left wp-paragraph\">\n<p><strong>4.4 <\/strong>En naviguant sur ce site, vous acceptez la collecte de donn\u00e9es par ces fournisseurs, conform\u00e9ment \u00e0 notre politique de confidentialit\u00e9.<\/p>\n<\/div><!--advertisement--><div class=\"mx-5 sm:mx-0 sm:text-3xl text-2xl font-medium title-font mb-4 text-gray-900 text-left\">\n<h2>Section V \u2013 R\u00e8gles d\u2019utilisation et interdictions<\/h2>\n<\/div><div class=\"mx-5 sm:mx-0 prose leading-relaxed text-lg mb-5 text-left wp-paragraph\">\n<p>C&#039;est strictement interdit :<\/p>\n<\/div><div class=\"mx-5 sm:mx-0 prose text-left mb-5\">\n<ul><li>Utiliser le site pour des activit\u00e9s ill\u00e9gales.<\/li><li>Violation des r\u00e9glementations locales ou internationales.<\/li><li>Violation des droits de propri\u00e9t\u00e9 intellectuelle.<\/li><li>Se livrer \u00e0 du harc\u00e8lement, des abus ou de la discrimination de quelque nature que ce soit.<\/li><li>Diffuser de fausses informations, des virus ou des codes malveillants.<\/li><li>Effectuer des activit\u00e9s de <em>spam, phishing, crawl<\/em> ou <em>gratter<\/em>.<\/li><li>Utiliser le site Web \u00e0 des fins obsc\u00e8nes ou immorales.<\/li><\/ul>\n<\/div><!--advertisement--><div class=\"mx-5 sm:mx-0 sm:text-3xl text-2xl font-medium title-font mb-4 text-gray-900 text-left\">\n<h2>Section VI \u2013 Limitations de responsabilit\u00e9 et garanties<\/h2>\n<\/div><div class=\"mx-5 sm:mx-0 prose leading-relaxed text-lg mb-5 text-left wp-paragraph\">\n<p><strong>6.1 <\/strong>L&#039;acc\u00e8s au service peut \u00eatre intermittent ou faire l&#039;objet d&#039;interruptions sans pr\u00e9avis. <\/p>\n<\/div><div class=\"mx-5 sm:mx-0 prose leading-relaxed text-lg mb-5 text-left wp-paragraph\">\n<p><strong>6.2 <\/strong>Nous fournissons le service \u00ab tel quel \u00bb, sans garantie d&#039;exactitude ni de fiabilit\u00e9 compl\u00e8te des r\u00e9sultats. <strong>6.3 <\/strong>Minuto VIP et ses repr\u00e9sentants ne seront pas responsables des pertes de profits, de donn\u00e9es ou des dommages immat\u00e9riels d\u00e9coulant de l&#039;utilisation du service.<\/p>\n<\/div><!--advertisement--><div class=\"mx-5 sm:mx-0 sm:text-3xl text-2xl font-medium title-font mb-4 text-gray-900 text-left\">\n<h2>Section VII \u2013 P\u00e9riode de validit\u00e9 et d\u2019expiration<\/h2>\n<\/div><div class=\"mx-5 sm:mx-0 prose leading-relaxed text-lg mb-5 text-left wp-paragraph\">\n<p><strong>7.1 <\/strong>Ces conditions restent valables ind\u00e9finiment. <\/p>\n<\/div><div class=\"mx-5 sm:mx-0 prose leading-relaxed text-lg mb-5 text-left wp-paragraph\">\n<p><strong>7.2 <\/strong>Toute action en justice relative \u00e0 l&#039;utilisation du site doit \u00eatre intent\u00e9e dans un d\u00e9lai de [d\u00e9lai manquant]. <strong>90 jours<\/strong> \u00e0 commencer par l&#039;\u00e9v\u00e9nement d\u00e9clencheur.<\/p>\n<\/div><!--advertisement--><div class=\"mx-5 sm:mx-0 sm:text-3xl text-2xl font-medium title-font mb-4 text-gray-900 text-left\">\n<h2>Section VIII \u2013 Droit applicable et juridiction comp\u00e9tente<\/h2>\n<\/div><div class=\"mx-5 sm:mx-0 prose leading-relaxed text-lg mb-5 text-left wp-paragraph\">\n<p><strong>8.1 R\u00e9glementation l\u00e9gale :<\/strong> Les pr\u00e9sentes conditions g\u00e9n\u00e9rales sont r\u00e9gies par les lois de la R\u00e9publique f\u00e9d\u00e9rative du Br\u00e9sil (Code civil, Code de la protection des consommateurs, Marco Civil da Internet [Charte civile br\u00e9silienne des droits sur Internet] et LGPD [Loi g\u00e9n\u00e9rale br\u00e9silienne sur la protection des donn\u00e9es]). <\/p>\n<\/div><div class=\"mx-5 sm:mx-0 prose leading-relaxed text-lg mb-5 text-left wp-paragraph\">\n<p><strong>8.2 Forum :<\/strong> Afin de garantir l&#039;acc\u00e8s de l&#039;utilisateur \u00e0 la justice, le tribunal du domicile de l&#039;utilisateur est choisi comme forum pour r\u00e9soudre tout litige d\u00e9coulant des pr\u00e9sentes Conditions ou de la Politique de confidentialit\u00e9.<\/p>\n<\/div><!--advertisement--><div class=\"mx-5 sm:mx-0 sm:text-3xl text-2xl font-medium title-font mb-4 text-gray-900 text-left\">\n<h2>Section IX \u2013 Droits de propri\u00e9t\u00e9 intellectuelle<\/h2>\n<\/div><div class=\"mx-5 sm:mx-0 prose leading-relaxed text-lg mb-5 text-left wp-paragraph\">\n<p><strong>9.1 <\/strong>Le contenu appartenant \u00e0 MinutoVip O\u00dc est prot\u00e9g\u00e9 par le droit d&#039;auteur. Toute reproduction ou modification sans autorisation \u00e9crite pr\u00e9alable est interdite. <\/p>\n<\/div><div class=\"mx-5 sm:mx-0 prose leading-relaxed text-lg mb-5 text-left wp-paragraph\">\n<p><strong>9.2 <\/strong>Nous nous r\u00e9servons le droit de supprimer tout contenu qui enfreint les pr\u00e9sentes conditions ou porte atteinte aux droits de tiers.<\/p>\n<\/div><!--advertisement--><div class=\"mx-5 sm:mx-0 sm:text-3xl text-2xl font-medium title-font mb-4 text-gray-900 text-left\">\n<h2>Section X \u2013 Modification des conditions<\/h2>\n<\/div><div class=\"mx-5 sm:mx-0 prose leading-relaxed text-lg mb-5 text-left wp-paragraph\">\n<p><strong>10.1 <\/strong>Minuto VIP peut modifier ou interrompre ses services \u00e0 tout moment et sans pr\u00e9avis. <\/p>\n<\/div><div class=\"mx-5 sm:mx-0 prose leading-relaxed text-lg mb-5 text-left wp-paragraph\">\n<p><strong>10.2 <\/strong>La poursuite de l&#039;utilisation du site implique l&#039;acceptation des conditions mises \u00e0 jour.<\/p>\n<\/div><!--advertisement--><div class=\"mx-5 sm:mx-0 sm:text-3xl text-2xl font-medium title-font mb-4 text-gray-900 text-left\">\n<h2>Section XI \u2013 Informations de contact<\/h2>\n<\/div><div class=\"mx-5 sm:mx-0 prose leading-relaxed text-lg mb-5 text-left wp-paragraph\">\n<p>Pour toute question, veuillez utiliser le formulaire \u00e0 l&#039;adresse suivante\u00a0: <a target=\"_blank\" rel=\"noreferrer noopener\" href=\"\">https:\/\/minutovip.com\/contact\/<\/a>.<\/p>\n<\/div>","protected":false},"excerpt":{"rendered":"<p>Mise \u00e0 jour\u00a0: 17 f\u00e9vrier 2026. MinutoVip O\u00dc, soci\u00e9t\u00e9 \u00e0 responsabilit\u00e9 limit\u00e9e de droit estonien (O\u00dc), immatricul\u00e9e sous le num\u00e9ro 16698741, a son si\u00e8ge social \u00e0 Tallinn, au 14-32 rue Rotermanni, 10111 Harju, Estonie. Cette soci\u00e9t\u00e9 est propri\u00e9taire et exploitante du site web Minuto VIP, accessible \u00e0 l\u2019adresse https:\/\/minutovip.com. Minuto VIP\u2026 <a class=\"more-link\" href=\"https:\/\/minutovip.com\/fr\/terms\/\">continuer la lecture <span class=\"screen-reader-text\">Conditions d&#039;utilisation \u2013 Minuto VIP<\/span><\/a><\/p>","protected":false},"author":3,"featured_media":0,"parent":0,"menu_order":0,"comment_status":"closed","ping_status":"closed","template":"","meta":[],"yoast_head":"<!-- This site is optimized with the Yoast SEO Premium plugin v18.7 (Yoast SEO v19.1) - https:\/\/yoast.com\/wordpress\/plugins\/seo\/ -->\n<title>Termos de Uso - Minuto VIP - Minuto VIP<\/title>\n<meta name=\"robots\" content=\"index, follow, max-snippet:-1, max-image-preview:large, max-video-preview:-1\" \/>\n<link rel=\"canonical\" href=\"https:\/\/minutovip.com\/fr\/terms\/\" \/>\n<meta property=\"og:locale\" content=\"fr_FR\" \/>\n<meta property=\"og:type\" content=\"article\" \/>\n<meta property=\"og:title\" content=\"Termos de Uso - Minuto VIP\" \/>\n<meta property=\"og:description\" content=\"Atualizado em 17 de Fevereiro de 2026. A MinutoVip O\u00dc, uma empresa de responsabilidade limitada sediada na Est\u00f4nia (O\u00dc), com o n\u00famero de registro 16698741, tem seu escrit\u00f3rio localizado em Tallinn, na Rua Rotermanni tn 14-32, 10111, Harju, Est\u00f4nia. Esta empresa \u00e9 propriet\u00e1ria e operadora do site Minuto VIP, dispon\u00edvel em https:\/\/minutovip.com. O Minuto VIP&hellip; Continue reading Termos de Uso &#8211; Minuto VIP\" \/>\n<meta property=\"og:url\" content=\"https:\/\/minutovip.com\/fr\/terms\/\" \/>\n<meta property=\"og:site_name\" content=\"Minuto VIP\" \/>\n<meta property=\"article:modified_time\" content=\"2026-02-17T17:17:45+00:00\" \/>\n<meta name=\"twitter:card\" content=\"summary_large_image\" \/>\n<meta name=\"twitter:label1\" content=\"Est. reading time\" \/>\n\t<meta name=\"twitter:data1\" content=\"5 minutes\" \/>\n<script type=\"application\/ld+json\" class=\"yoast-schema-graph\">{\"@context\":\"https:\/\/schema.org\",\"@graph\":[{\"@type\":\"WebSite\",\"@id\":\"https:\/\/minutovip.com\/#website\",\"url\":\"https:\/\/minutovip.com\/\",\"name\":\"Minuto VIP\",\"description\":\"O Minuto vip \u00e9 um site online que oferece not\u00edcias atualizadas do mundo do Futebol\",\"potentialAction\":[{\"@type\":\"SearchAction\",\"target\":{\"@type\":\"EntryPoint\",\"urlTemplate\":\"https:\/\/minutovip.com\/?s={search_term_string}\"},\"query-input\":\"required name=search_term_string\"}],\"inLanguage\":\"fr-FR\"},{\"@type\":\"WebPage\",\"@id\":\"https:\/\/minutovip.com\/terms\/#webpage\",\"url\":\"https:\/\/minutovip.com\/terms\/\",\"name\":\"Termos de Uso - Minuto VIP - Minuto VIP\",\"isPartOf\":{\"@id\":\"https:\/\/minutovip.com\/#website\"},\"datePublished\":\"2022-10-26T14:45:21+00:00\",\"dateModified\":\"2026-02-17T17:17:45+00:00\",\"breadcrumb\":{\"@id\":\"https:\/\/minutovip.com\/terms\/#breadcrumb\"},\"inLanguage\":\"fr-FR\",\"potentialAction\":[{\"@type\":\"ReadAction\",\"target\":[\"https:\/\/minutovip.com\/terms\/\"]}]},{\"@type\":\"BreadcrumbList\",\"@id\":\"https:\/\/minutovip.com\/terms\/#breadcrumb\",\"itemListElement\":[{\"@type\":\"ListItem\",\"position\":1,\"name\":\"Home\",\"item\":\"https:\/\/minutovip.com\/\"},{\"@type\":\"ListItem\",\"position\":2,\"name\":\"Termos de Uso &#8211; Minuto VIP\"}]}]}<\/script>\n<!-- \/ Yoast SEO Premium plugin. -->","yoast_head_json":{"title":"Termos de Uso - Minuto VIP - Minuto VIP","robots":{"index":"index","follow":"follow","max-snippet":"max-snippet:-1","max-image-preview":"max-image-preview:large","max-video-preview":"max-video-preview:-1"},"canonical":"https:\/\/minutovip.com\/fr\/terms\/","og_locale":"fr_FR","og_type":"article","og_title":"Termos de Uso - Minuto VIP","og_description":"Atualizado em 17 de Fevereiro de 2026. A MinutoVip O\u00dc, uma empresa de responsabilidade limitada sediada na Est\u00f4nia (O\u00dc), com o n\u00famero de registro 16698741, tem seu escrit\u00f3rio localizado em Tallinn, na Rua Rotermanni tn 14-32, 10111, Harju, Est\u00f4nia. Esta empresa \u00e9 propriet\u00e1ria e operadora do site Minuto VIP, dispon\u00edvel em https:\/\/minutovip.com. O Minuto VIP&hellip; Continue reading Termos de Uso &#8211; Minuto VIP","og_url":"https:\/\/minutovip.com\/fr\/terms\/","og_site_name":"Minuto VIP","article_modified_time":"2026-02-17T17:17:45+00:00","twitter_card":"summary_large_image","twitter_misc":{"Est. reading time":"5 minutes"},"schema":{"@context":"https:\/\/schema.org","@graph":[{"@type":"WebSite","@id":"https:\/\/minutovip.com\/#website","url":"https:\/\/minutovip.com\/","name":"Minuto VIP","description":"O Minuto vip \u00e9 um site online que oferece not\u00edcias atualizadas do mundo do Futebol","potentialAction":[{"@type":"SearchAction","target":{"@type":"EntryPoint","urlTemplate":"https:\/\/minutovip.com\/?s={search_term_string}"},"query-input":"required name=search_term_string"}],"inLanguage":"fr-FR"},{"@type":"WebPage","@id":"https:\/\/minutovip.com\/terms\/#webpage","url":"https:\/\/minutovip.com\/terms\/","name":"Termos de Uso - Minuto VIP - Minuto VIP","isPartOf":{"@id":"https:\/\/minutovip.com\/#website"},"datePublished":"2022-10-26T14:45:21+00:00","dateModified":"2026-02-17T17:17:45+00:00","breadcrumb":{"@id":"https:\/\/minutovip.com\/terms\/#breadcrumb"},"inLanguage":"fr-FR","potentialAction":[{"@type":"ReadAction","target":["https:\/\/minutovip.com\/terms\/"]}]},{"@type":"BreadcrumbList","@id":"https:\/\/minutovip.com\/terms\/#breadcrumb","itemListElement":[{"@type":"ListItem","position":1,"name":"Home","item":"https:\/\/minutovip.com\/"},{"@type":"ListItem","position":2,"name":"Termos de Uso &#8211; Minuto VIP"}]}]}},"_links":{"self":[{"href":"https:\/\/minutovip.com\/fr\/wp-json\/wp\/v2\/pages\/94"}],"collection":[{"href":"https:\/\/minutovip.com\/fr\/wp-json\/wp\/v2\/pages"}],"about":[{"href":"https:\/\/minutovip.com\/fr\/wp-json\/wp\/v2\/types\/page"}],"author":[{"embeddable":true,"href":"https:\/\/minutovip.com\/fr\/wp-json\/wp\/v2\/users\/3"}],"replies":[{"embeddable":true,"href":"https:\/\/minutovip.com\/fr\/wp-json\/wp\/v2\/comments?post=94"}],"version-history":[{"count":0,"href":"https:\/\/minutovip.com\/fr\/wp-json\/wp\/v2\/pages\/94\/revisions"}],"wp:attachment":[{"href":"https:\/\/minutovip.com\/fr\/wp-json\/wp\/v2\/media?parent=94"}],"curies":[{"name":"wp","href":"https:\/\/api.w.org\/{rel}","templated":true}]}}