{"id":98,"date":"2022-10-26T14:47:50","date_gmt":"2022-10-26T14:47:50","guid":{"rendered":"https:\/\/minutovip.com\/?page_id=98"},"modified":"2024-03-14T19:04:39","modified_gmt":"2024-03-14T19:04:39","slug":"about","status":"publish","type":"page","link":"https:\/\/minutovip.com\/fr\/about\/","title":{"rendered":"\u00c0 propos"},"content":{"rendered":"<!--advertisement--><div class=\"mx-5 sm:mx-0 sm:text-3xl text-2xl font-medium title-font mb-4 text-gray-900 text-left\">\n<h2 id=\"h-o-que-voce-quer-aprender-hoje\"><strong>Qu&#039;est ce que vous voulez apprendre aujourd&#039;hui?<\/strong><\/h2>\n<\/div><div class=\"mx-5 sm:mx-0 prose leading-relaxed text-lg mb-5 text-left wp-paragraph\">\n<p>Chez Minuto Vip, nous cherchons \u00e0 proposer des divertissements, des actualit\u00e9s, des informations et des applications du monde entier, en fournissant des conseils sur tout ce qui se passe dans cet univers magique de loisirs et d&#039;amusement. Nous croyons fermement que l\u2019am\u00e9lioration continue, combin\u00e9e \u00e0 la d\u00e9termination et \u00e0 la pers\u00e9v\u00e9rance, sont les secrets du succ\u00e8s et d\u2019une vie pleine de sens. Ici, on rejette l\u2019id\u00e9e de \u00ab chance \u00bb. De plus, nous reconnaissons l\u2019importance des applications dans diff\u00e9rentes niches, que ce soit pour les relations, la sant\u00e9, le divertissement et bien plus encore. Notre mission est de vous tenir au courant non seulement du monde du sport, mais \u00e9galement des derni\u00e8res nouvelles et tendances en mati\u00e8re d&#039;applications qui rendent la vie plus facile, plus amusante et plus significative.<\/p>\n<\/div><!--advertisement--><div class=\"mx-5 sm:mx-0 sm:text-3xl text-2xl font-medium title-font mb-4 text-gray-900 text-left\">\n<h2 id=\"h-quem-somos\"><strong>Qui nous sommes?<\/strong><\/h2>\n<\/div><div class=\"mx-5 sm:mx-0 prose leading-relaxed text-lg mb-5 text-left wp-paragraph\">\n<p>Minuto Vip est une entreprise dont le si\u00e8ge est au Br\u00e9sil et en Estonie. Notre mission est de fournir constamment le meilleur contenu, o\u00f9 que vous soyez. C&#039;est pourquoi nous souhaitons \u00eatre votre partenaire dans la recherche de votre divertissement.<\/p>\n<\/div><!--advertisement--><div class=\"mx-5 sm:mx-0 sm:text-3xl text-2xl font-medium title-font mb-4 text-gray-900 text-left\">\n<h2 id=\"h-nos-ajude-a-melhorar\"><strong>Aidez nous \u00e0 am\u00e9liorer<\/strong><\/h2>\n<\/div><div class=\"mx-5 sm:mx-0 prose leading-relaxed text-lg mb-5 text-left wp-paragraph\">\n<p>Vos id\u00e9es sont les bienvenues. <a style=\" color:;\" href=\"https:\/\/minutovip.com\/fr\/contact\/\">Envoie-nous un message<\/a>!<\/p>\n<\/div>","protected":false},"excerpt":{"rendered":"<p>Qu&#039;est ce que vous voulez apprendre aujourd&#039;hui? Chez Minuto Vip, nous cherchons \u00e0 proposer des divertissements, des actualit\u00e9s, des informations et des applications du monde entier, en fournissant des conseils sur tout ce qui se passe dans cet univers magique de loisirs et d&#039;amusement. Nous croyons fermement que l&#039;am\u00e9lioration continue, combin\u00e9e \u00e0 la d\u00e9termination et \u00e0 la pers\u00e9v\u00e9rance, sont les secrets du succ\u00e8s et d&#039;une vie pleine de sens.\u2026 <a class=\"more-link\" href=\"https:\/\/minutovip.com\/fr\/about\/\">continuer la lecture <span class=\"screen-reader-text\">\u00c0 propos<\/span><\/a><\/p>","protected":false},"author":3,"featured_media":0,"parent":0,"menu_order":0,"comment_status":"closed","ping_status":"closed","template":"","meta":[],"yoast_head":"<!-- This site is optimized with the Yoast SEO Premium plugin v18.7 (Yoast SEO v19.1) - https:\/\/yoast.com\/wordpress\/plugins\/seo\/ -->\n<title>Sobre - Minuto VIP<\/title>\n<meta name=\"robots\" content=\"index, follow, max-snippet:-1, max-image-preview:large, max-video-preview:-1\" \/>\n<link rel=\"canonical\" href=\"https:\/\/minutovip.com\/fr\/about\/\" \/>\n<meta property=\"og:locale\" content=\"fr_FR\" \/>\n<meta property=\"og:type\" content=\"article\" \/>\n<meta property=\"og:title\" content=\"Sobre\" \/>\n<meta property=\"og:description\" content=\"O que voc\u00ea quer aprender hoje? No Minuto Vip, buscamos oferecer entretenimento, not\u00edcias, informa\u00e7\u00f5es e aplicativos do mundo, proporcionando dicas sobre tudo que acontece nesse universo m\u00e1gico de lazer e divers\u00e3o. Acreditamos firmemente que a melhoria cont\u00ednua, combinada com a determina\u00e7\u00e3o e a persist\u00eancia, s\u00e3o os segredos do sucesso e de uma vida com significado.&hellip; Continue reading Sobre\" \/>\n<meta property=\"og:url\" content=\"https:\/\/minutovip.com\/fr\/about\/\" \/>\n<meta property=\"og:site_name\" content=\"Minuto VIP\" \/>\n<meta property=\"article:modified_time\" content=\"2024-03-14T19:04:39+00:00\" \/>\n<meta name=\"twitter:card\" content=\"summary_large_image\" \/>\n<meta name=\"twitter:label1\" content=\"Est. reading time\" \/>\n\t<meta name=\"twitter:data1\" content=\"1 minute\" \/>\n<script type=\"application\/ld+json\" class=\"yoast-schema-graph\">{\"@context\":\"https:\/\/schema.org\",\"@graph\":[{\"@type\":\"WebSite\",\"@id\":\"https:\/\/minutovip.com\/#website\",\"url\":\"https:\/\/minutovip.com\/\",\"name\":\"Minuto VIP\",\"description\":\"O Minuto vip \u00e9 um site online que oferece not\u00edcias atualizadas do mundo do Futebol\",\"potentialAction\":[{\"@type\":\"SearchAction\",\"target\":{\"@type\":\"EntryPoint\",\"urlTemplate\":\"https:\/\/minutovip.com\/?s={search_term_string}\"},\"query-input\":\"required name=search_term_string\"}],\"inLanguage\":\"fr-FR\"},{\"@type\":\"WebPage\",\"@id\":\"https:\/\/minutovip.com\/about\/#webpage\",\"url\":\"https:\/\/minutovip.com\/about\/\",\"name\":\"Sobre - Minuto VIP\",\"isPartOf\":{\"@id\":\"https:\/\/minutovip.com\/#website\"},\"datePublished\":\"2022-10-26T14:47:50+00:00\",\"dateModified\":\"2024-03-14T19:04:39+00:00\",\"breadcrumb\":{\"@id\":\"https:\/\/minutovip.com\/about\/#breadcrumb\"},\"inLanguage\":\"fr-FR\",\"potentialAction\":[{\"@type\":\"ReadAction\",\"target\":[\"https:\/\/minutovip.com\/about\/\"]}]},{\"@type\":\"BreadcrumbList\",\"@id\":\"https:\/\/minutovip.com\/about\/#breadcrumb\",\"itemListElement\":[{\"@type\":\"ListItem\",\"position\":1,\"name\":\"Home\",\"item\":\"https:\/\/minutovip.com\/\"},{\"@type\":\"ListItem\",\"position\":2,\"name\":\"Sobre\"}]}]}<\/script>\n<!-- \/ Yoast SEO Premium plugin. -->","yoast_head_json":{"title":"Sobre - Minuto VIP","robots":{"index":"index","follow":"follow","max-snippet":"max-snippet:-1","max-image-preview":"max-image-preview:large","max-video-preview":"max-video-preview:-1"},"canonical":"https:\/\/minutovip.com\/fr\/about\/","og_locale":"fr_FR","og_type":"article","og_title":"Sobre","og_description":"O que voc\u00ea quer aprender hoje? No Minuto Vip, buscamos oferecer entretenimento, not\u00edcias, informa\u00e7\u00f5es e aplicativos do mundo, proporcionando dicas sobre tudo que acontece nesse universo m\u00e1gico de lazer e divers\u00e3o. Acreditamos firmemente que a melhoria cont\u00ednua, combinada com a determina\u00e7\u00e3o e a persist\u00eancia, s\u00e3o os segredos do sucesso e de uma vida com significado.&hellip; Continue reading Sobre","og_url":"https:\/\/minutovip.com\/fr\/about\/","og_site_name":"Minuto VIP","article_modified_time":"2024-03-14T19:04:39+00:00","twitter_card":"summary_large_image","twitter_misc":{"Est. reading time":"1 minute"},"schema":{"@context":"https:\/\/schema.org","@graph":[{"@type":"WebSite","@id":"https:\/\/minutovip.com\/#website","url":"https:\/\/minutovip.com\/","name":"Minuto VIP","description":"O Minuto vip \u00e9 um site online que oferece not\u00edcias atualizadas do mundo do Futebol","potentialAction":[{"@type":"SearchAction","target":{"@type":"EntryPoint","urlTemplate":"https:\/\/minutovip.com\/?s={search_term_string}"},"query-input":"required name=search_term_string"}],"inLanguage":"fr-FR"},{"@type":"WebPage","@id":"https:\/\/minutovip.com\/about\/#webpage","url":"https:\/\/minutovip.com\/about\/","name":"Sobre - Minuto VIP","isPartOf":{"@id":"https:\/\/minutovip.com\/#website"},"datePublished":"2022-10-26T14:47:50+00:00","dateModified":"2024-03-14T19:04:39+00:00","breadcrumb":{"@id":"https:\/\/minutovip.com\/about\/#breadcrumb"},"inLanguage":"fr-FR","potentialAction":[{"@type":"ReadAction","target":["https:\/\/minutovip.com\/about\/"]}]},{"@type":"BreadcrumbList","@id":"https:\/\/minutovip.com\/about\/#breadcrumb","itemListElement":[{"@type":"ListItem","position":1,"name":"Home","item":"https:\/\/minutovip.com\/"},{"@type":"ListItem","position":2,"name":"Sobre"}]}]}},"_links":{"self":[{"href":"https:\/\/minutovip.com\/fr\/wp-json\/wp\/v2\/pages\/98"}],"collection":[{"href":"https:\/\/minutovip.com\/fr\/wp-json\/wp\/v2\/pages"}],"about":[{"href":"https:\/\/minutovip.com\/fr\/wp-json\/wp\/v2\/types\/page"}],"author":[{"embeddable":true,"href":"https:\/\/minutovip.com\/fr\/wp-json\/wp\/v2\/users\/3"}],"replies":[{"embeddable":true,"href":"https:\/\/minutovip.com\/fr\/wp-json\/wp\/v2\/comments?post=98"}],"version-history":[{"count":0,"href":"https:\/\/minutovip.com\/fr\/wp-json\/wp\/v2\/pages\/98\/revisions"}],"wp:attachment":[{"href":"https:\/\/minutovip.com\/fr\/wp-json\/wp\/v2\/media?parent=98"}],"curies":[{"name":"wp","href":"https:\/\/api.w.org\/{rel}","templated":true}]}}