{"id":98,"date":"2022-10-26T14:47:50","date_gmt":"2022-10-26T14:47:50","guid":{"rendered":"https:\/\/minutovip.com\/?page_id=98"},"modified":"2024-03-14T19:04:39","modified_gmt":"2024-03-14T19:04:39","slug":"about","status":"publish","type":"page","link":"https:\/\/minutovip.com\/id\/about\/","title":{"rendered":"Tentang"},"content":{"rendered":"<!--advertisement--><div class=\"mx-5 sm:mx-0 sm:text-3xl text-2xl font-medium title-font mb-4 text-gray-900 text-left\">\n<h2 id=\"h-o-que-voce-quer-aprender-hoje\"><strong>Apa yang ingin Anda pelajari hari ini?<\/strong><\/h2>\n<\/div><div class=\"mx-5 sm:mx-0 prose leading-relaxed text-lg mb-5 text-left wp-paragraph\">\n<p>Di Minuto Vip, kami berupaya menawarkan hiburan, berita, informasi, dan aplikasi dari seluruh dunia, memberikan tip tentang segala sesuatu yang terjadi di dunia rekreasi dan kesenangan yang ajaib ini. Kami sangat yakin bahwa perbaikan terus-menerus, dipadukan dengan tekad dan ketekunan, adalah rahasia kesuksesan dan kehidupan yang bermakna. Di sini, kami menolak gagasan \u201ckeberuntungan\u201d. Selain itu, kami menyadari pentingnya aplikasi di berbagai bidang, baik untuk hubungan, kesehatan, hiburan, dan banyak lagi. Misi kami adalah memberi Anda informasi terbaru tidak hanya tentang dunia olahraga, tetapi juga berita dan tren terkini dalam aplikasi yang membuat hidup lebih mudah, lebih menyenangkan, dan lebih bermakna.<\/p>\n<\/div><!--advertisement--><div class=\"mx-5 sm:mx-0 sm:text-3xl text-2xl font-medium title-font mb-4 text-gray-900 text-left\">\n<h2 id=\"h-quem-somos\"><strong>Siapa kita?<\/strong><\/h2>\n<\/div><div class=\"mx-5 sm:mx-0 prose leading-relaxed text-lg mb-5 text-left wp-paragraph\">\n<p>Minuto Vip adalah perusahaan yang berkantor pusat di Brasil dan Estonia. Misi kami adalah secara konsisten memberikan konten terbaik, di mana pun Anda berada. Oleh karena itu, kami ingin menjadi mitra Anda dalam mencari hiburan Anda.<\/p>\n<\/div><!--advertisement--><div class=\"mx-5 sm:mx-0 sm:text-3xl text-2xl font-medium title-font mb-4 text-gray-900 text-left\">\n<h2 id=\"h-nos-ajude-a-melhorar\"><strong>Bantu kami menjadi lebih baik<\/strong><\/h2>\n<\/div><div class=\"mx-5 sm:mx-0 prose leading-relaxed text-lg mb-5 text-left wp-paragraph\">\n<p>Ide Anda sangat kami harapkan. <a style=\" color:;\" href=\"https:\/\/minutovip.com\/id\/contact\/\">Kirimkan pesan kepada kami<\/a>!<\/p>\n<\/div>","protected":false},"excerpt":{"rendered":"<p>Apa yang ingin Anda pelajari hari ini? Di Minuto Vip, kami berupaya menawarkan hiburan, berita, informasi, dan aplikasi dari seluruh dunia, memberikan tip tentang segala sesuatu yang terjadi di dunia rekreasi dan kesenangan yang ajaib ini. Kami sangat yakin bahwa perbaikan terus-menerus, dipadukan dengan tekad dan ketekunan, adalah rahasia kesuksesan dan kehidupan yang bermakna.\u2026 <a class=\"more-link\" href=\"https:\/\/minutovip.com\/id\/about\/\">Lanjut membaca <span class=\"screen-reader-text\">Tentang<\/span><\/a><\/p>","protected":false},"author":3,"featured_media":0,"parent":0,"menu_order":0,"comment_status":"closed","ping_status":"closed","template":"","meta":[],"yoast_head":"<!-- This site is optimized with the Yoast SEO Premium plugin v18.7 (Yoast SEO v19.1) - https:\/\/yoast.com\/wordpress\/plugins\/seo\/ -->\n<title>Sobre - Minuto VIP<\/title>\n<meta name=\"robots\" content=\"index, follow, max-snippet:-1, max-image-preview:large, max-video-preview:-1\" \/>\n<link rel=\"canonical\" href=\"https:\/\/minutovip.com\/id\/about\/\" \/>\n<meta property=\"og:locale\" content=\"id_ID\" \/>\n<meta property=\"og:type\" content=\"article\" \/>\n<meta property=\"og:title\" content=\"Sobre\" \/>\n<meta property=\"og:description\" content=\"O que voc\u00ea quer aprender hoje? No Minuto Vip, buscamos oferecer entretenimento, not\u00edcias, informa\u00e7\u00f5es e aplicativos do mundo, proporcionando dicas sobre tudo que acontece nesse universo m\u00e1gico de lazer e divers\u00e3o. Acreditamos firmemente que a melhoria cont\u00ednua, combinada com a determina\u00e7\u00e3o e a persist\u00eancia, s\u00e3o os segredos do sucesso e de uma vida com significado.&hellip; Continue reading Sobre\" \/>\n<meta property=\"og:url\" content=\"https:\/\/minutovip.com\/id\/about\/\" \/>\n<meta property=\"og:site_name\" content=\"Minuto VIP\" \/>\n<meta property=\"article:modified_time\" content=\"2024-03-14T19:04:39+00:00\" \/>\n<meta name=\"twitter:card\" content=\"summary_large_image\" \/>\n<meta name=\"twitter:label1\" content=\"Est. reading time\" \/>\n\t<meta name=\"twitter:data1\" content=\"1 menit\" \/>\n<script type=\"application\/ld+json\" class=\"yoast-schema-graph\">{\"@context\":\"https:\/\/schema.org\",\"@graph\":[{\"@type\":\"WebSite\",\"@id\":\"https:\/\/minutovip.com\/#website\",\"url\":\"https:\/\/minutovip.com\/\",\"name\":\"Minuto VIP\",\"description\":\"O Minuto vip \u00e9 um site online que oferece not\u00edcias atualizadas do mundo do Futebol\",\"potentialAction\":[{\"@type\":\"SearchAction\",\"target\":{\"@type\":\"EntryPoint\",\"urlTemplate\":\"https:\/\/minutovip.com\/?s={search_term_string}\"},\"query-input\":\"required name=search_term_string\"}],\"inLanguage\":\"id-ID\"},{\"@type\":\"WebPage\",\"@id\":\"https:\/\/minutovip.com\/about\/#webpage\",\"url\":\"https:\/\/minutovip.com\/about\/\",\"name\":\"Sobre - Minuto VIP\",\"isPartOf\":{\"@id\":\"https:\/\/minutovip.com\/#website\"},\"datePublished\":\"2022-10-26T14:47:50+00:00\",\"dateModified\":\"2024-03-14T19:04:39+00:00\",\"breadcrumb\":{\"@id\":\"https:\/\/minutovip.com\/about\/#breadcrumb\"},\"inLanguage\":\"id-ID\",\"potentialAction\":[{\"@type\":\"ReadAction\",\"target\":[\"https:\/\/minutovip.com\/about\/\"]}]},{\"@type\":\"BreadcrumbList\",\"@id\":\"https:\/\/minutovip.com\/about\/#breadcrumb\",\"itemListElement\":[{\"@type\":\"ListItem\",\"position\":1,\"name\":\"Home\",\"item\":\"https:\/\/minutovip.com\/\"},{\"@type\":\"ListItem\",\"position\":2,\"name\":\"Sobre\"}]}]}<\/script>\n<!-- \/ Yoast SEO Premium plugin. -->","yoast_head_json":{"title":"Sobre - Minuto VIP","robots":{"index":"index","follow":"follow","max-snippet":"max-snippet:-1","max-image-preview":"max-image-preview:large","max-video-preview":"max-video-preview:-1"},"canonical":"https:\/\/minutovip.com\/id\/about\/","og_locale":"id_ID","og_type":"article","og_title":"Sobre","og_description":"O que voc\u00ea quer aprender hoje? No Minuto Vip, buscamos oferecer entretenimento, not\u00edcias, informa\u00e7\u00f5es e aplicativos do mundo, proporcionando dicas sobre tudo que acontece nesse universo m\u00e1gico de lazer e divers\u00e3o. Acreditamos firmemente que a melhoria cont\u00ednua, combinada com a determina\u00e7\u00e3o e a persist\u00eancia, s\u00e3o os segredos do sucesso e de uma vida com significado.&hellip; Continue reading Sobre","og_url":"https:\/\/minutovip.com\/id\/about\/","og_site_name":"Minuto VIP","article_modified_time":"2024-03-14T19:04:39+00:00","twitter_card":"summary_large_image","twitter_misc":{"Est. reading time":"1 menit"},"schema":{"@context":"https:\/\/schema.org","@graph":[{"@type":"WebSite","@id":"https:\/\/minutovip.com\/#website","url":"https:\/\/minutovip.com\/","name":"Minuto VIP","description":"O Minuto vip \u00e9 um site online que oferece not\u00edcias atualizadas do mundo do Futebol","potentialAction":[{"@type":"SearchAction","target":{"@type":"EntryPoint","urlTemplate":"https:\/\/minutovip.com\/?s={search_term_string}"},"query-input":"required name=search_term_string"}],"inLanguage":"id-ID"},{"@type":"WebPage","@id":"https:\/\/minutovip.com\/about\/#webpage","url":"https:\/\/minutovip.com\/about\/","name":"Sobre - Minuto VIP","isPartOf":{"@id":"https:\/\/minutovip.com\/#website"},"datePublished":"2022-10-26T14:47:50+00:00","dateModified":"2024-03-14T19:04:39+00:00","breadcrumb":{"@id":"https:\/\/minutovip.com\/about\/#breadcrumb"},"inLanguage":"id-ID","potentialAction":[{"@type":"ReadAction","target":["https:\/\/minutovip.com\/about\/"]}]},{"@type":"BreadcrumbList","@id":"https:\/\/minutovip.com\/about\/#breadcrumb","itemListElement":[{"@type":"ListItem","position":1,"name":"Home","item":"https:\/\/minutovip.com\/"},{"@type":"ListItem","position":2,"name":"Sobre"}]}]}},"_links":{"self":[{"href":"https:\/\/minutovip.com\/id\/wp-json\/wp\/v2\/pages\/98"}],"collection":[{"href":"https:\/\/minutovip.com\/id\/wp-json\/wp\/v2\/pages"}],"about":[{"href":"https:\/\/minutovip.com\/id\/wp-json\/wp\/v2\/types\/page"}],"author":[{"embeddable":true,"href":"https:\/\/minutovip.com\/id\/wp-json\/wp\/v2\/users\/3"}],"replies":[{"embeddable":true,"href":"https:\/\/minutovip.com\/id\/wp-json\/wp\/v2\/comments?post=98"}],"version-history":[{"count":0,"href":"https:\/\/minutovip.com\/id\/wp-json\/wp\/v2\/pages\/98\/revisions"}],"wp:attachment":[{"href":"https:\/\/minutovip.com\/id\/wp-json\/wp\/v2\/media?parent=98"}],"curies":[{"name":"wp","href":"https:\/\/api.w.org\/{rel}","templated":true}]}}