{"id":2,"date":"2022-08-30T13:37:49","date_gmt":"2022-08-30T13:37:49","guid":{"rendered":"http:\/\/137.184.77.125\/?page_id=2"},"modified":"2022-08-30T13:37:49","modified_gmt":"2022-08-30T13:37:49","slug":"sample-page","status":"publish","type":"page","link":"https:\/\/minutovip.com\/it\/sample-page\/","title":{"rendered":"Pagina di esempio"},"content":{"rendered":"<div class=\"mx-5 sm:mx-0 prose leading-relaxed text-lg mb-5 text-left wp-paragraph\">\n<p>Questa \u00e8 una pagina di esempio. \u00c8 diverso da un post di blog perch\u00e9 rimarr\u00e0 nello stesso posto e verr\u00e0 visualizzato nella navigazione del sito (nella maggior parte dei temi). La maggior parte delle persone inizia con una pagina &quot;Chi siamo&quot; che li presenta ai potenziali visitatori del sito. Potrebbe dire qualcosa del genere:<\/p>\n<\/div><div class=\"mx-5 sm:mx-0 prose text-left mb-5\">\n<blockquote class=\"wp-block-quote\"><p>Ciao! Di giorno faccio il fattorino in bicicletta, di notte sono un aspirante attore e questo \u00e8 il mio sito web. Vivo a Los Angeles, ho un cane fantastico di nome Jack e mi piacciono le pi\u00f1a colada. (E farsi sorprendere dalla pioggia.)<\/p><\/blockquote>\n<\/div><div class=\"mx-5 sm:mx-0 prose leading-relaxed text-lg mb-5 text-left wp-paragraph\">\n<p>\u2026o qualcosa del genere:<\/p>\n<\/div><div class=\"mx-5 sm:mx-0 prose text-left mb-5\">\n<blockquote class=\"wp-block-quote\"><p>La XYZ Doohickey Company \u00e8 stata fondata nel 1971 e da allora fornisce al pubblico aggeggi di qualit\u00e0. Situata a Gotham City, XYZ impiega oltre 2.000 persone e realizza ogni genere di cose fantastiche per la comunit\u00e0 di Gotham.<\/p><\/blockquote>\n<\/div><div class=\"mx-5 sm:mx-0 prose leading-relaxed text-lg mb-5 text-left wp-paragraph\">\n<p>Come nuovo utente di WordPress, dovresti andare su <a style=\" color:;\" href=\"http:\/\/137.184.77.125\/wp-admin\/\">la tua dashboard<\/a> per eliminare questa pagina e crearne di nuove per i tuoi contenuti. Divertiti!<\/p>\n<\/div>","protected":false},"excerpt":{"rendered":"<p>Questa \u00e8 una pagina di esempio. \u00c8 diversa da un post del blog perch\u00e9 rimarr\u00e0 in un unico posto e apparir\u00e0 nella navigazione del sito (nella maggior parte dei temi). La maggior parte delle persone inizia con una pagina &quot;Chi siamo&quot; che li presenta ai potenziali visitatori del sito. Potrebbe contenere un messaggio simile a questo: &quot;Ciao! Sono un fattorino in bicicletta...&quot; <a class=\"more-link\" href=\"https:\/\/minutovip.com\/it\/sample-page\/\">Continua a leggere <span class=\"screen-reader-text\">Pagina di esempio<\/span><\/a><\/p>","protected":false},"author":1,"featured_media":0,"parent":0,"menu_order":0,"comment_status":"closed","ping_status":"open","template":"","meta":[],"yoast_head":"<!-- This site is optimized with the Yoast SEO Premium plugin v18.7 (Yoast SEO v19.1) - https:\/\/yoast.com\/wordpress\/plugins\/seo\/ -->\n<title>Sample Page - Minuto VIP<\/title>\n<meta name=\"robots\" content=\"index, follow, max-snippet:-1, max-image-preview:large, max-video-preview:-1\" \/>\n<link rel=\"canonical\" href=\"https:\/\/minutovip.com\/it\/sample-page\/\" \/>\n<meta property=\"og:locale\" content=\"it_IT\" \/>\n<meta property=\"og:type\" content=\"article\" \/>\n<meta property=\"og:title\" content=\"Sample Page\" \/>\n<meta property=\"og:description\" content=\"This is an example page. It&#8217;s different from a blog post because it will stay in one place and will show up in your site navigation (in most themes). Most people start with an About page that introduces them to potential site visitors. It might say something like this: Hi there! I&#8217;m a bike messenger&hellip; Continue reading Sample Page\" \/>\n<meta property=\"og:url\" content=\"https:\/\/minutovip.com\/it\/sample-page\/\" \/>\n<meta property=\"og:site_name\" content=\"Minuto VIP\" \/>\n<meta name=\"twitter:card\" content=\"summary_large_image\" \/>\n<meta name=\"twitter:label1\" content=\"Est. reading time\" \/>\n\t<meta name=\"twitter:data1\" content=\"1 minuto\" \/>\n<script type=\"application\/ld+json\" class=\"yoast-schema-graph\">{\"@context\":\"https:\/\/schema.org\",\"@graph\":[{\"@type\":\"WebSite\",\"@id\":\"https:\/\/minutovip.com\/#website\",\"url\":\"https:\/\/minutovip.com\/\",\"name\":\"Minuto VIP\",\"description\":\"O Minuto vip \u00e9 um site online que oferece not\u00edcias atualizadas do mundo do Futebol\",\"potentialAction\":[{\"@type\":\"SearchAction\",\"target\":{\"@type\":\"EntryPoint\",\"urlTemplate\":\"https:\/\/minutovip.com\/?s={search_term_string}\"},\"query-input\":\"required name=search_term_string\"}],\"inLanguage\":\"it-IT\"},{\"@type\":\"WebPage\",\"@id\":\"https:\/\/minutovip.com\/sample-page\/#webpage\",\"url\":\"https:\/\/minutovip.com\/sample-page\/\",\"name\":\"Sample Page - Minuto VIP\",\"isPartOf\":{\"@id\":\"https:\/\/minutovip.com\/#website\"},\"datePublished\":\"2022-08-30T13:37:49+00:00\",\"dateModified\":\"2022-08-30T13:37:49+00:00\",\"breadcrumb\":{\"@id\":\"https:\/\/minutovip.com\/sample-page\/#breadcrumb\"},\"inLanguage\":\"it-IT\",\"potentialAction\":[{\"@type\":\"ReadAction\",\"target\":[\"https:\/\/minutovip.com\/sample-page\/\"]}]},{\"@type\":\"BreadcrumbList\",\"@id\":\"https:\/\/minutovip.com\/sample-page\/#breadcrumb\",\"itemListElement\":[{\"@type\":\"ListItem\",\"position\":1,\"name\":\"Home\",\"item\":\"https:\/\/minutovip.com\/\"},{\"@type\":\"ListItem\",\"position\":2,\"name\":\"Sample Page\"}]}]}<\/script>\n<!-- \/ Yoast SEO Premium plugin. -->","yoast_head_json":{"title":"Sample Page - Minuto VIP","robots":{"index":"index","follow":"follow","max-snippet":"max-snippet:-1","max-image-preview":"max-image-preview:large","max-video-preview":"max-video-preview:-1"},"canonical":"https:\/\/minutovip.com\/it\/sample-page\/","og_locale":"it_IT","og_type":"article","og_title":"Sample Page","og_description":"This is an example page. It&#8217;s different from a blog post because it will stay in one place and will show up in your site navigation (in most themes). Most people start with an About page that introduces them to potential site visitors. It might say something like this: Hi there! I&#8217;m a bike messenger&hellip; Continue reading Sample Page","og_url":"https:\/\/minutovip.com\/it\/sample-page\/","og_site_name":"Minuto VIP","twitter_card":"summary_large_image","twitter_misc":{"Est. reading time":"1 minuto"},"schema":{"@context":"https:\/\/schema.org","@graph":[{"@type":"WebSite","@id":"https:\/\/minutovip.com\/#website","url":"https:\/\/minutovip.com\/","name":"Minuto VIP","description":"O Minuto vip \u00e9 um site online que oferece not\u00edcias atualizadas do mundo do Futebol","potentialAction":[{"@type":"SearchAction","target":{"@type":"EntryPoint","urlTemplate":"https:\/\/minutovip.com\/?s={search_term_string}"},"query-input":"required name=search_term_string"}],"inLanguage":"it-IT"},{"@type":"WebPage","@id":"https:\/\/minutovip.com\/sample-page\/#webpage","url":"https:\/\/minutovip.com\/sample-page\/","name":"Sample Page - Minuto VIP","isPartOf":{"@id":"https:\/\/minutovip.com\/#website"},"datePublished":"2022-08-30T13:37:49+00:00","dateModified":"2022-08-30T13:37:49+00:00","breadcrumb":{"@id":"https:\/\/minutovip.com\/sample-page\/#breadcrumb"},"inLanguage":"it-IT","potentialAction":[{"@type":"ReadAction","target":["https:\/\/minutovip.com\/sample-page\/"]}]},{"@type":"BreadcrumbList","@id":"https:\/\/minutovip.com\/sample-page\/#breadcrumb","itemListElement":[{"@type":"ListItem","position":1,"name":"Home","item":"https:\/\/minutovip.com\/"},{"@type":"ListItem","position":2,"name":"Sample Page"}]}]}},"_links":{"self":[{"href":"https:\/\/minutovip.com\/it\/wp-json\/wp\/v2\/pages\/2"}],"collection":[{"href":"https:\/\/minutovip.com\/it\/wp-json\/wp\/v2\/pages"}],"about":[{"href":"https:\/\/minutovip.com\/it\/wp-json\/wp\/v2\/types\/page"}],"author":[{"embeddable":true,"href":"https:\/\/minutovip.com\/it\/wp-json\/wp\/v2\/users\/1"}],"replies":[{"embeddable":true,"href":"https:\/\/minutovip.com\/it\/wp-json\/wp\/v2\/comments?post=2"}],"version-history":[{"count":0,"href":"https:\/\/minutovip.com\/it\/wp-json\/wp\/v2\/pages\/2\/revisions"}],"wp:attachment":[{"href":"https:\/\/minutovip.com\/it\/wp-json\/wp\/v2\/media?parent=2"}],"curies":[{"name":"wp","href":"https:\/\/api.w.org\/{rel}","templated":true}]}}