{"id":94,"date":"2022-10-26T14:45:21","date_gmt":"2022-10-26T14:45:21","guid":{"rendered":"https:\/\/minutovip.com\/?page_id=94"},"modified":"2026-02-17T17:17:45","modified_gmt":"2026-02-17T17:17:45","slug":"terms","status":"publish","type":"page","link":"https:\/\/minutovip.com\/it\/terms\/","title":{"rendered":"Condizioni d&#039;uso \u2013 Minuto VIP"},"content":{"rendered":"<div class=\"mx-5 sm:mx-0 prose leading-relaxed text-lg mb-5 text-left wp-paragraph\">\n<p>Aggiornato il 17 febbraio 2026.<\/p>\n<\/div><div class=\"mx-5 sm:mx-0 prose leading-relaxed text-lg mb-5 text-left wp-paragraph\">\n<p>IL <strong>MinutoVip O\u00dc<\/strong>, una societ\u00e0 a responsabilit\u00e0 limitata con sede in Estonia (O\u00dc), con numero di registrazione 16698741, ha sede a Tallinn, in Via Rotermanni tn 14-32, 10111, Harju, Estonia. Questa societ\u00e0 possiede e gestisce il sito web Minuto VIP, disponibile all&#039;indirizzo <a target=\"_blank\" rel=\"noreferrer noopener\" href=\"\">https:\/\/minutovip.com<\/a>.<\/p>\n<\/div><div class=\"mx-5 sm:mx-0 prose leading-relaxed text-lg mb-5 text-left wp-paragraph\">\n<p>Minuto VIP gestisce questo portale. Quando in questo testo utilizziamo i termini &quot;noi&quot;, &quot;nostro&quot; o &quot;noi stessi&quot;, ci riferiamo direttamente a Minuto VIP. Il portale \u00e8 offerto da Minuto VIP presuppone la piena accettazione dei termini, delle condizioni e delle policy qui definiti.<\/p>\n<\/div><div class=\"mx-5 sm:mx-0 prose leading-relaxed text-lg mb-5 text-left wp-paragraph\">\n<p>Minuto VIP \u00e8 un canale focalizzato sulla creazione di contenuti informativi e analisi su prodotti e servizi (incluse app e sport) di fornitori locali e internazionali. Si prega di notare che l&#039;utilizzo di questo sito \u00e8 soggetto all&#039;accettazione dei Termini di utilizzo e dell&#039;Informativa sulla privacy (<a target=\"_blank\" rel=\"noreferrer noopener\" href=\"\">https:\/\/minutovip.com\/privacy\/<\/a>), in conformit\u00e0 alla normativa vigente.<\/p>\n<\/div><div class=\"mx-5 sm:mx-0 prose leading-relaxed text-lg mb-5 text-left wp-paragraph\">\n<p>Se non sei d&#039;accordo con uno qualsiasi dei termini qui descritti, ti chiediamo di non utilizzare i servizi forniti da Minuto VIP.<\/p>\n<\/div><!--advertisement--><div class=\"mx-5 sm:mx-0 sm:text-3xl text-2xl font-medium title-font mb-4 text-gray-900 text-left\">\n<h2 id=\"h-secao-i-acesso-ao-minuto-vip\">Sezione I \u2013 Accesso al Minuto VIP<\/h2>\n<\/div><div class=\"mx-5 sm:mx-0 prose leading-relaxed text-lg mb-5 text-left wp-paragraph\">\n<p><strong>1.1 <\/strong>Utilizzando Minuto VIP, accetti di rispettare i Termini e Condizioni Generali d&#039;Uso e l&#039;Informativa sulla Privacy. <\/p>\n<\/div><div class=\"mx-5 sm:mx-0 prose leading-relaxed text-lg mb-5 text-left wp-paragraph\">\n<p><strong>1.2 <\/strong>Dichiari di avere almeno 18 anni e di avere la piena capacit\u00e0 giuridica di accettare i presenti Termini. <\/p>\n<\/div><div class=\"mx-5 sm:mx-0 prose leading-relaxed text-lg mb-5 text-left wp-paragraph\">\n<p><strong>1.3 <\/strong>Se non soddisfi i criteri di et\u00e0 o non sei d&#039;accordo con i termini, dovresti astenerti dall&#039;accedere ai servizi.<\/p>\n<\/div><!--advertisement--><div class=\"mx-5 sm:mx-0 sm:text-3xl text-2xl font-medium title-font mb-4 text-gray-900 text-left\">\n<h2 id=\"h-secao-ii-contato\">Sezione II \u2013 Contatti<\/h2>\n<\/div><div class=\"mx-5 sm:mx-0 prose leading-relaxed text-lg mb-5 text-left wp-paragraph\">\n<p><strong>2.1 <\/strong>Gli utenti hanno accesso a un canale di assistenza clienti per domande, reclami o informazioni. <strong>2.2 <\/strong>Il contatto deve essere effettuato tramite il modulo disponibile all&#039;indirizzo: <a style=\" color:;\" href=\"\" target=\"_blank\" rel=\"noreferrer noopener\">https:\/\/minutovip.com\/contact\/<\/a>.<\/p>\n<\/div><!--advertisement--><div class=\"mx-5 sm:mx-0 sm:text-3xl text-2xl font-medium title-font mb-4 text-gray-900 text-left\">\n<h2 id=\"h-secao-iii-responsabilidades-das-partes\">Sezione III \u2013 Responsabilit\u00e0 delle Parti<\/h2>\n<\/div><div class=\"mx-5 sm:mx-0 prose leading-relaxed text-lg mb-5 text-left wp-paragraph\">\n<p><strong>3.1 Accettazione:<\/strong> Accedendo a questo sito, confermi di aver compreso e accettato i termini e le politiche. <\/p>\n<\/div><div class=\"mx-5 sm:mx-0 prose leading-relaxed text-lg mb-5 text-left wp-paragraph\">\n<p><strong>3.2 Link esterni: <\/strong>Forniamo link ai partner. La stipula di contratti di servizi tramite questi partner avviene senza il coinvolgimento diretto di Minuto VIP. <\/p>\n<\/div><div class=\"mx-5 sm:mx-0 prose leading-relaxed text-lg mb-5 text-left wp-paragraph\">\n<p><strong>3.3 Siti partner: <\/strong>Quando visiti i siti web dei partner, devi accettare i loro termini e le loro politiche specifici. <\/p>\n<\/div><div class=\"mx-5 sm:mx-0 prose leading-relaxed text-lg mb-5 text-left wp-paragraph\">\n<p><strong>3.4 Esenzione:<\/strong> Non siamo responsabili dei termini, delle politiche o delle transazioni effettuate con terze parti. <\/p>\n<\/div><div class=\"mx-5 sm:mx-0 prose leading-relaxed text-lg mb-5 text-left wp-paragraph\">\n<p><strong>3.5 Sicurezza:<\/strong> Non siamo responsabili per danni causati da virus o malware. Mantieni aggiornato il tuo software antivirus. <\/p>\n<\/div><div class=\"mx-5 sm:mx-0 prose leading-relaxed text-lg mb-5 text-left wp-paragraph\">\n<p><strong>3.6 Limitazione:<\/strong> Minuto VIP declina ogni responsabilit\u00e0 per danni derivanti da un uso improprio del sito o da cause di forza maggiore. <\/p>\n<\/div><div class=\"mx-5 sm:mx-0 prose leading-relaxed text-lg mb-5 text-left wp-paragraph\">\n<p><strong>3.7 Transazioni:<\/strong> Minuto VIP non richiede pagamenti, depositi o trasferimenti per il rilascio di prodotti finanziari. <\/p>\n<\/div><div class=\"mx-5 sm:mx-0 prose leading-relaxed text-lg mb-5 text-left wp-paragraph\">\n<p><strong>3.8 Avvisi:<\/strong> Non inviamo mai e-mail che richiedono informazioni personali o con allegati eseguibili.<\/p>\n<\/div><!--advertisement--><div class=\"mx-5 sm:mx-0 sm:text-3xl text-2xl font-medium title-font mb-4 text-gray-900 text-left\">\n<h2 id=\"h-secao-iv-publicidade-de-terceiros-e-tecnologias-de-rastreamento-cookies\">Sezione IV \u2013 Tecnologie pubblicitarie e di tracciamento di terze parti (cookie)<\/h2>\n<\/div><div class=\"mx-5 sm:mx-0 prose leading-relaxed text-lg mb-5 text-left wp-paragraph\">\n<p><strong>4.1 <\/strong>Minuto VIP utilizza i cookie per migliorare l&#039;esperienza dell&#039;utente e personalizzare gli annunci tramite reti come... <strong>Google Adsense<\/strong>. <\/p>\n<\/div><div class=\"mx-5 sm:mx-0 prose leading-relaxed text-lg mb-5 text-left wp-paragraph\">\n<p><strong>4.2 Annunci Google:<\/strong> Google utilizza i cookie per mostrare annunci pubblicitari in base alle tue visite. Puoi gestire o disattivare la pubblicit\u00e0 personalizzata qui: <a style=\" color:;\" href=\"\" target=\"_blank\" rel=\"noreferrer noopener\">https:\/\/adssettings.google.com<\/a>. <\/p>\n<\/div><div class=\"mx-5 sm:mx-0 prose leading-relaxed text-lg mb-5 text-left wp-paragraph\">\n<p>4.3 <strong>Opt-out globale:<\/strong> Puoi anche disattivare i cookie pubblicitari di vari fornitori terzi visitando: <a style=\" color:;\" href=\"\" target=\"_blank\" rel=\"noreferrer noopener\">www.aboutads.info<\/a>. <\/p>\n<\/div><div class=\"mx-5 sm:mx-0 prose leading-relaxed text-lg mb-5 text-left wp-paragraph\">\n<p><strong>4.4 <\/strong>Navigando, acconsenti alla raccolta dei dati da parte di questi fornitori, in conformit\u00e0 con la nostra Informativa sulla privacy.<\/p>\n<\/div><!--advertisement--><div class=\"mx-5 sm:mx-0 sm:text-3xl text-2xl font-medium title-font mb-4 text-gray-900 text-left\">\n<h2>Sezione V \u2013 Regole di utilizzo e divieti<\/h2>\n<\/div><div class=\"mx-5 sm:mx-0 prose leading-relaxed text-lg mb-5 text-left wp-paragraph\">\n<p>\u00c8 severamente vietato:<\/p>\n<\/div><div class=\"mx-5 sm:mx-0 prose text-left mb-5\">\n<ul><li>Utilizzare il sito per attivit\u00e0 illegali.<\/li><li>Violare le normative locali o internazionali.<\/li><li>Violazione dei diritti di propriet\u00e0 intellettuale.<\/li><li>Per commettere molestie, abusi o discriminazioni di qualsiasi tipo.<\/li><li>Diffondere informazioni false, virus o codici dannosi.<\/li><li>Svolgere attivit\u00e0 di <em>spam, phishing, scansione<\/em> O <em>raschiare<\/em>.<\/li><li>Utilizzare il sito web per scopi osceni o immorali.<\/li><\/ul>\n<\/div><!--advertisement--><div class=\"mx-5 sm:mx-0 sm:text-3xl text-2xl font-medium title-font mb-4 text-gray-900 text-left\">\n<h2>Sezione VI \u2013 Limitazioni di responsabilit\u00e0 e garanzie<\/h2>\n<\/div><div class=\"mx-5 sm:mx-0 prose leading-relaxed text-lg mb-5 text-left wp-paragraph\">\n<p><strong>6.1 <\/strong>L&#039;accesso al servizio potrebbe essere intermittente o soggetto a interruzioni senza preavviso. <\/p>\n<\/div><div class=\"mx-5 sm:mx-0 prose leading-relaxed text-lg mb-5 text-left wp-paragraph\">\n<p><strong>6.2 <\/strong>Forniamo il servizio &quot;cos\u00ec com&#039;\u00e8&quot;, senza garanzie di accuratezza o completa affidabilit\u00e0 dei risultati. <strong>6.3 <\/strong>Minuto VIP e i suoi rappresentanti non saranno responsabili per eventuali perdite di profitti, dati o danni immateriali derivanti dall&#039;utilizzo del servizio.<\/p>\n<\/div><!--advertisement--><div class=\"mx-5 sm:mx-0 sm:text-3xl text-2xl font-medium title-font mb-4 text-gray-900 text-left\">\n<h2>Sezione VII \u2013 Validit\u00e0 e periodo di scadenza<\/h2>\n<\/div><div class=\"mx-5 sm:mx-0 prose leading-relaxed text-lg mb-5 text-left wp-paragraph\">\n<p><strong>7.1 <\/strong>I termini restano validi a tempo indeterminato. <\/p>\n<\/div><div class=\"mx-5 sm:mx-0 prose leading-relaxed text-lg mb-5 text-left wp-paragraph\">\n<p><strong>7.2 <\/strong>Ogni azione legale relativa all&#039;utilizzo del sito dovr\u00e0 essere avviata entro <strong>90 giorni<\/strong> a partire dall&#039;evento motivante.<\/p>\n<\/div><!--advertisement--><div class=\"mx-5 sm:mx-0 sm:text-3xl text-2xl font-medium title-font mb-4 text-gray-900 text-left\">\n<h2>Sezione VIII \u2013 Legge applicabile e giurisdizione<\/h2>\n<\/div><div class=\"mx-5 sm:mx-0 prose leading-relaxed text-lg mb-5 text-left wp-paragraph\">\n<p><strong>8.1 Regolamentazione legale:<\/strong> I presenti Termini sono regolati dalle leggi della Repubblica Federativa del Brasile (Codice Civile, Codice di Tutela del Consumatore, Marco Civil da Internet [Carta Brasiliana dei Diritti di Internet] e LGPD [Legge Generale Brasiliana sulla Protezione dei Dati]). <\/p>\n<\/div><div class=\"mx-5 sm:mx-0 prose leading-relaxed text-lg mb-5 text-left wp-paragraph\">\n<p><strong>8.2 Forum:<\/strong> Per garantire all&#039;utente l&#039;accesso alla giustizia, il foro competente per la risoluzione di eventuali controversie derivanti dai presenti Termini o dall&#039;Informativa sulla privacy \u00e8 il tribunale del domicilio dell&#039;utente.<\/p>\n<\/div><!--advertisement--><div class=\"mx-5 sm:mx-0 sm:text-3xl text-2xl font-medium title-font mb-4 text-gray-900 text-left\">\n<h2>Sezione IX \u2013 Diritti di propriet\u00e0 intellettuale<\/h2>\n<\/div><div class=\"mx-5 sm:mx-0 prose leading-relaxed text-lg mb-5 text-left wp-paragraph\">\n<p><strong>9.1 <\/strong>I contenuti di propriet\u00e0 di MinutoVip O\u00dc sono protetti da copyright. \u00c8 vietata la riproduzione o la modifica senza previa autorizzazione scritta. <\/p>\n<\/div><div class=\"mx-5 sm:mx-0 prose leading-relaxed text-lg mb-5 text-left wp-paragraph\">\n<p><strong>9.2 <\/strong>Ci riserviamo il diritto di rimuovere i contenuti che violano i presenti termini o i diritti di terzi.<\/p>\n<\/div><!--advertisement--><div class=\"mx-5 sm:mx-0 sm:text-3xl text-2xl font-medium title-font mb-4 text-gray-900 text-left\">\n<h2>Sezione X \u2013 Modifica dei Termini<\/h2>\n<\/div><div class=\"mx-5 sm:mx-0 prose leading-relaxed text-lg mb-5 text-left wp-paragraph\">\n<p><strong>10.1 <\/strong>Minuto VIP pu\u00f2 modificare o interrompere i servizi in qualsiasi momento e senza preavviso. <\/p>\n<\/div><div class=\"mx-5 sm:mx-0 prose leading-relaxed text-lg mb-5 text-left wp-paragraph\">\n<p><strong>10.2 <\/strong>L&#039;uso continuato del sito implica l&#039;accettazione dei termini aggiornati.<\/p>\n<\/div><!--advertisement--><div class=\"mx-5 sm:mx-0 sm:text-3xl text-2xl font-medium title-font mb-4 text-gray-900 text-left\">\n<h2>Sezione XI \u2013 Informazioni di contatto<\/h2>\n<\/div><div class=\"mx-5 sm:mx-0 prose leading-relaxed text-lg mb-5 text-left wp-paragraph\">\n<p>Per domande, utilizzare il modulo disponibile all&#039;indirizzo: <a target=\"_blank\" rel=\"noreferrer noopener\" href=\"\">https:\/\/minutovip.com\/contact\/<\/a>.<\/p>\n<\/div>","protected":false},"excerpt":{"rendered":"<p>Atualizado em 17 de Fevereiro de 2026. A MinutoVip O\u00dc, uma empresa de responsabilidade limitada sediada na Est\u00f4nia (O\u00dc), com o n\u00famero de registro 16698741, tem seu escrit\u00f3rio localizado em Tallinn, na Rua Rotermanni tn 14-32, 10111, Harju, Est\u00f4nia. Esta empresa \u00e9 propriet\u00e1ria e operadora do site Minuto VIP, dispon\u00edvel em https:\/\/minutovip.com. O Minuto VIP&hellip; <a class=\"more-link\" href=\"https:\/\/minutovip.com\/it\/terms\/\">Continua a leggere <span class=\"screen-reader-text\">Condizioni d&#039;uso \u2013 Minuto VIP<\/span><\/a><\/p>","protected":false},"author":3,"featured_media":0,"parent":0,"menu_order":0,"comment_status":"closed","ping_status":"closed","template":"","meta":[],"yoast_head":"<!-- This site is optimized with the Yoast SEO Premium plugin v18.7 (Yoast SEO v19.1) - https:\/\/yoast.com\/wordpress\/plugins\/seo\/ -->\n<title>Termos de Uso - Minuto VIP - Minuto VIP<\/title>\n<meta name=\"robots\" content=\"index, follow, max-snippet:-1, max-image-preview:large, max-video-preview:-1\" \/>\n<link rel=\"canonical\" href=\"https:\/\/minutovip.com\/it\/terms\/\" \/>\n<meta property=\"og:locale\" content=\"it_IT\" \/>\n<meta property=\"og:type\" content=\"article\" \/>\n<meta property=\"og:title\" content=\"Termos de Uso - Minuto VIP\" \/>\n<meta property=\"og:description\" content=\"Atualizado em 17 de Fevereiro de 2026. A MinutoVip O\u00dc, uma empresa de responsabilidade limitada sediada na Est\u00f4nia (O\u00dc), com o n\u00famero de registro 16698741, tem seu escrit\u00f3rio localizado em Tallinn, na Rua Rotermanni tn 14-32, 10111, Harju, Est\u00f4nia. Esta empresa \u00e9 propriet\u00e1ria e operadora do site Minuto VIP, dispon\u00edvel em https:\/\/minutovip.com. O Minuto VIP&hellip; Continue reading Termos de Uso &#8211; Minuto VIP\" \/>\n<meta property=\"og:url\" content=\"https:\/\/minutovip.com\/it\/terms\/\" \/>\n<meta property=\"og:site_name\" content=\"Minuto VIP\" \/>\n<meta property=\"article:modified_time\" content=\"2026-02-17T17:17:45+00:00\" \/>\n<meta name=\"twitter:card\" content=\"summary_large_image\" \/>\n<meta name=\"twitter:label1\" content=\"Est. reading time\" \/>\n\t<meta name=\"twitter:data1\" content=\"5 minuti\" \/>\n<script type=\"application\/ld+json\" class=\"yoast-schema-graph\">{\"@context\":\"https:\/\/schema.org\",\"@graph\":[{\"@type\":\"WebSite\",\"@id\":\"https:\/\/minutovip.com\/#website\",\"url\":\"https:\/\/minutovip.com\/\",\"name\":\"Minuto VIP\",\"description\":\"O Minuto vip \u00e9 um site online que oferece not\u00edcias atualizadas do mundo do Futebol\",\"potentialAction\":[{\"@type\":\"SearchAction\",\"target\":{\"@type\":\"EntryPoint\",\"urlTemplate\":\"https:\/\/minutovip.com\/?s={search_term_string}\"},\"query-input\":\"required name=search_term_string\"}],\"inLanguage\":\"it-IT\"},{\"@type\":\"WebPage\",\"@id\":\"https:\/\/minutovip.com\/terms\/#webpage\",\"url\":\"https:\/\/minutovip.com\/terms\/\",\"name\":\"Termos de Uso - Minuto VIP - Minuto VIP\",\"isPartOf\":{\"@id\":\"https:\/\/minutovip.com\/#website\"},\"datePublished\":\"2022-10-26T14:45:21+00:00\",\"dateModified\":\"2026-02-17T17:17:45+00:00\",\"breadcrumb\":{\"@id\":\"https:\/\/minutovip.com\/terms\/#breadcrumb\"},\"inLanguage\":\"it-IT\",\"potentialAction\":[{\"@type\":\"ReadAction\",\"target\":[\"https:\/\/minutovip.com\/terms\/\"]}]},{\"@type\":\"BreadcrumbList\",\"@id\":\"https:\/\/minutovip.com\/terms\/#breadcrumb\",\"itemListElement\":[{\"@type\":\"ListItem\",\"position\":1,\"name\":\"Home\",\"item\":\"https:\/\/minutovip.com\/\"},{\"@type\":\"ListItem\",\"position\":2,\"name\":\"Termos de Uso &#8211; Minuto VIP\"}]}]}<\/script>\n<!-- \/ Yoast SEO Premium plugin. -->","yoast_head_json":{"title":"Termos de Uso - Minuto VIP - Minuto VIP","robots":{"index":"index","follow":"follow","max-snippet":"max-snippet:-1","max-image-preview":"max-image-preview:large","max-video-preview":"max-video-preview:-1"},"canonical":"https:\/\/minutovip.com\/it\/terms\/","og_locale":"it_IT","og_type":"article","og_title":"Termos de Uso - Minuto VIP","og_description":"Atualizado em 17 de Fevereiro de 2026. A MinutoVip O\u00dc, uma empresa de responsabilidade limitada sediada na Est\u00f4nia (O\u00dc), com o n\u00famero de registro 16698741, tem seu escrit\u00f3rio localizado em Tallinn, na Rua Rotermanni tn 14-32, 10111, Harju, Est\u00f4nia. Esta empresa \u00e9 propriet\u00e1ria e operadora do site Minuto VIP, dispon\u00edvel em https:\/\/minutovip.com. O Minuto VIP&hellip; Continue reading Termos de Uso &#8211; Minuto VIP","og_url":"https:\/\/minutovip.com\/it\/terms\/","og_site_name":"Minuto VIP","article_modified_time":"2026-02-17T17:17:45+00:00","twitter_card":"summary_large_image","twitter_misc":{"Est. reading time":"5 minuti"},"schema":{"@context":"https:\/\/schema.org","@graph":[{"@type":"WebSite","@id":"https:\/\/minutovip.com\/#website","url":"https:\/\/minutovip.com\/","name":"Minuto VIP","description":"O Minuto vip \u00e9 um site online que oferece not\u00edcias atualizadas do mundo do Futebol","potentialAction":[{"@type":"SearchAction","target":{"@type":"EntryPoint","urlTemplate":"https:\/\/minutovip.com\/?s={search_term_string}"},"query-input":"required name=search_term_string"}],"inLanguage":"it-IT"},{"@type":"WebPage","@id":"https:\/\/minutovip.com\/terms\/#webpage","url":"https:\/\/minutovip.com\/terms\/","name":"Termos de Uso - Minuto VIP - Minuto VIP","isPartOf":{"@id":"https:\/\/minutovip.com\/#website"},"datePublished":"2022-10-26T14:45:21+00:00","dateModified":"2026-02-17T17:17:45+00:00","breadcrumb":{"@id":"https:\/\/minutovip.com\/terms\/#breadcrumb"},"inLanguage":"it-IT","potentialAction":[{"@type":"ReadAction","target":["https:\/\/minutovip.com\/terms\/"]}]},{"@type":"BreadcrumbList","@id":"https:\/\/minutovip.com\/terms\/#breadcrumb","itemListElement":[{"@type":"ListItem","position":1,"name":"Home","item":"https:\/\/minutovip.com\/"},{"@type":"ListItem","position":2,"name":"Termos de Uso &#8211; Minuto VIP"}]}]}},"_links":{"self":[{"href":"https:\/\/minutovip.com\/it\/wp-json\/wp\/v2\/pages\/94"}],"collection":[{"href":"https:\/\/minutovip.com\/it\/wp-json\/wp\/v2\/pages"}],"about":[{"href":"https:\/\/minutovip.com\/it\/wp-json\/wp\/v2\/types\/page"}],"author":[{"embeddable":true,"href":"https:\/\/minutovip.com\/it\/wp-json\/wp\/v2\/users\/3"}],"replies":[{"embeddable":true,"href":"https:\/\/minutovip.com\/it\/wp-json\/wp\/v2\/comments?post=94"}],"version-history":[{"count":0,"href":"https:\/\/minutovip.com\/it\/wp-json\/wp\/v2\/pages\/94\/revisions"}],"wp:attachment":[{"href":"https:\/\/minutovip.com\/it\/wp-json\/wp\/v2\/media?parent=94"}],"curies":[{"name":"wp","href":"https:\/\/api.w.org\/{rel}","templated":true}]}}