{"id":98,"date":"2022-10-26T14:47:50","date_gmt":"2022-10-26T14:47:50","guid":{"rendered":"https:\/\/minutovip.com\/?page_id=98"},"modified":"2024-03-14T19:04:39","modified_gmt":"2024-03-14T19:04:39","slug":"about","status":"publish","type":"page","link":"https:\/\/minutovip.com\/ja\/about\/","title":{"rendered":"\u306e\u4e0a"},"content":{"rendered":"<!--advertisement--><div class=\"mx-5 sm:mx-0 sm:text-3xl text-2xl font-medium title-font mb-4 text-gray-900 text-left\">\n<h2 id=\"h-o-que-voce-quer-aprender-hoje\"><strong>\u4eca\u65e5\u306f\u4f55\u3092\u5b66\u3073\u305f\u3044\u3067\u3059\u304b\uff1f<\/strong><\/h2>\n<\/div><div class=\"mx-5 sm:mx-0 prose leading-relaxed text-lg mb-5 text-left wp-paragraph\">\n<p>Minuto Vip\u3067\u306f\u3001\u4e16\u754c\u4e2d\u306e\u30a8\u30f3\u30bf\u30fc\u30c6\u30a4\u30e1\u30f3\u30c8\u3001\u30cb\u30e5\u30fc\u30b9\u3001\u60c5\u5831\u3001\u30a2\u30d7\u30ea\u3092\u304a\u5c4a\u3051\u3057\u3001\u30ec\u30b8\u30e3\u30fc\u3068\u697d\u3057\u307f\u306b\u6e80\u3061\u305f\u3053\u306e\u9b54\u6cd5\u306e\u3088\u3046\u306a\u4e16\u754c\u3067\u8d77\u3053\u308b\u3042\u3089\u3086\u308b\u51fa\u6765\u4e8b\u3078\u306e\u6d1e\u5bdf\u3092\u63d0\u4f9b\u3059\u308b\u3053\u3068\u3092\u76ee\u6307\u3057\u3066\u3044\u307e\u3059\u3002\u79c1\u305f\u3061\u306f\u3001\u7d99\u7d9a\u7684\u306a\u6539\u5584\u3001\u305d\u3057\u3066\u6c7a\u610f\u3068\u7c98\u308a\u5f37\u3055\u3053\u305d\u304c\u3001\u6210\u529f\u3068\u6709\u610f\u7fa9\u306a\u4eba\u751f\u306e\u79d8\u8a23\u3060\u3068\u56fa\u304f\u4fe1\u3058\u3066\u3044\u307e\u3059\u3002\u79c1\u305f\u3061\u306f\u300c\u904b\u300d\u3068\u3044\u3046\u8003\u3048\u3092\u5426\u5b9a\u3057\u307e\u3059\u3002\u3055\u3089\u306b\u3001\u4eba\u9593\u95a2\u4fc2\u3001\u5065\u5eb7\u3001\u30a8\u30f3\u30bf\u30fc\u30c6\u30a4\u30e1\u30f3\u30c8\u306a\u3069\u3001\u69d8\u3005\u306a\u30cb\u30c3\u30c1\u5206\u91ce\u306b\u304a\u3051\u308b\u30a2\u30d7\u30ea\u306e\u91cd\u8981\u6027\u3092\u8a8d\u8b58\u3057\u3066\u3044\u307e\u3059\u3002\u79c1\u305f\u3061\u306e\u4f7f\u547d\u306f\u3001\u30b9\u30dd\u30fc\u30c4\u754c\u3060\u3051\u3067\u306a\u304f\u3001\u4eba\u751f\u3092\u3088\u308a\u4fbf\u5229\u3067\u697d\u3057\u304f\u3001\u305d\u3057\u3066\u6709\u610f\u7fa9\u306a\u3082\u306e\u306b\u3059\u308b\u30a2\u30d7\u30ea\u306e\u6700\u65b0\u30cb\u30e5\u30fc\u30b9\u3084\u30c8\u30ec\u30f3\u30c9\u3092\u304a\u5c4a\u3051\u3059\u308b\u3053\u3068\u3067\u3059\u3002<\/p>\n<\/div><!--advertisement--><div class=\"mx-5 sm:mx-0 sm:text-3xl text-2xl font-medium title-font mb-4 text-gray-900 text-left\">\n<h2 id=\"h-quem-somos\"><strong>\u79c1\u305f\u3061\u306f\u8ab0\u3067\u3059\u304b\uff1f<\/strong><\/h2>\n<\/div><div class=\"mx-5 sm:mx-0 prose leading-relaxed text-lg mb-5 text-left wp-paragraph\">\n<p>Minuto Vip\u306f\u30d6\u30e9\u30b8\u30eb\u3068\u30a8\u30b9\u30c8\u30cb\u30a2\u306b\u62e0\u70b9\u3092\u7f6e\u304f\u4f01\u696d\u3067\u3059\u3002\u79c1\u305f\u3061\u306e\u4f7f\u547d\u306f\u3001\u304a\u5ba2\u69d8\u304c\u3069\u3053\u306b\u3044\u3066\u3082\u5e38\u306b\u6700\u9ad8\u306e\u30b3\u30f3\u30c6\u30f3\u30c4\u3092\u304a\u5c4a\u3051\u3059\u308b\u3053\u3068\u3067\u3059\u3002\u79c1\u305f\u3061\u306f\u3001\u304a\u5ba2\u69d8\u306e\u30a8\u30f3\u30bf\u30fc\u30c6\u30a4\u30e1\u30f3\u30c8\u306e\u63a2\u6c42\u306b\u304a\u3051\u308b\u30d1\u30fc\u30c8\u30ca\u30fc\u3067\u3042\u308a\u305f\u3044\u3068\u8003\u3048\u3066\u3044\u307e\u3059\u3002<\/p>\n<\/div><!--advertisement--><div class=\"mx-5 sm:mx-0 sm:text-3xl text-2xl font-medium title-font mb-4 text-gray-900 text-left\">\n<h2 id=\"h-nos-ajude-a-melhorar\"><strong>\u6539\u5584\u306b\u3054\u5354\u529b\u304f\u3060\u3055\u3044<\/strong><\/h2>\n<\/div><div class=\"mx-5 sm:mx-0 prose leading-relaxed text-lg mb-5 text-left wp-paragraph\">\n<p>\u3042\u306a\u305f\u306e\u30a2\u30a4\u30c7\u30a2\u306f\u5927\u6b53\u8fce\u3067\u3059\u3002 <a style=\" color:;\" href=\"https:\/\/minutovip.com\/ja\/contact\/\">\u30e1\u30c3\u30bb\u30fc\u30b8\u3092\u9001\u4fe1<\/a>!<\/p>\n<\/div>","protected":false},"excerpt":{"rendered":"<p>\u4eca\u65e5\u306f\u4f55\u3092\u5b66\u3073\u305f\u3044\u3067\u3059\u304b\uff1f Minuto Vip\u3067\u306f\u3001\u4e16\u754c\u4e2d\u306e\u30a8\u30f3\u30bf\u30fc\u30c6\u30a4\u30e1\u30f3\u30c8\u3001\u30cb\u30e5\u30fc\u30b9\u3001\u60c5\u5831\u3001\u30a2\u30d7\u30ea\u3092\u304a\u5c4a\u3051\u3057\u3001\u30ec\u30b8\u30e3\u30fc\u3068\u697d\u3057\u307f\u306e\u9b54\u6cd5\u306e\u4e16\u754c\u3067\u8d77\u3053\u308b\u3042\u3089\u3086\u308b\u3053\u3068\u306e\u30d2\u30f3\u30c8\u3092\u63d0\u4f9b\u3059\u308b\u3053\u3068\u3092\u76ee\u6307\u3057\u3066\u3044\u307e\u3059\u3002\u79c1\u305f\u3061\u306f\u3001\u7d99\u7d9a\u7684\u306a\u6539\u5584\u3001\u305d\u3057\u3066\u6c7a\u610f\u3068\u7c98\u308a\u5f37\u3055\u3053\u305d\u304c\u3001\u6210\u529f\u3068\u6709\u610f\u7fa9\u306a\u4eba\u751f\u306e\u79d8\u8a23\u3060\u3068\u56fa\u304f\u4fe1\u3058\u3066\u3044\u307e\u3059\u3002\u300c\u904b\u300d\u3068\u3044\u3046\u8003\u3048\u306f\u3053\u3053\u3067\u306f\u5426\u5b9a\u3057\u307e\u3059\u3002\u3055\u3089\u306b\u3001\u4eba\u9593\u95a2\u4fc2\u3001\u5065\u5eb7\u3001\u30a8\u30f3\u30bf\u30fc\u30c6\u30a4\u30e1\u30f3\u30c8\u306a\u3069\u3001\u69d8\u3005\u306a\u30cb\u30c3\u30c1\u5206\u91ce\u306b\u304a\u3051\u308b\u30a2\u30d7\u30ea\u306e\u91cd\u8981\u6027\u3092\u8a8d\u8b58\u3057\u3066\u3044\u307e\u3059\u3002\u79c1\u305f\u3061\u306e\u4f7f\u547d\u306f\u3001\u30b9\u30dd\u30fc\u30c4\u754c\u3060\u3051\u3067\u306a\u304f\u3001\u4eba\u751f\u3092\u3088\u308a\u4fbf\u5229\u3067\u697d\u3057\u304f\u3001\u305d\u3057\u3066\u6709\u610f\u7fa9\u306b\u3059\u308b\u30a2\u30d7\u30ea\u306e\u6700\u65b0\u30cb\u30e5\u30fc\u30b9\u3084\u30c8\u30ec\u30f3\u30c9\u3092\u304a\u5c4a\u3051\u3059\u308b\u3053\u3068\u3067\u3059\u3002\u8ab0\u304c\u2026 <a class=\"more-link\" href=\"https:\/\/minutovip.com\/ja\/about\/\">\u7d9a\u304d\u3092\u8aad\u3080 <span class=\"screen-reader-text\">\u306e\u4e0a<\/span><\/a><\/p>","protected":false},"author":3,"featured_media":0,"parent":0,"menu_order":0,"comment_status":"closed","ping_status":"closed","template":"","meta":[],"yoast_head":"<!-- This site is optimized with the Yoast SEO Premium plugin v18.7 (Yoast SEO v19.1) - https:\/\/yoast.com\/wordpress\/plugins\/seo\/ -->\n<title>Sobre - Minuto VIP<\/title>\n<meta name=\"robots\" content=\"index, follow, max-snippet:-1, max-image-preview:large, max-video-preview:-1\" \/>\n<link rel=\"canonical\" href=\"https:\/\/minutovip.com\/ja\/about\/\" \/>\n<meta property=\"og:locale\" content=\"ja_JP\" \/>\n<meta property=\"og:type\" content=\"article\" \/>\n<meta property=\"og:title\" content=\"Sobre\" \/>\n<meta property=\"og:description\" content=\"O que voc\u00ea quer aprender hoje? No Minuto Vip, buscamos oferecer entretenimento, not\u00edcias, informa\u00e7\u00f5es e aplicativos do mundo, proporcionando dicas sobre tudo que acontece nesse universo m\u00e1gico de lazer e divers\u00e3o. Acreditamos firmemente que a melhoria cont\u00ednua, combinada com a determina\u00e7\u00e3o e a persist\u00eancia, s\u00e3o os segredos do sucesso e de uma vida com significado. Aqui, rejeitamos a ideia de &#8220;sorte&#8221;. Al\u00e9m disso, reconhecemos a import\u00e2ncia dos aplicativos em diversos nichos, seja para relacionamentos, sa\u00fade, entretenimento e muito mais. Nossa miss\u00e3o \u00e9 mant\u00ea-lo atualizado n\u00e3o apenas sobre o mundo esportivo, mas tamb\u00e9m sobre as \u00faltimas novidades e tend\u00eancias nos aplicativos que tornam a vida mais f\u00e1cil, divertida e significativa. Quem&hellip; Continue reading Sobre\" \/>\n<meta property=\"og:url\" content=\"https:\/\/minutovip.com\/ja\/about\/\" \/>\n<meta property=\"og:site_name\" content=\"Minuto VIP\" \/>\n<meta property=\"article:modified_time\" content=\"2024-03-14T19:04:39+00:00\" \/>\n<meta name=\"twitter:card\" content=\"summary_large_image\" \/>\n<meta name=\"twitter:label1\" content=\"Est. reading time\" \/>\n\t<meta name=\"twitter:data1\" content=\"1\u5206\" \/>\n<script type=\"application\/ld+json\" class=\"yoast-schema-graph\">{\"@context\":\"https:\/\/schema.org\",\"@graph\":[{\"@type\":\"WebSite\",\"@id\":\"https:\/\/minutovip.com\/#website\",\"url\":\"https:\/\/minutovip.com\/\",\"name\":\"Minuto VIP\",\"description\":\"O Minuto vip \u00e9 um site online que oferece not\u00edcias atualizadas do mundo do Futebol\",\"potentialAction\":[{\"@type\":\"SearchAction\",\"target\":{\"@type\":\"EntryPoint\",\"urlTemplate\":\"https:\/\/minutovip.com\/?s={search_term_string}\"},\"query-input\":\"required name=search_term_string\"}],\"inLanguage\":\"ja\"},{\"@type\":\"WebPage\",\"@id\":\"https:\/\/minutovip.com\/about\/#webpage\",\"url\":\"https:\/\/minutovip.com\/about\/\",\"name\":\"Sobre - Minuto VIP\",\"isPartOf\":{\"@id\":\"https:\/\/minutovip.com\/#website\"},\"datePublished\":\"2022-10-26T14:47:50+00:00\",\"dateModified\":\"2024-03-14T19:04:39+00:00\",\"breadcrumb\":{\"@id\":\"https:\/\/minutovip.com\/about\/#breadcrumb\"},\"inLanguage\":\"ja\",\"potentialAction\":[{\"@type\":\"ReadAction\",\"target\":[\"https:\/\/minutovip.com\/about\/\"]}]},{\"@type\":\"BreadcrumbList\",\"@id\":\"https:\/\/minutovip.com\/about\/#breadcrumb\",\"itemListElement\":[{\"@type\":\"ListItem\",\"position\":1,\"name\":\"Home\",\"item\":\"https:\/\/minutovip.com\/\"},{\"@type\":\"ListItem\",\"position\":2,\"name\":\"Sobre\"}]}]}<\/script>\n<!-- \/ Yoast SEO Premium plugin. -->","yoast_head_json":{"title":"Sobre - Minuto VIP","robots":{"index":"index","follow":"follow","max-snippet":"max-snippet:-1","max-image-preview":"max-image-preview:large","max-video-preview":"max-video-preview:-1"},"canonical":"https:\/\/minutovip.com\/ja\/about\/","og_locale":"ja_JP","og_type":"article","og_title":"Sobre","og_description":"O que voc\u00ea quer aprender hoje? No Minuto Vip, buscamos oferecer entretenimento, not\u00edcias, informa\u00e7\u00f5es e aplicativos do mundo, proporcionando dicas sobre tudo que acontece nesse universo m\u00e1gico de lazer e divers\u00e3o. Acreditamos firmemente que a melhoria cont\u00ednua, combinada com a determina\u00e7\u00e3o e a persist\u00eancia, s\u00e3o os segredos do sucesso e de uma vida com significado. Aqui, rejeitamos a ideia de &#8220;sorte&#8221;. Al\u00e9m disso, reconhecemos a import\u00e2ncia dos aplicativos em diversos nichos, seja para relacionamentos, sa\u00fade, entretenimento e muito mais. Nossa miss\u00e3o \u00e9 mant\u00ea-lo atualizado n\u00e3o apenas sobre o mundo esportivo, mas tamb\u00e9m sobre as \u00faltimas novidades e tend\u00eancias nos aplicativos que tornam a vida mais f\u00e1cil, divertida e significativa. Quem&hellip; Continue reading Sobre","og_url":"https:\/\/minutovip.com\/ja\/about\/","og_site_name":"Minuto VIP","article_modified_time":"2024-03-14T19:04:39+00:00","twitter_card":"summary_large_image","twitter_misc":{"Est. reading time":"1\u5206"},"schema":{"@context":"https:\/\/schema.org","@graph":[{"@type":"WebSite","@id":"https:\/\/minutovip.com\/#website","url":"https:\/\/minutovip.com\/","name":"Minuto VIP","description":"O Minuto vip \u00e9 um site online que oferece not\u00edcias atualizadas do mundo do Futebol","potentialAction":[{"@type":"SearchAction","target":{"@type":"EntryPoint","urlTemplate":"https:\/\/minutovip.com\/?s={search_term_string}"},"query-input":"required name=search_term_string"}],"inLanguage":"ja"},{"@type":"WebPage","@id":"https:\/\/minutovip.com\/about\/#webpage","url":"https:\/\/minutovip.com\/about\/","name":"Sobre - Minuto VIP","isPartOf":{"@id":"https:\/\/minutovip.com\/#website"},"datePublished":"2022-10-26T14:47:50+00:00","dateModified":"2024-03-14T19:04:39+00:00","breadcrumb":{"@id":"https:\/\/minutovip.com\/about\/#breadcrumb"},"inLanguage":"ja","potentialAction":[{"@type":"ReadAction","target":["https:\/\/minutovip.com\/about\/"]}]},{"@type":"BreadcrumbList","@id":"https:\/\/minutovip.com\/about\/#breadcrumb","itemListElement":[{"@type":"ListItem","position":1,"name":"Home","item":"https:\/\/minutovip.com\/"},{"@type":"ListItem","position":2,"name":"Sobre"}]}]}},"_links":{"self":[{"href":"https:\/\/minutovip.com\/ja\/wp-json\/wp\/v2\/pages\/98"}],"collection":[{"href":"https:\/\/minutovip.com\/ja\/wp-json\/wp\/v2\/pages"}],"about":[{"href":"https:\/\/minutovip.com\/ja\/wp-json\/wp\/v2\/types\/page"}],"author":[{"embeddable":true,"href":"https:\/\/minutovip.com\/ja\/wp-json\/wp\/v2\/users\/3"}],"replies":[{"embeddable":true,"href":"https:\/\/minutovip.com\/ja\/wp-json\/wp\/v2\/comments?post=98"}],"version-history":[{"count":0,"href":"https:\/\/minutovip.com\/ja\/wp-json\/wp\/v2\/pages\/98\/revisions"}],"wp:attachment":[{"href":"https:\/\/minutovip.com\/ja\/wp-json\/wp\/v2\/media?parent=98"}],"curies":[{"name":"wp","href":"https:\/\/api.w.org\/{rel}","templated":true}]}}