{"id":94,"date":"2022-10-26T14:45:21","date_gmt":"2022-10-26T14:45:21","guid":{"rendered":"https:\/\/minutovip.com\/?page_id=94"},"modified":"2026-02-17T17:17:45","modified_gmt":"2026-02-17T17:17:45","slug":"terms","status":"publish","type":"page","link":"https:\/\/minutovip.com\/ko\/terms\/","title":{"rendered":"\uc774\uc6a9 \uc57d\uad00 \u2013 VIP Minute"},"content":{"rendered":"<div class=\"mx-5 sm:mx-0 prose leading-relaxed text-lg mb-5 text-left wp-paragraph\">\n<p>2026\ub144 2\uc6d4 17\uc77c \uc5c5\ub370\uc774\ud2b8\ub428.<\/p>\n<\/div><div class=\"mx-5 sm:mx-0 prose leading-relaxed text-lg mb-5 text-left wp-paragraph\">\n<p>\uadf8\ub9cc\ud07c <strong>MinutoVip O\u00dc<\/strong>\uc5d0\uc2a4\ud1a0\ub2c8\uc544\uc5d0 \ubcf8\uc0ac\ub97c \ub454 \uc720\ud55c\ucc45\uc784\ud68c\uc0ac(O\u00dc)\uc778 Minuto VIP(\ub4f1\ub85d\ubc88\ud638 16698741)\ub294 \uc5d0\uc2a4\ud1a0\ub2c8\uc544 \ud558\ub974\uc720(Harju) 10111, \ud0c8\ub9b0(Tallinn)\uc758 \ub85c\ud14c\ub974\ub9cc\ub2c8 \uac70\ub9ac 14-32\ubc88\uc9c0(Rotermanni Street tn 14-32)\uc5d0 \uc0ac\ubb34\uc2e4\uc744 \ub450\uace0 \uc788\uc2b5\ub2c8\ub2e4. \uc774 \ud68c\uc0ac\ub294 Minuto VIP \uc6f9\uc0ac\uc774\ud2b8(\uc8fc\uc18c: )\ub97c \uc18c\uc720 \ubc0f \uc6b4\uc601\ud558\uace0 \uc788\uc2b5\ub2c8\ub2e4. <a target=\"_blank\" rel=\"noreferrer noopener\" href=\"\">https:\/\/minutovip.com<\/a>.<\/p>\n<\/div><div class=\"mx-5 sm:mx-0 prose leading-relaxed text-lg mb-5 text-left wp-paragraph\">\n<p>Minuto VIP\ub294 \ubcf8 \ud3ec\ud138\uc744 \uad00\ub9ac\ud569\ub2c8\ub2e4. \ubcf8\ubb38\uc5d0\uc11c &#039;\uc800\ud76c&#039;, &#039;\uc6b0\ub9ac&#039; \ub610\ub294 &#039;\ub2f9\uc0ac&#039;\ub294 Minuto VIP\ub97c \uc9c1\uc811\uc801\uc73c\ub85c \uc9c0\uce6d\ud569\ub2c8\ub2e4. \ubcf8 \ud3ec\ud138\uc740 Minuto VIP\uac00 \uc81c\uacf5\ud558\uba70, \uc0ac\uc6a9\uc790\ub294 \ubcf8 \uc57d\uad00, \uc870\uac74 \ubc0f \uc815\ucc45\uc744 \uc804\uc801\uc73c\ub85c \uc218\ub77d\ud574\uc57c \ud569\ub2c8\ub2e4.<\/p>\n<\/div><div class=\"mx-5 sm:mx-0 prose leading-relaxed text-lg mb-5 text-left wp-paragraph\">\n<p>Minuto VIP\ub294 \uad6d\ub0b4\uc678 \uc81c\uacf5\uc5c5\uccb4\uc758 \uc81c\ud488 \ubc0f \uc11c\ube44\uc2a4(\uc571, \uc2a4\ud3ec\uce20 \ud3ec\ud568)\uc5d0 \ub300\ud55c \uc720\uc775\ud55c \ucf58\ud150\uce20\uc640 \ubd84\uc11d\uc744 \uc81c\uacf5\ud558\ub294 \ucc44\ub110\uc785\ub2c8\ub2e4. \ubcf8 \uc0ac\uc774\ud2b8 \uc774\uc6a9 \uc2dc \uc774\uc6a9\uc57d\uad00 \ubc0f \uac1c\uc778\uc815\ubcf4\ucc98\ub9ac\ubc29\uce68\uc5d0 \ub3d9\uc758\ud558\uc154\uc57c \ud569\ub2c8\ub2e4.<a target=\"_blank\" rel=\"noreferrer noopener\" href=\"\">https:\/\/minutovip.com\/privacy\/<\/a>), \uad00\ub828 \ubc95\uaddc\uc5d0 \ub530\ub77c.<\/p>\n<\/div><div class=\"mx-5 sm:mx-0 prose leading-relaxed text-lg mb-5 text-left wp-paragraph\">\n<p>\uc5ec\uae30\uc5d0 \uc124\uba85\ub41c \uc57d\uad00\uc5d0 \ub3d9\uc758\ud558\uc9c0 \uc54a\uc73c\uc2dc\uba74 Minuto VIP\uc5d0\uc11c \uc81c\uacf5\ud558\ub294 \uc11c\ube44\uc2a4\ub97c \uc774\uc6a9\ud558\uc9c0 \ub9c8\uc2dc\uae30 \ubc14\ub78d\ub2c8\ub2e4.<\/p>\n<\/div><!--advertisement--><div class=\"mx-5 sm:mx-0 sm:text-3xl text-2xl font-medium title-font mb-4 text-gray-900 text-left\">\n<h2 id=\"h-secao-i-acesso-ao-minuto-vip\">\uc81c1\ubd80 \u2013 VIP \ubbf8\ub2db \uc774\uc6a9 \ubc29\ubc95<\/h2>\n<\/div><div class=\"mx-5 sm:mx-0 prose leading-relaxed text-lg mb-5 text-left wp-paragraph\">\n<p><strong>1.1 <\/strong>Minuto VIP\ub97c \uc774\uc6a9\ud568\uc73c\ub85c\uc368 \uadc0\ud558\ub294 \uc77c\ubc18 \uc774\uc6a9 \uc57d\uad00 \ubc0f \uac1c\uc778\uc815\ubcf4 \ubcf4\ud638\uc815\ucc45\uc744 \uc900\uc218\ud558\ub294 \ub370 \ub3d9\uc758\ud558\uac8c \ub429\ub2c8\ub2e4. <\/p>\n<\/div><div class=\"mx-5 sm:mx-0 prose leading-relaxed text-lg mb-5 text-left wp-paragraph\">\n<p><strong>1.2 <\/strong>\uadc0\ud558\ub294 \ubcf8 \uc57d\uad00\uc5d0 \ub3d9\uc758\ud560 \uc218 \uc788\ub294 \uc644\uc804\ud55c \ubc95\uc801 \ub2a5\ub825\uc744 \uac16\ucd98 \ub9cc 18\uc138 \uc774\uc0c1\uc784\uc744 \ud655\uc778\ud569\ub2c8\ub2e4. <\/p>\n<\/div><div class=\"mx-5 sm:mx-0 prose leading-relaxed text-lg mb-5 text-left wp-paragraph\">\n<p><strong>1.3 <\/strong>\uc5f0\ub839 \uae30\uc900\uc5d0 \ubd80\ud569\ud558\uc9c0 \uc54a\uac70\ub098 \uc774\uc6a9 \uc57d\uad00\uc5d0 \ub3d9\uc758\ud558\uc9c0 \uc54a\ub294 \uacbd\uc6b0, \uc11c\ube44\uc2a4 \uc774\uc6a9\uc744 \uc790\uc81c\ud574 \uc8fc\uc2dc\uae30 \ubc14\ub78d\ub2c8\ub2e4.<\/p>\n<\/div><!--advertisement--><div class=\"mx-5 sm:mx-0 sm:text-3xl text-2xl font-medium title-font mb-4 text-gray-900 text-left\">\n<h2 id=\"h-secao-ii-contato\">\uc139\uc158 II \u2013 \uc5f0\ub77d\ucc98<\/h2>\n<\/div><div class=\"mx-5 sm:mx-0 prose leading-relaxed text-lg mb-5 text-left wp-paragraph\">\n<p><strong>2.1 <\/strong>\uc0ac\uc6a9\uc790\ub294 \uc9c8\ubb38, \ubd88\ub9cc \uc0ac\ud56d \ub610\ub294 \uc815\ubcf4 \ubb38\uc758\ub97c \uc704\ud574 \uace0\uac1d \uc11c\ube44\uc2a4 \ucc44\ub110\uc744 \uc774\uc6a9\ud560 \uc218 \uc788\uc2b5\ub2c8\ub2e4. <strong>2.2 <\/strong>\ubb38\uc758\ub294 \uc544\ub798 \uc591\uc2dd\uc744 \ud1b5\ud574 \ud574\uc8fc\uc2dc\uae30 \ubc14\ub78d\ub2c8\ub2e4: <a style=\" color:;\" href=\"\" target=\"_blank\" rel=\"noreferrer noopener\">https:\/\/minutovip.com\/contact\/<\/a>.<\/p>\n<\/div><!--advertisement--><div class=\"mx-5 sm:mx-0 sm:text-3xl text-2xl font-medium title-font mb-4 text-gray-900 text-left\">\n<h2 id=\"h-secao-iii-responsabilidades-das-partes\">\uc81c3\uc808 \u2013 \ub2f9\uc0ac\uc790\uc758 \ucc45\uc784<\/h2>\n<\/div><div class=\"mx-5 sm:mx-0 prose leading-relaxed text-lg mb-5 text-left wp-paragraph\">\n<p><strong>3.1 \uc2b9\uc778:<\/strong> \uc774 \uc0ac\uc774\ud2b8\uc5d0 \uc811\uc18d\ud568\uc73c\ub85c\uc368 \uadc0\ud558\ub294 \ubcf8 \uc57d\uad00 \ubc0f \uc815\ucc45\uc744 \uc774\ud574\ud558\uace0 \ub3d9\uc758\ud588\uc74c\uc744 \ud655\uc778\ud569\ub2c8\ub2e4. <\/p>\n<\/div><div class=\"mx-5 sm:mx-0 prose leading-relaxed text-lg mb-5 text-left wp-paragraph\">\n<p><strong>3.2 \uc678\ubd80 \ub9c1\ud06c: <\/strong>\uc800\ud76c\ub294 \ud30c\ud2b8\ub108\uc0ac \ub9c1\ud06c\ub97c \uc81c\uacf5\ud569\ub2c8\ub2e4. \ud574\ub2f9 \ud30c\ud2b8\ub108\uc0ac\ub97c \ud1b5\ud55c \uc11c\ube44\uc2a4 \uacc4\uc57d\uc740 Minuto VIP\uc758 \uc9c1\uc811\uc801\uc778 \uac1c\uc785 \uc5c6\uc774 \uc9c4\ud589\ub429\ub2c8\ub2e4. <\/p>\n<\/div><div class=\"mx-5 sm:mx-0 prose leading-relaxed text-lg mb-5 text-left wp-paragraph\">\n<p><strong>3.3 \ud30c\ud2b8\ub108 \uc0ac\uc774\ud2b8: <\/strong>\uc81c\ud734 \uc6f9\uc0ac\uc774\ud2b8\ub97c \ubc29\ubb38\ud560 \ub54c\ub294 \ud574\ub2f9 \uc6f9\uc0ac\uc774\ud2b8\uc758 \ud2b9\uc815 \uc57d\uad00 \ubc0f \uc815\ucc45\uc5d0 \ub3d9\uc758\ud574\uc57c \ud569\ub2c8\ub2e4. <\/p>\n<\/div><div class=\"mx-5 sm:mx-0 prose leading-relaxed text-lg mb-5 text-left wp-paragraph\">\n<p><strong>3.4 \uba74\uc81c:<\/strong> \ub2f9\uc0ac\ub294 \uc81c3\uc790\uc640\uc758 \uac70\ub798 \uc870\uac74, \uc815\ucc45 \ub610\ub294 \uacc4\uc57d\uc5d0 \ub300\ud574 \ucc45\uc784\uc744 \uc9c0\uc9c0 \uc54a\uc2b5\ub2c8\ub2e4. <\/p>\n<\/div><div class=\"mx-5 sm:mx-0 prose leading-relaxed text-lg mb-5 text-left wp-paragraph\">\n<p><strong>3.5 \ubcf4\uc548:<\/strong> \ub2f9\uc0ac\ub294 \ubc14\uc774\ub7ec\uc2a4 \ub610\ub294 \uc545\uc131 \uc18c\ud504\ud2b8\uc6e8\uc5b4\ub85c \uc778\ud55c \uc190\ud574\uc5d0 \ub300\ud574 \ucc45\uc784\uc9c0\uc9c0 \uc54a\uc2b5\ub2c8\ub2e4. \ubc31\uc2e0 \uc18c\ud504\ud2b8\uc6e8\uc5b4\ub97c \ucd5c\uc2e0 \uc0c1\ud0dc\ub85c \uc720\uc9c0\ud558\uc2ed\uc2dc\uc624. <\/p>\n<\/div><div class=\"mx-5 sm:mx-0 prose leading-relaxed text-lg mb-5 text-left wp-paragraph\">\n<p><strong>3.6 \uc81c\ud55c \uc0ac\ud56d:<\/strong> Minuto VIP\ub294 \uc0ac\uc774\ud2b8 \uc624\uc6a9 \ub610\ub294 \ubd88\uac00\ud56d\ub825\uc73c\ub85c \uc778\ud574 \ubc1c\uc0dd\ud558\ub294 \uc190\ud574\uc5d0 \ub300\ud574 \ucc45\uc784\uc744 \uc9c0\uc9c0 \uc54a\uc2b5\ub2c8\ub2e4. <\/p>\n<\/div><div class=\"mx-5 sm:mx-0 prose leading-relaxed text-lg mb-5 text-left wp-paragraph\">\n<p><strong>3.7 \uac70\ub798:<\/strong> Minuto VIP\ub294 \uae08\uc735 \uc0c1\ud488 \uc81c\uacf5\uc744 \uc704\ud574 \uacb0\uc81c, \uc608\uce58 \ub610\ub294 \uc1a1\uae08\uc744 \uc694\uad6c\ud558\uc9c0 \uc54a\uc2b5\ub2c8\ub2e4. <\/p>\n<\/div><div class=\"mx-5 sm:mx-0 prose leading-relaxed text-lg mb-5 text-left wp-paragraph\">\n<p><strong>3.8 \uc54c\ub9bc:<\/strong> \uc800\ud76c\ub294 \uac1c\uc778 \uc815\ubcf4\ub97c \uc694\uad6c\ud558\uac70\ub098 \uc2e4\ud589 \uac00\ub2a5\ud55c \ucca8\ubd80 \ud30c\uc77c\uc744 \ud3ec\ud568\ud55c \uc774\uba54\uc77c\uc744 \uc808\ub300 \ubcf4\ub0b4\uc9c0 \uc54a\uc2b5\ub2c8\ub2e4.<\/p>\n<\/div><!--advertisement--><div class=\"mx-5 sm:mx-0 sm:text-3xl text-2xl font-medium title-font mb-4 text-gray-900 text-left\">\n<h2 id=\"h-secao-iv-publicidade-de-terceiros-e-tecnologias-de-rastreamento-cookies\">\uc81c4\uc808 \u2013 \uc81c3\uc790 \uad11\uace0 \ubc0f \ucd94\uc801 \uae30\uc220(\ucfe0\ud0a4)<\/h2>\n<\/div><div class=\"mx-5 sm:mx-0 prose leading-relaxed text-lg mb-5 text-left wp-paragraph\">\n<p><strong>4.1 <\/strong>Minuto VIP\ub294 \ucfe0\ud0a4\ub97c \uc0ac\uc6a9\ud558\uc5ec \uc0ac\uc6a9\uc790 \uacbd\ud5d8\uc744 \uac1c\uc120\ud558\uace0 \ub2e4\uc591\ud55c \ub124\ud2b8\uc6cc\ud06c\ub97c \ud1b5\ud574 \ub9de\ucda4\ud615 \uad11\uace0\ub97c \uc81c\uacf5\ud569\ub2c8\ub2e4. <strong>\uad6c\uae00 \uc560\ub4dc\uc13c\uc2a4<\/strong>. <\/p>\n<\/div><div class=\"mx-5 sm:mx-0 prose leading-relaxed text-lg mb-5 text-left wp-paragraph\">\n<p><strong>4.2 \uad6c\uae00 \uad11\uace0:<\/strong> Google\uc740 \uc0ac\uc6a9\uc790\uc758 \ubc29\ubb38 \uae30\ub85d\uc744 \uae30\ubc18\uc73c\ub85c \ub9de\ucda4\ud615 \uad11\uace0\ub97c \ud45c\uc2dc\ud558\uae30 \uc704\ud574 \ucfe0\ud0a4\ub97c \uc0ac\uc6a9\ud569\ub2c8\ub2e4. \ub9de\ucda4 \uad11\uace0\ub294 \ub2e4\uc74c \ub9c1\ud06c\uc5d0\uc11c \uad00\ub9ac\ud558\uac70\ub098 \ube44\ud65c\uc131\ud654\ud560 \uc218 \uc788\uc2b5\ub2c8\ub2e4. <a style=\" color:;\" href=\"\" target=\"_blank\" rel=\"noreferrer noopener\">https:\/\/adssettings.google.com<\/a>. <\/p>\n<\/div><div class=\"mx-5 sm:mx-0 prose leading-relaxed text-lg mb-5 text-left wp-paragraph\">\n<p>4.3 <strong>\uc635\ud2b8\uc544\uc6c3 \uae00\ub85c\ubc8c:<\/strong> \ub610\ud55c \ub2e4\uc74c \uc6f9\uc0ac\uc774\ud2b8\ub97c \ubc29\ubb38\ud558\uc5ec \ub2e4\uc591\ud55c \uc81c3\uc790 \uc81c\uacf5\uc5c5\uccb4\uc758 \uad11\uace0 \ucfe0\ud0a4\ub97c \ube44\ud65c\uc131\ud654\ud560 \uc218 \uc788\uc2b5\ub2c8\ub2e4. <a style=\" color:;\" href=\"\" target=\"_blank\" rel=\"noreferrer noopener\">www.aboutads.info<\/a>. <\/p>\n<\/div><div class=\"mx-5 sm:mx-0 prose leading-relaxed text-lg mb-5 text-left wp-paragraph\">\n<p><strong>4.4 <\/strong>\uc774 \uc6f9\uc0ac\uc774\ud2b8\ub97c \ud0d0\uc0c9\ud568\uc73c\ub85c\uc368 \uadc0\ud558\ub294 \ub2f9\uc0ac\uc758 \uac1c\uc778\uc815\ubcf4 \ubcf4\ud638\uc815\ucc45\uc5d0 \ub530\ub77c \uc774\ub7ec\ud55c \uc81c\uacf5\uc5c5\uccb4\ub4e4\uc774 \ub370\uc774\ud130\ub97c \uc218\uc9d1\ud558\ub294 \ub370 \ub3d9\uc758\ud558\uac8c \ub429\ub2c8\ub2e4.<\/p>\n<\/div><!--advertisement--><div class=\"mx-5 sm:mx-0 sm:text-3xl text-2xl font-medium title-font mb-4 text-gray-900 text-left\">\n<h2>\uc81c5\uc7a5 - \uc774\uc6a9 \uaddc\uce59 \ubc0f \uae08\uc9c0 \uc0ac\ud56d<\/h2>\n<\/div><div class=\"mx-5 sm:mx-0 prose leading-relaxed text-lg mb-5 text-left wp-paragraph\">\n<p>\uc774\ub294 \uc5c4\uaca9\ud788 \uae08\uc9c0\ub418\uc5b4 \uc788\uc2b5\ub2c8\ub2e4.<\/p>\n<\/div><div class=\"mx-5 sm:mx-0 prose text-left mb-5\">\n<ul><li>\ubd88\ubc95\uc801\uc778 \ud65c\ub3d9\uc5d0 \uc0ac\uc774\ud2b8\ub97c \uc774\uc6a9\ud558\ub294 \uac83.<\/li><li>\uad6d\ub0b4 \ub610\ub294 \uad6d\uc81c \uaddc\uc815\uc744 \uc704\ubc18\ud558\ub294 \ud589\uc704.<\/li><li>\uc9c0\uc801\uc7ac\uc0b0\uad8c\uc744 \uce68\ud574\ud558\ub294 \ud589\uc704.<\/li><li>\uc5b4\ub5a0\ud55c \ud615\ud0dc\uc758 \uad34\ub86d\ud798, \ud559\ub300 \ub610\ub294 \ucc28\ubcc4 \ud589\uc704\uc5d0 \uac00\ub2f4\ud558\ub294 \uac83.<\/li><li>\ud5c8\uc704 \uc815\ubcf4, \ubc14\uc774\ub7ec\uc2a4 \ub610\ub294 \uc545\uc131 \ucf54\ub4dc\ub97c \uc720\ud3ec\ud558\ub294 \ud589\uc704.<\/li><li>\ud65c\ub3d9\uc744 \uc218\ud589\ud569\ub2c8\ub2e4 <em>\uc2a4\ud338, \ud53c\uc2f1, \ud06c\ub864\ub9c1<\/em> \ub610\ub294 <em>\uae01\ub2e4<\/em>.<\/li><li>\ubcf8 \uc0ac\uc774\ud2b8\ub97c \uc74c\ub780\ud558\uac70\ub098 \ubd80\ub3c4\ub355\ud55c \ubaa9\uc801\uc73c\ub85c \uc774\uc6a9\ud569\ub2c8\ub2e4.<\/li><\/ul>\n<\/div><!--advertisement--><div class=\"mx-5 sm:mx-0 sm:text-3xl text-2xl font-medium title-font mb-4 text-gray-900 text-left\">\n<h2>\uc81c6\uc7a5 \u2013 \ucc45\uc784 \ubc0f \ubcf4\uc99d\uc758 \uc81c\ud55c<\/h2>\n<\/div><div class=\"mx-5 sm:mx-0 prose leading-relaxed text-lg mb-5 text-left wp-paragraph\">\n<p><strong>6.1 <\/strong>\uc11c\ube44\uc2a4 \uc774\uc6a9\uc740 \uac04\ud5d0\uc801\uc774\uac70\ub098 \uc0ac\uc804 \uace0\uc9c0 \uc5c6\uc774 \uc911\ub2e8\ub420 \uc218 \uc788\uc2b5\ub2c8\ub2e4. <\/p>\n<\/div><div class=\"mx-5 sm:mx-0 prose leading-relaxed text-lg mb-5 text-left wp-paragraph\">\n<p><strong>6.2 <\/strong>\uc800\ud76c\ub294 \uacb0\uacfc\uc758 \uc815\ud655\uc131\uc774\ub098 \uc644\uc804\ud55c \uc2e0\ub8b0\uc131\uc744 \ubcf4\uc7a5\ud558\uc9c0 \uc54a\uace0 &quot;\uc788\ub294 \uadf8\ub300\ub85c&quot; \uc11c\ube44\uc2a4\ub97c \uc81c\uacf5\ud569\ub2c8\ub2e4. <strong>6.3 <\/strong>Minuto VIP \ubc0f \uadf8 \ub300\ub9ac\uc778\uc740 \uc11c\ube44\uc2a4 \uc774\uc6a9\uc73c\ub85c \uc778\ud574 \ubc1c\uc0dd\ud558\ub294 \uc774\uc775 \uc190\uc2e4, \ub370\uc774\ud130 \uc190\uc2e4 \ub610\ub294 \ubb34\ud615\uc758 \uc190\ud574\uc5d0 \ub300\ud574 \ucc45\uc784\uc744 \uc9c0\uc9c0 \uc54a\uc2b5\ub2c8\ub2e4.<\/p>\n<\/div><!--advertisement--><div class=\"mx-5 sm:mx-0 sm:text-3xl text-2xl font-medium title-font mb-4 text-gray-900 text-left\">\n<h2>\uc81c7\uc808 \u2013 \uc720\ud6a8\uae30\uac04 \ubc0f \ub9cc\ub8cc\uae30\uac04<\/h2>\n<\/div><div class=\"mx-5 sm:mx-0 prose leading-relaxed text-lg mb-5 text-left wp-paragraph\">\n<p><strong>7.1 <\/strong>\ud574\ub2f9 \uc57d\uad00\uc740 \ubb34\uae30\ud55c\uc73c\ub85c \uc720\ud6a8\ud569\ub2c8\ub2e4. <\/p>\n<\/div><div class=\"mx-5 sm:mx-0 prose leading-relaxed text-lg mb-5 text-left wp-paragraph\">\n<p><strong>7.2 <\/strong>\uc0ac\uc774\ud2b8 \uc774\uc6a9\uacfc \uad00\ub828\ub41c \ubaa8\ub4e0 \ubc95\uc801 \uc870\uce58\ub294 \ub2e4\uc74c \uae30\ud55c \ub0b4\uc5d0 \uc81c\uae30\ub418\uc5b4\uc57c \ud569\ub2c8\ub2e4. <strong>90\uc77c<\/strong> \ub3d9\uae30\ub97c \ubd80\uc5ec\ud55c \uc0ac\uac74\ubd80\ud130 \uc2dc\uc791\ud574\uc11c.<\/p>\n<\/div><!--advertisement--><div class=\"mx-5 sm:mx-0 sm:text-3xl text-2xl font-medium title-font mb-4 text-gray-900 text-left\">\n<h2>\uc81c8\uc808 \u2013 \uc801\uc6a9 \ubc95\ub960 \ubc0f \uad00\ud560\uad8c<\/h2>\n<\/div><div class=\"mx-5 sm:mx-0 prose leading-relaxed text-lg mb-5 text-left wp-paragraph\">\n<p><strong>8.1 \ubc95\uc801 \uaddc\uc81c:<\/strong> \ubcf8 \uc57d\uad00\uc740 \ube0c\ub77c\uc9c8 \uc5f0\ubc29 \uacf5\ud654\uad6d\uc758 \ubc95\ub960(\ubbfc\ubc95, \uc18c\ube44\uc790\ubcf4\ud638\ubc95, \ube0c\ub77c\uc9c8 \uc778\ud130\ub137 \uad8c\ub9ac\uc7a5\uc804 \ubc0f \ube0c\ub77c\uc9c8 \uac1c\uc778\uc815\ubcf4\ubcf4\ud638\ubc95)\uc758 \uc801\uc6a9\uc744 \ubc1b\uc2b5\ub2c8\ub2e4. <\/p>\n<\/div><div class=\"mx-5 sm:mx-0 prose leading-relaxed text-lg mb-5 text-left wp-paragraph\">\n<p><strong>8.2 \ud3ec\ub7fc:<\/strong> \uc0ac\uc6a9\uc790\uc758 \uc0ac\ubc95 \uc811\uadfc\uad8c\uc744 \ubcf4\uc7a5\ud558\uae30 \uc704\ud574, \ubcf8 \uc57d\uad00 \ub610\ub294 \uac1c\uc778\uc815\ubcf4 \ucc98\ub9ac\ubc29\uce68\uc5d0\uc11c \ubc1c\uc0dd\ud558\ub294 \ubaa8\ub4e0 \ubd84\uc7c1\uc740 \uc0ac\uc6a9\uc790\uc758 \uac70\uc8fc\uc9c0 \uad00\ud560 \ubc95\uc6d0\uc5d0\uc11c \ud574\uacb0\ub429\ub2c8\ub2e4.<\/p>\n<\/div><!--advertisement--><div class=\"mx-5 sm:mx-0 sm:text-3xl text-2xl font-medium title-font mb-4 text-gray-900 text-left\">\n<h2>\uc81c9\uc7a5 \u2013 \uc9c0\uc801\uc7ac\uc0b0\uad8c<\/h2>\n<\/div><div class=\"mx-5 sm:mx-0 prose leading-relaxed text-lg mb-5 text-left wp-paragraph\">\n<p><strong>9.1 <\/strong>MinutoVip O\u00dc\uc758 \ubaa8\ub4e0 \ucf58\ud150\uce20\ub294 \uc800\uc791\uad8c\uc73c\ub85c \ubcf4\ud638\ub429\ub2c8\ub2e4. \uc0ac\uc804 \uc11c\uba74 \ud5c8\uac00 \uc5c6\uc774 \ubcf5\uc81c \ub610\ub294 \ubcc0\uacbd\ud558\ub294 \uac83\uc740 \uae08\uc9c0\ub429\ub2c8\ub2e4. <\/p>\n<\/div><div class=\"mx-5 sm:mx-0 prose leading-relaxed text-lg mb-5 text-left wp-paragraph\">\n<p><strong>9.2 <\/strong>\ub2f9\uc0ac\ub294 \ubcf8 \uc57d\uad00\uc744 \uc704\ubc18\ud558\uac70\ub098 \uc81c3\uc790\uc758 \uad8c\ub9ac\ub97c \uce68\ud574\ud558\ub294 \ucf58\ud150\uce20\ub97c \uc0ad\uc81c\ud560 \uad8c\ub9ac\ub97c \ubcf4\uc720\ud569\ub2c8\ub2e4.<\/p>\n<\/div><!--advertisement--><div class=\"mx-5 sm:mx-0 sm:text-3xl text-2xl font-medium title-font mb-4 text-gray-900 text-left\">\n<h2>\uc81c10\uc7a5 \u2013 \uc57d\uad00 \ubcc0\uacbd<\/h2>\n<\/div><div class=\"mx-5 sm:mx-0 prose leading-relaxed text-lg mb-5 text-left wp-paragraph\">\n<p><strong>10.1 <\/strong>Minuto VIP\ub294 \uc0ac\uc804 \uace0\uc9c0 \uc5c6\uc774 \uc5b8\uc81c\ub4e0\uc9c0 \uc11c\ube44\uc2a4\ub97c \ubcc0\uacbd\ud558\uac70\ub098 \uc911\ub2e8\ud560 \uc218 \uc788\uc2b5\ub2c8\ub2e4. <\/p>\n<\/div><div class=\"mx-5 sm:mx-0 prose leading-relaxed text-lg mb-5 text-left wp-paragraph\">\n<p><strong>10.2 <\/strong>\uc0ac\uc774\ud2b8\ub97c \uacc4\uc18d \uc774\uc6a9\ud558\ub294 \uac83\uc740 \uc5c5\ub370\uc774\ud2b8\ub41c \uc57d\uad00\uc5d0 \ub3d9\uc758\ud558\ub294 \uac83\uc73c\ub85c \uac04\uc8fc\ub429\ub2c8\ub2e4.<\/p>\n<\/div><!--advertisement--><div class=\"mx-5 sm:mx-0 sm:text-3xl text-2xl font-medium title-font mb-4 text-gray-900 text-left\">\n<h2>\uc81c11\uc7a5 \u2013 \uc5f0\ub77d\ucc98 \uc815\ubcf4<\/h2>\n<\/div><div class=\"mx-5 sm:mx-0 prose leading-relaxed text-lg mb-5 text-left wp-paragraph\">\n<p>\ubb38\uc758\uc0ac\ud56d\uc774 \uc788\uc73c\uc2dc\uba74 \uc544\ub798 \uc591\uc2dd\uc744 \uc774\uc6a9\ud574 \uc8fc\uc138\uc694. <a target=\"_blank\" rel=\"noreferrer noopener\" href=\"\">https:\/\/minutovip.com\/contact\/<\/a>.<\/p>\n<\/div>","protected":false},"excerpt":{"rendered":"<p>Atualizado em 17 de Fevereiro de 2026. A MinutoVip O\u00dc, uma empresa de responsabilidade limitada sediada na Est\u00f4nia (O\u00dc), com o n\u00famero de registro 16698741, tem seu escrit\u00f3rio localizado em Tallinn, na Rua Rotermanni tn 14-32, 10111, Harju, Est\u00f4nia. Esta empresa \u00e9 propriet\u00e1ria e operadora do site Minuto VIP, dispon\u00edvel em https:\/\/minutovip.com. O Minuto VIP&hellip; <a class=\"more-link\" href=\"https:\/\/minutovip.com\/ko\/terms\/\">\uacc4\uc18d \uc77d\uae30 <span class=\"screen-reader-text\">\uc774\uc6a9 \uc57d\uad00 \u2013 VIP Minute<\/span><\/a><\/p>","protected":false},"author":3,"featured_media":0,"parent":0,"menu_order":0,"comment_status":"closed","ping_status":"closed","template":"","meta":[],"yoast_head":"<!-- This site is optimized with the Yoast SEO Premium plugin v18.7 (Yoast SEO v19.1) - https:\/\/yoast.com\/wordpress\/plugins\/seo\/ -->\n<title>Termos de Uso - Minuto VIP - Minuto VIP<\/title>\n<meta name=\"robots\" content=\"index, follow, max-snippet:-1, max-image-preview:large, max-video-preview:-1\" \/>\n<link rel=\"canonical\" href=\"https:\/\/minutovip.com\/ko\/terms\/\" \/>\n<meta property=\"og:locale\" content=\"ko_KR\" \/>\n<meta property=\"og:type\" content=\"article\" \/>\n<meta property=\"og:title\" content=\"Termos de Uso - Minuto VIP\" \/>\n<meta property=\"og:description\" content=\"Atualizado em 17 de Fevereiro de 2026. A MinutoVip O\u00dc, uma empresa de responsabilidade limitada sediada na Est\u00f4nia (O\u00dc), com o n\u00famero de registro 16698741, tem seu escrit\u00f3rio localizado em Tallinn, na Rua Rotermanni tn 14-32, 10111, Harju, Est\u00f4nia. Esta empresa \u00e9 propriet\u00e1ria e operadora do site Minuto VIP, dispon\u00edvel em https:\/\/minutovip.com. O Minuto VIP&hellip; Continue reading Termos de Uso &#8211; Minuto VIP\" \/>\n<meta property=\"og:url\" content=\"https:\/\/minutovip.com\/ko\/terms\/\" \/>\n<meta property=\"og:site_name\" content=\"Minuto VIP\" \/>\n<meta property=\"article:modified_time\" content=\"2026-02-17T17:17:45+00:00\" \/>\n<meta name=\"twitter:card\" content=\"summary_large_image\" \/>\n<meta name=\"twitter:label1\" content=\"Est. reading time\" \/>\n\t<meta name=\"twitter:data1\" content=\"5\ubd84\" \/>\n<script type=\"application\/ld+json\" class=\"yoast-schema-graph\">{\"@context\":\"https:\/\/schema.org\",\"@graph\":[{\"@type\":\"WebSite\",\"@id\":\"https:\/\/minutovip.com\/#website\",\"url\":\"https:\/\/minutovip.com\/\",\"name\":\"Minuto VIP\",\"description\":\"O Minuto vip \u00e9 um site online que oferece not\u00edcias atualizadas do mundo do Futebol\",\"potentialAction\":[{\"@type\":\"SearchAction\",\"target\":{\"@type\":\"EntryPoint\",\"urlTemplate\":\"https:\/\/minutovip.com\/?s={search_term_string}\"},\"query-input\":\"required name=search_term_string\"}],\"inLanguage\":\"ko-KR\"},{\"@type\":\"WebPage\",\"@id\":\"https:\/\/minutovip.com\/terms\/#webpage\",\"url\":\"https:\/\/minutovip.com\/terms\/\",\"name\":\"Termos de Uso - Minuto VIP - Minuto VIP\",\"isPartOf\":{\"@id\":\"https:\/\/minutovip.com\/#website\"},\"datePublished\":\"2022-10-26T14:45:21+00:00\",\"dateModified\":\"2026-02-17T17:17:45+00:00\",\"breadcrumb\":{\"@id\":\"https:\/\/minutovip.com\/terms\/#breadcrumb\"},\"inLanguage\":\"ko-KR\",\"potentialAction\":[{\"@type\":\"ReadAction\",\"target\":[\"https:\/\/minutovip.com\/terms\/\"]}]},{\"@type\":\"BreadcrumbList\",\"@id\":\"https:\/\/minutovip.com\/terms\/#breadcrumb\",\"itemListElement\":[{\"@type\":\"ListItem\",\"position\":1,\"name\":\"Home\",\"item\":\"https:\/\/minutovip.com\/\"},{\"@type\":\"ListItem\",\"position\":2,\"name\":\"Termos de Uso &#8211; Minuto VIP\"}]}]}<\/script>\n<!-- \/ Yoast SEO Premium plugin. -->","yoast_head_json":{"title":"Termos de Uso - Minuto VIP - Minuto VIP","robots":{"index":"index","follow":"follow","max-snippet":"max-snippet:-1","max-image-preview":"max-image-preview:large","max-video-preview":"max-video-preview:-1"},"canonical":"https:\/\/minutovip.com\/ko\/terms\/","og_locale":"ko_KR","og_type":"article","og_title":"Termos de Uso - Minuto VIP","og_description":"Atualizado em 17 de Fevereiro de 2026. A MinutoVip O\u00dc, uma empresa de responsabilidade limitada sediada na Est\u00f4nia (O\u00dc), com o n\u00famero de registro 16698741, tem seu escrit\u00f3rio localizado em Tallinn, na Rua Rotermanni tn 14-32, 10111, Harju, Est\u00f4nia. Esta empresa \u00e9 propriet\u00e1ria e operadora do site Minuto VIP, dispon\u00edvel em https:\/\/minutovip.com. O Minuto VIP&hellip; Continue reading Termos de Uso &#8211; Minuto VIP","og_url":"https:\/\/minutovip.com\/ko\/terms\/","og_site_name":"Minuto VIP","article_modified_time":"2026-02-17T17:17:45+00:00","twitter_card":"summary_large_image","twitter_misc":{"Est. reading time":"5\ubd84"},"schema":{"@context":"https:\/\/schema.org","@graph":[{"@type":"WebSite","@id":"https:\/\/minutovip.com\/#website","url":"https:\/\/minutovip.com\/","name":"Minuto VIP","description":"O Minuto vip \u00e9 um site online que oferece not\u00edcias atualizadas do mundo do Futebol","potentialAction":[{"@type":"SearchAction","target":{"@type":"EntryPoint","urlTemplate":"https:\/\/minutovip.com\/?s={search_term_string}"},"query-input":"required name=search_term_string"}],"inLanguage":"ko-KR"},{"@type":"WebPage","@id":"https:\/\/minutovip.com\/terms\/#webpage","url":"https:\/\/minutovip.com\/terms\/","name":"Termos de Uso - Minuto VIP - Minuto VIP","isPartOf":{"@id":"https:\/\/minutovip.com\/#website"},"datePublished":"2022-10-26T14:45:21+00:00","dateModified":"2026-02-17T17:17:45+00:00","breadcrumb":{"@id":"https:\/\/minutovip.com\/terms\/#breadcrumb"},"inLanguage":"ko-KR","potentialAction":[{"@type":"ReadAction","target":["https:\/\/minutovip.com\/terms\/"]}]},{"@type":"BreadcrumbList","@id":"https:\/\/minutovip.com\/terms\/#breadcrumb","itemListElement":[{"@type":"ListItem","position":1,"name":"Home","item":"https:\/\/minutovip.com\/"},{"@type":"ListItem","position":2,"name":"Termos de Uso &#8211; Minuto VIP"}]}]}},"_links":{"self":[{"href":"https:\/\/minutovip.com\/ko\/wp-json\/wp\/v2\/pages\/94"}],"collection":[{"href":"https:\/\/minutovip.com\/ko\/wp-json\/wp\/v2\/pages"}],"about":[{"href":"https:\/\/minutovip.com\/ko\/wp-json\/wp\/v2\/types\/page"}],"author":[{"embeddable":true,"href":"https:\/\/minutovip.com\/ko\/wp-json\/wp\/v2\/users\/3"}],"replies":[{"embeddable":true,"href":"https:\/\/minutovip.com\/ko\/wp-json\/wp\/v2\/comments?post=94"}],"version-history":[{"count":0,"href":"https:\/\/minutovip.com\/ko\/wp-json\/wp\/v2\/pages\/94\/revisions"}],"wp:attachment":[{"href":"https:\/\/minutovip.com\/ko\/wp-json\/wp\/v2\/media?parent=94"}],"curies":[{"name":"wp","href":"https:\/\/api.w.org\/{rel}","templated":true}]}}