{"id":98,"date":"2022-10-26T14:47:50","date_gmt":"2022-10-26T14:47:50","guid":{"rendered":"https:\/\/minutovip.com\/?page_id=98"},"modified":"2024-03-14T19:04:39","modified_gmt":"2024-03-14T19:04:39","slug":"about","status":"publish","type":"page","link":"https:\/\/minutovip.com\/ko\/about\/","title":{"rendered":"~\uc5d0"},"content":{"rendered":"<!--advertisement--><div class=\"mx-5 sm:mx-0 sm:text-3xl text-2xl font-medium title-font mb-4 text-gray-900 text-left\">\n<h2 id=\"h-o-que-voce-quer-aprender-hoje\"><strong>\uc624\ub298\uc740 \ubb34\uc5c7\uc744 \ubc30\uc6b0\uace0 \uc2f6\uc73c\uc2e0\uac00\uc694?<\/strong><\/h2>\n<\/div><div class=\"mx-5 sm:mx-0 prose leading-relaxed text-lg mb-5 text-left wp-paragraph\">\n<p>\ubbf8\ub204\ud1a0 VIP\ub294 \uc804 \uc138\uacc4\uc758 \uc5d4\ud130\ud14c\uc778\uba3c\ud2b8, \ub274\uc2a4, \uc815\ubcf4, \uc571\uc744 \uc81c\uacf5\ud558\uace0, \uc774 \ub9c8\ubc95 \uac19\uc740 \uc5ec\uac00\uc640 \uc7ac\ubbf8\uc758 \uc138\uacc4\uc5d0\uc11c \ubc8c\uc5b4\uc9c0\ub294 \ubaa8\ub4e0 \uc77c\uc5d0 \ub300\ud55c \ud301\uc744 \uc81c\uacf5\ud558\ub294 \uac83\uc744 \ubaa9\ud45c\ub85c \ud569\ub2c8\ub2e4. \ub04a\uc784\uc5c6\ub294 \ubc1c\uc804\uacfc \uacb0\ub2e8\ub825, \uadf8\ub9ac\uace0 \ub048\uae30\uac00 \uc131\uacf5\uacfc \uc758\ubbf8 \uc788\ub294 \uc0b6\uc758 \ube44\uacb0\uc774\ub77c\uace0 \uad73\uac8c \ubbff\uc2b5\ub2c8\ub2e4. &quot;\uc6b4&quot;\uc774\ub77c\ub294 \uac1c\ub150\uc744 \uac70\ubd80\ud569\ub2c8\ub2e4. \ub098\uc544\uac00, \uad00\uacc4, \uac74\uac15, \uc5d4\ud130\ud14c\uc778\uba3c\ud2b8 \ub4f1 \ub2e4\uc591\ud55c \ubd84\uc57c\uc5d0\uc11c \uc571\uc758 \uc911\uc694\uc131\uc744 \uc778\uc9c0\ud558\uace0 \uc788\uc2b5\ub2c8\ub2e4. \uc800\ud76c\uc758 \uc0ac\uba85\uc740 \uc2a4\ud3ec\uce20\uacc4 \uc18c\uc2dd\ubfd0\ub9cc \uc544\ub2c8\ub77c \uc0b6\uc744 \ub354 \uc27d\uace0, \ub354 \uc7ac\ubbf8\uc788\uace0, \ub354 \uc758\ubbf8 \uc788\uac8c \ub9cc\ub4e4\uc5b4 \uc8fc\ub294 \uc571\uc758 \ucd5c\uc2e0 \uc18c\uc2dd\uacfc \ud2b8\ub80c\ub4dc\ub97c \uc5ec\ub7ec\ubd84\uaed8 \uc804\ub2ec\ud558\ub294 \uac83\uc785\ub2c8\ub2e4.<\/p>\n<\/div><!--advertisement--><div class=\"mx-5 sm:mx-0 sm:text-3xl text-2xl font-medium title-font mb-4 text-gray-900 text-left\">\n<h2 id=\"h-quem-somos\"><strong>\uc6b0\ub9ac\ub294 \ub204\uad6c\uc778\uac00?<\/strong><\/h2>\n<\/div><div class=\"mx-5 sm:mx-0 prose leading-relaxed text-lg mb-5 text-left wp-paragraph\">\n<p>\ubbf8\ub204\ud1a0 VIP\ub294 \ube0c\ub77c\uc9c8\uacfc \uc5d0\uc2a4\ud1a0\ub2c8\uc544\uc5d0 \ubcf8\uc0ac\ub97c \ub454 \ud68c\uc0ac\uc785\ub2c8\ub2e4. \uc800\ud76c\uc758 \uc0ac\uba85\uc740 \uc5b4\ub514\uc5d0 \uacc4\uc2dc\ub4e0 \ucd5c\uace0\uc758 \ucf58\ud150\uce20\ub97c \uafb8\uc900\ud788 \uc81c\uacf5\ud558\ub294 \uac83\uc785\ub2c8\ub2e4. \ub530\ub77c\uc11c \uc800\ud76c\ub294 \uc5ec\ub7ec\ubd84\uc758 \uc5d4\ud130\ud14c\uc778\uba3c\ud2b8 \ud0d0\uc0c9\uc5d0 \ub4e0\ub4e0\ud55c \ub3d9\ubc18\uc790\uac00 \ub418\uace0 \uc2f6\uc2b5\ub2c8\ub2e4.<\/p>\n<\/div><!--advertisement--><div class=\"mx-5 sm:mx-0 sm:text-3xl text-2xl font-medium title-font mb-4 text-gray-900 text-left\">\n<h2 id=\"h-nos-ajude-a-melhorar\"><strong>\uac1c\uc120\uc5d0 \ub3c4\uc6c0\uc744 \uc8fc\uc138\uc694.<\/strong><\/h2>\n<\/div><div class=\"mx-5 sm:mx-0 prose leading-relaxed text-lg mb-5 text-left wp-paragraph\">\n<p>\uc5ec\ub7ec\ubd84\uc758 \uc544\uc774\ub514\uc5b4\ub294 \uc5b8\uc81c\ub098 \ud658\uc601\uc785\ub2c8\ub2e4. <a style=\" color:;\" href=\"https:\/\/minutovip.com\/ko\/contact\/\">\uba54\uc2dc\uc9c0\ub97c \ubcf4\ub0b4\uc8fc\uc138\uc694<\/a>!<\/p>\n<\/div>","protected":false},"excerpt":{"rendered":"<p>\uc624\ub298 \ubb34\uc5c7\uc744 \ubc30\uc6b0\uace0 \uc2f6\uc73c\uc2e0\uac00\uc694? Minuto Vip\uc740 \uc804 \uc138\uacc4\uc758 \uc5d4\ud130\ud14c\uc778\uba3c\ud2b8, \ub274\uc2a4, \uc815\ubcf4, \uc571\uc744 \uc81c\uacf5\ud558\uba70, \uc5ec\uac00\uc640 \uc990\uac70\uc6c0\uc73c\ub85c \uac00\ub4dd\ud55c \uc774 \ub9c8\ubc95 \uac19\uc740 \uc138\uc0c1\uc5d0\uc11c \uc77c\uc5b4\ub098\ub294 \ubaa8\ub4e0 \uc77c\uc5d0 \ub300\ud55c \uc720\uc6a9\ud55c \ud301\uc744 \ub4dc\ub9bd\ub2c8\ub2e4. \uc800\ud76c\ub294 \ub04a\uc784\uc5c6\ub294 \ubc1c\uc804\uacfc \ub354\ubd88\uc5b4 \ud655\uace0\ud55c \uc758\uc9c0\uc640 \ub048\uae30\uac00 \uc131\uacf5\uacfc \uc758\ubbf8 \uc788\ub294 \uc0b6\uc758 \ube44\uacb0\uc774\ub77c\uace0 \ubbff\uc2b5\ub2c8\ub2e4. <a class=\"more-link\" href=\"https:\/\/minutovip.com\/ko\/about\/\">\uacc4\uc18d \uc77d\uae30 <span class=\"screen-reader-text\">~\uc5d0<\/span><\/a><\/p>","protected":false},"author":3,"featured_media":0,"parent":0,"menu_order":0,"comment_status":"closed","ping_status":"closed","template":"","meta":[],"yoast_head":"<!-- This site is optimized with the Yoast SEO Premium plugin v18.7 (Yoast SEO v19.1) - https:\/\/yoast.com\/wordpress\/plugins\/seo\/ -->\n<title>Sobre - Minuto VIP<\/title>\n<meta name=\"robots\" content=\"index, follow, max-snippet:-1, max-image-preview:large, max-video-preview:-1\" \/>\n<link rel=\"canonical\" href=\"https:\/\/minutovip.com\/ko\/about\/\" \/>\n<meta property=\"og:locale\" content=\"ko_KR\" \/>\n<meta property=\"og:type\" content=\"article\" \/>\n<meta property=\"og:title\" content=\"Sobre\" \/>\n<meta property=\"og:description\" content=\"O que voc\u00ea quer aprender hoje? No Minuto Vip, buscamos oferecer entretenimento, not\u00edcias, informa\u00e7\u00f5es e aplicativos do mundo, proporcionando dicas sobre tudo que acontece nesse universo m\u00e1gico de lazer e divers\u00e3o. Acreditamos firmemente que a melhoria cont\u00ednua, combinada com a determina\u00e7\u00e3o e a persist\u00eancia, s\u00e3o os segredos do sucesso e de uma vida com significado.&hellip; Continue reading Sobre\" \/>\n<meta property=\"og:url\" content=\"https:\/\/minutovip.com\/ko\/about\/\" \/>\n<meta property=\"og:site_name\" content=\"Minuto VIP\" \/>\n<meta property=\"article:modified_time\" content=\"2024-03-14T19:04:39+00:00\" \/>\n<meta name=\"twitter:card\" content=\"summary_large_image\" \/>\n<meta name=\"twitter:label1\" content=\"Est. reading time\" \/>\n\t<meta name=\"twitter:data1\" content=\"1\ubd84\" \/>\n<script type=\"application\/ld+json\" class=\"yoast-schema-graph\">{\"@context\":\"https:\/\/schema.org\",\"@graph\":[{\"@type\":\"WebSite\",\"@id\":\"https:\/\/minutovip.com\/#website\",\"url\":\"https:\/\/minutovip.com\/\",\"name\":\"Minuto VIP\",\"description\":\"O Minuto vip \u00e9 um site online que oferece not\u00edcias atualizadas do mundo do Futebol\",\"potentialAction\":[{\"@type\":\"SearchAction\",\"target\":{\"@type\":\"EntryPoint\",\"urlTemplate\":\"https:\/\/minutovip.com\/?s={search_term_string}\"},\"query-input\":\"required name=search_term_string\"}],\"inLanguage\":\"ko-KR\"},{\"@type\":\"WebPage\",\"@id\":\"https:\/\/minutovip.com\/about\/#webpage\",\"url\":\"https:\/\/minutovip.com\/about\/\",\"name\":\"Sobre - Minuto VIP\",\"isPartOf\":{\"@id\":\"https:\/\/minutovip.com\/#website\"},\"datePublished\":\"2022-10-26T14:47:50+00:00\",\"dateModified\":\"2024-03-14T19:04:39+00:00\",\"breadcrumb\":{\"@id\":\"https:\/\/minutovip.com\/about\/#breadcrumb\"},\"inLanguage\":\"ko-KR\",\"potentialAction\":[{\"@type\":\"ReadAction\",\"target\":[\"https:\/\/minutovip.com\/about\/\"]}]},{\"@type\":\"BreadcrumbList\",\"@id\":\"https:\/\/minutovip.com\/about\/#breadcrumb\",\"itemListElement\":[{\"@type\":\"ListItem\",\"position\":1,\"name\":\"Home\",\"item\":\"https:\/\/minutovip.com\/\"},{\"@type\":\"ListItem\",\"position\":2,\"name\":\"Sobre\"}]}]}<\/script>\n<!-- \/ Yoast SEO Premium plugin. -->","yoast_head_json":{"title":"Sobre - Minuto VIP","robots":{"index":"index","follow":"follow","max-snippet":"max-snippet:-1","max-image-preview":"max-image-preview:large","max-video-preview":"max-video-preview:-1"},"canonical":"https:\/\/minutovip.com\/ko\/about\/","og_locale":"ko_KR","og_type":"article","og_title":"Sobre","og_description":"O que voc\u00ea quer aprender hoje? No Minuto Vip, buscamos oferecer entretenimento, not\u00edcias, informa\u00e7\u00f5es e aplicativos do mundo, proporcionando dicas sobre tudo que acontece nesse universo m\u00e1gico de lazer e divers\u00e3o. Acreditamos firmemente que a melhoria cont\u00ednua, combinada com a determina\u00e7\u00e3o e a persist\u00eancia, s\u00e3o os segredos do sucesso e de uma vida com significado.&hellip; Continue reading Sobre","og_url":"https:\/\/minutovip.com\/ko\/about\/","og_site_name":"Minuto VIP","article_modified_time":"2024-03-14T19:04:39+00:00","twitter_card":"summary_large_image","twitter_misc":{"Est. reading time":"1\ubd84"},"schema":{"@context":"https:\/\/schema.org","@graph":[{"@type":"WebSite","@id":"https:\/\/minutovip.com\/#website","url":"https:\/\/minutovip.com\/","name":"Minuto VIP","description":"O Minuto vip \u00e9 um site online que oferece not\u00edcias atualizadas do mundo do Futebol","potentialAction":[{"@type":"SearchAction","target":{"@type":"EntryPoint","urlTemplate":"https:\/\/minutovip.com\/?s={search_term_string}"},"query-input":"required name=search_term_string"}],"inLanguage":"ko-KR"},{"@type":"WebPage","@id":"https:\/\/minutovip.com\/about\/#webpage","url":"https:\/\/minutovip.com\/about\/","name":"Sobre - Minuto VIP","isPartOf":{"@id":"https:\/\/minutovip.com\/#website"},"datePublished":"2022-10-26T14:47:50+00:00","dateModified":"2024-03-14T19:04:39+00:00","breadcrumb":{"@id":"https:\/\/minutovip.com\/about\/#breadcrumb"},"inLanguage":"ko-KR","potentialAction":[{"@type":"ReadAction","target":["https:\/\/minutovip.com\/about\/"]}]},{"@type":"BreadcrumbList","@id":"https:\/\/minutovip.com\/about\/#breadcrumb","itemListElement":[{"@type":"ListItem","position":1,"name":"Home","item":"https:\/\/minutovip.com\/"},{"@type":"ListItem","position":2,"name":"Sobre"}]}]}},"_links":{"self":[{"href":"https:\/\/minutovip.com\/ko\/wp-json\/wp\/v2\/pages\/98"}],"collection":[{"href":"https:\/\/minutovip.com\/ko\/wp-json\/wp\/v2\/pages"}],"about":[{"href":"https:\/\/minutovip.com\/ko\/wp-json\/wp\/v2\/types\/page"}],"author":[{"embeddable":true,"href":"https:\/\/minutovip.com\/ko\/wp-json\/wp\/v2\/users\/3"}],"replies":[{"embeddable":true,"href":"https:\/\/minutovip.com\/ko\/wp-json\/wp\/v2\/comments?post=98"}],"version-history":[{"count":0,"href":"https:\/\/minutovip.com\/ko\/wp-json\/wp\/v2\/pages\/98\/revisions"}],"wp:attachment":[{"href":"https:\/\/minutovip.com\/ko\/wp-json\/wp\/v2\/media?parent=98"}],"curies":[{"name":"wp","href":"https:\/\/api.w.org\/{rel}","templated":true}]}}