{"id":2,"date":"2022-08-30T13:37:49","date_gmt":"2022-08-30T13:37:49","guid":{"rendered":"http:\/\/137.184.77.125\/?page_id=2"},"modified":"2022-08-30T13:37:49","modified_gmt":"2022-08-30T13:37:49","slug":"sample-page","status":"publish","type":"page","link":"https:\/\/minutovip.com\/nb\/sample-page\/","title":{"rendered":"Eksempelside"},"content":{"rendered":"<div class=\"mx-5 sm:mx-0 prose leading-relaxed text-lg mb-5 text-left wp-paragraph\">\n<p>Dette er en eksempelside. Det er annerledes enn et blogginnlegg fordi det vil forbli p\u00e5 ett sted og vises i nettstednavigasjonen din (i de fleste temaer). De fleste starter med en Om-side som introduserer dem for potensielle bes\u00f8kende p\u00e5 nettstedet. Det kan si noe s\u00e5nt som dette:<\/p>\n<\/div><div class=\"mx-5 sm:mx-0 prose text-left mb-5\">\n<blockquote class=\"wp-block-quote\"><p>Hei der! Jeg er sykkelbud om dagen, ambisi\u00f8s skuespiller om kvelden, og dette er nettsiden min. Jeg bor i Los Angeles, har en flott hund som heter Jack, og jeg liker pi\u00f1a coladas. (Og blir fanget i regnet.)<\/p><\/blockquote>\n<\/div><div class=\"mx-5 sm:mx-0 prose leading-relaxed text-lg mb-5 text-left wp-paragraph\">\n<p>... eller noe s\u00e5nt som dette:<\/p>\n<\/div><div class=\"mx-5 sm:mx-0 prose text-left mb-5\">\n<blockquote class=\"wp-block-quote\"><p>XYZ Doohickey Company ble grunnlagt i 1971, og har levert kvalitets-doohickeyer til publikum siden den gang. XYZ ligger i Gotham City, har over 2000 ansatte og gj\u00f8r alle slags fantastiske ting for Gotham-samfunnet.<\/p><\/blockquote>\n<\/div><div class=\"mx-5 sm:mx-0 prose leading-relaxed text-lg mb-5 text-left wp-paragraph\">\n<p>Som ny WordPress-bruker b\u00f8r du g\u00e5 til <a style=\" color:;\" href=\"http:\/\/137.184.77.125\/wp-admin\/\">dashbordet ditt<\/a> for \u00e5 slette denne siden og opprette nye sider for innholdet ditt. Kos deg!<\/p>\n<\/div>","protected":false},"excerpt":{"rendered":"<p>Dette er en eksempelside. Den er forskjellig fra et blogginnlegg fordi den forblir p\u00e5 ett sted og vises i nettstedsnavigasjonen din (i de fleste temaer). De fleste starter med en Om-side som introduserer dem for potensielle bes\u00f8kende p\u00e5 nettstedet. Den kan si noe s\u00e5nt som dette: Hei! Jeg er en sykkelbud ... <a class=\"more-link\" href=\"https:\/\/minutovip.com\/nb\/sample-page\/\">Fortsett \u00e5 lese <span class=\"screen-reader-text\">Eksempelside<\/span><\/a><\/p>","protected":false},"author":1,"featured_media":0,"parent":0,"menu_order":0,"comment_status":"closed","ping_status":"open","template":"","meta":[],"yoast_head":"<!-- This site is optimized with the Yoast SEO Premium plugin v18.7 (Yoast SEO v19.1) - https:\/\/yoast.com\/wordpress\/plugins\/seo\/ -->\n<title>Sample Page - Minuto VIP<\/title>\n<meta name=\"robots\" content=\"index, follow, max-snippet:-1, max-image-preview:large, max-video-preview:-1\" \/>\n<link rel=\"canonical\" href=\"https:\/\/minutovip.com\/nb\/sample-page\/\" \/>\n<meta property=\"og:locale\" content=\"nb_NO\" \/>\n<meta property=\"og:type\" content=\"article\" \/>\n<meta property=\"og:title\" content=\"Sample Page\" \/>\n<meta property=\"og:description\" content=\"This is an example page. It&#8217;s different from a blog post because it will stay in one place and will show up in your site navigation (in most themes). Most people start with an About page that introduces them to potential site visitors. It might say something like this: Hi there! I&#8217;m a bike messenger&hellip; Continue reading Sample Page\" \/>\n<meta property=\"og:url\" content=\"https:\/\/minutovip.com\/nb\/sample-page\/\" \/>\n<meta property=\"og:site_name\" content=\"Minuto VIP\" \/>\n<meta name=\"twitter:card\" content=\"summary_large_image\" \/>\n<meta name=\"twitter:label1\" content=\"Est. reading time\" \/>\n\t<meta name=\"twitter:data1\" content=\"1 minutt\" \/>\n<script type=\"application\/ld+json\" class=\"yoast-schema-graph\">{\"@context\":\"https:\/\/schema.org\",\"@graph\":[{\"@type\":\"WebSite\",\"@id\":\"https:\/\/minutovip.com\/#website\",\"url\":\"https:\/\/minutovip.com\/\",\"name\":\"Minuto VIP\",\"description\":\"O Minuto vip \u00e9 um site online que oferece not\u00edcias atualizadas do mundo do Futebol\",\"potentialAction\":[{\"@type\":\"SearchAction\",\"target\":{\"@type\":\"EntryPoint\",\"urlTemplate\":\"https:\/\/minutovip.com\/?s={search_term_string}\"},\"query-input\":\"required name=search_term_string\"}],\"inLanguage\":\"nb-NO\"},{\"@type\":\"WebPage\",\"@id\":\"https:\/\/minutovip.com\/sample-page\/#webpage\",\"url\":\"https:\/\/minutovip.com\/sample-page\/\",\"name\":\"Sample Page - Minuto VIP\",\"isPartOf\":{\"@id\":\"https:\/\/minutovip.com\/#website\"},\"datePublished\":\"2022-08-30T13:37:49+00:00\",\"dateModified\":\"2022-08-30T13:37:49+00:00\",\"breadcrumb\":{\"@id\":\"https:\/\/minutovip.com\/sample-page\/#breadcrumb\"},\"inLanguage\":\"nb-NO\",\"potentialAction\":[{\"@type\":\"ReadAction\",\"target\":[\"https:\/\/minutovip.com\/sample-page\/\"]}]},{\"@type\":\"BreadcrumbList\",\"@id\":\"https:\/\/minutovip.com\/sample-page\/#breadcrumb\",\"itemListElement\":[{\"@type\":\"ListItem\",\"position\":1,\"name\":\"Home\",\"item\":\"https:\/\/minutovip.com\/\"},{\"@type\":\"ListItem\",\"position\":2,\"name\":\"Sample Page\"}]}]}<\/script>\n<!-- \/ Yoast SEO Premium plugin. -->","yoast_head_json":{"title":"Sample Page - Minuto VIP","robots":{"index":"index","follow":"follow","max-snippet":"max-snippet:-1","max-image-preview":"max-image-preview:large","max-video-preview":"max-video-preview:-1"},"canonical":"https:\/\/minutovip.com\/nb\/sample-page\/","og_locale":"nb_NO","og_type":"article","og_title":"Sample Page","og_description":"This is an example page. It&#8217;s different from a blog post because it will stay in one place and will show up in your site navigation (in most themes). Most people start with an About page that introduces them to potential site visitors. It might say something like this: Hi there! I&#8217;m a bike messenger&hellip; Continue reading Sample Page","og_url":"https:\/\/minutovip.com\/nb\/sample-page\/","og_site_name":"Minuto VIP","twitter_card":"summary_large_image","twitter_misc":{"Est. reading time":"1 minutt"},"schema":{"@context":"https:\/\/schema.org","@graph":[{"@type":"WebSite","@id":"https:\/\/minutovip.com\/#website","url":"https:\/\/minutovip.com\/","name":"Minuto VIP","description":"O Minuto vip \u00e9 um site online que oferece not\u00edcias atualizadas do mundo do Futebol","potentialAction":[{"@type":"SearchAction","target":{"@type":"EntryPoint","urlTemplate":"https:\/\/minutovip.com\/?s={search_term_string}"},"query-input":"required name=search_term_string"}],"inLanguage":"nb-NO"},{"@type":"WebPage","@id":"https:\/\/minutovip.com\/sample-page\/#webpage","url":"https:\/\/minutovip.com\/sample-page\/","name":"Sample Page - Minuto VIP","isPartOf":{"@id":"https:\/\/minutovip.com\/#website"},"datePublished":"2022-08-30T13:37:49+00:00","dateModified":"2022-08-30T13:37:49+00:00","breadcrumb":{"@id":"https:\/\/minutovip.com\/sample-page\/#breadcrumb"},"inLanguage":"nb-NO","potentialAction":[{"@type":"ReadAction","target":["https:\/\/minutovip.com\/sample-page\/"]}]},{"@type":"BreadcrumbList","@id":"https:\/\/minutovip.com\/sample-page\/#breadcrumb","itemListElement":[{"@type":"ListItem","position":1,"name":"Home","item":"https:\/\/minutovip.com\/"},{"@type":"ListItem","position":2,"name":"Sample Page"}]}]}},"_links":{"self":[{"href":"https:\/\/minutovip.com\/nb\/wp-json\/wp\/v2\/pages\/2"}],"collection":[{"href":"https:\/\/minutovip.com\/nb\/wp-json\/wp\/v2\/pages"}],"about":[{"href":"https:\/\/minutovip.com\/nb\/wp-json\/wp\/v2\/types\/page"}],"author":[{"embeddable":true,"href":"https:\/\/minutovip.com\/nb\/wp-json\/wp\/v2\/users\/1"}],"replies":[{"embeddable":true,"href":"https:\/\/minutovip.com\/nb\/wp-json\/wp\/v2\/comments?post=2"}],"version-history":[{"count":0,"href":"https:\/\/minutovip.com\/nb\/wp-json\/wp\/v2\/pages\/2\/revisions"}],"wp:attachment":[{"href":"https:\/\/minutovip.com\/nb\/wp-json\/wp\/v2\/media?parent=2"}],"curies":[{"name":"wp","href":"https:\/\/api.w.org\/{rel}","templated":true}]}}