{"id":94,"date":"2022-10-26T14:45:21","date_gmt":"2022-10-26T14:45:21","guid":{"rendered":"https:\/\/minutovip.com\/?page_id=94"},"modified":"2026-02-17T17:17:45","modified_gmt":"2026-02-17T17:17:45","slug":"terms","status":"publish","type":"page","link":"https:\/\/minutovip.com\/nb\/terms\/","title":{"rendered":"Vilk\u00e5r for bruk \u2013 Minuto VIP"},"content":{"rendered":"<div class=\"mx-5 sm:mx-0 prose leading-relaxed text-lg mb-5 text-left wp-paragraph\">\n<p>Oppdatert 17. februar 2026.<\/p>\n<\/div><div class=\"mx-5 sm:mx-0 prose leading-relaxed text-lg mb-5 text-left wp-paragraph\">\n<p>DE <strong>MinutoVip O\u00dc<\/strong>, et aksjeselskap med begrenset ansvar basert i Estland (O\u00dc), med registreringsnummer 16698741, har kontor i Tallinn, Rotermanni gate tn 14-32, 10111, Harju, Estland. Dette selskapet eier og driver Minuto VIP-nettstedet, tilgjengelig p\u00e5 <a target=\"_blank\" rel=\"noreferrer noopener\" href=\"\">https:\/\/minutovip.com<\/a>.<\/p>\n<\/div><div class=\"mx-5 sm:mx-0 prose leading-relaxed text-lg mb-5 text-left wp-paragraph\">\n<p>Minuto VIP administrerer denne portalen. N\u00e5r vi refererer til \u00abvi\u00bb, \u00abv\u00e5r\u00bb eller \u00aboss selv\u00bb i denne teksten, refererer vi direkte til Minuto VIP. Portalen tilbys av Minuto VIP under forutsetning av full aksept av vilk\u00e5rene, betingelsene og retningslinjene som er definert heri.<\/p>\n<\/div><div class=\"mx-5 sm:mx-0 prose leading-relaxed text-lg mb-5 text-left wp-paragraph\">\n<p>Minuto VIP er en kanal som fokuserer p\u00e5 \u00e5 lage informativt innhold og analyser om produkter og tjenester (inkludert apper og sport) fra lokale og internasjonale leverand\u00f8rer. V\u00e6r oppmerksom p\u00e5 at bruk av dette nettstedet er underlagt aksept av bruksvilk\u00e5rene og personvernerkl\u00e6ringen (<a target=\"_blank\" rel=\"noreferrer noopener\" href=\"\">https:\/\/minutovip.com\/privacy\/<\/a>), i samsvar med gjeldende lovgivning.<\/p>\n<\/div><div class=\"mx-5 sm:mx-0 prose leading-relaxed text-lg mb-5 text-left wp-paragraph\">\n<p>Hvis du er uenig i noen av vilk\u00e5rene som er beskrevet her, ber vi om at du ikke bruker tjenestene levert av Minuto VIP.<\/p>\n<\/div><!--advertisement--><div class=\"mx-5 sm:mx-0 sm:text-3xl text-2xl font-medium title-font mb-4 text-gray-900 text-left\">\n<h2 id=\"h-secao-i-acesso-ao-minuto-vip\">Del I \u2013 Tilgang til VIP-minuttet<\/h2>\n<\/div><div class=\"mx-5 sm:mx-0 prose leading-relaxed text-lg mb-5 text-left wp-paragraph\">\n<p><strong>1.1 <\/strong>Ved \u00e5 bruke Minuto VIP, godtar du \u00e5 overholde de generelle vilk\u00e5rene for bruk og personvernerkl\u00e6ringen. <\/p>\n<\/div><div class=\"mx-5 sm:mx-0 prose leading-relaxed text-lg mb-5 text-left wp-paragraph\">\n<p><strong>1.2 <\/strong>Du bekrefter at du er minst 18 \u00e5r gammel og har full juridisk handleevne til \u00e5 godta disse vilk\u00e5rene. <\/p>\n<\/div><div class=\"mx-5 sm:mx-0 prose leading-relaxed text-lg mb-5 text-left wp-paragraph\">\n<p><strong>1.3 <\/strong>Hvis du ikke oppfyller alderskriteriene eller er uenig i vilk\u00e5rene, b\u00f8r du avst\u00e5 fra \u00e5 bruke tjenestene.<\/p>\n<\/div><!--advertisement--><div class=\"mx-5 sm:mx-0 sm:text-3xl text-2xl font-medium title-font mb-4 text-gray-900 text-left\">\n<h2 id=\"h-secao-ii-contato\">Seksjon II \u2013 Kontakt<\/h2>\n<\/div><div class=\"mx-5 sm:mx-0 prose leading-relaxed text-lg mb-5 text-left wp-paragraph\">\n<p><strong>2.1 <\/strong>Brukere har tilgang til en kundeservicekanal for sp\u00f8rsm\u00e5l, klager eller informasjon. <strong>2.2 <\/strong>Kontakt skal gj\u00f8res via skjemaet p\u00e5: <a style=\" color:;\" href=\"\" target=\"_blank\" rel=\"noreferrer noopener\">https:\/\/minutovip.com\/contact\/<\/a>.<\/p>\n<\/div><!--advertisement--><div class=\"mx-5 sm:mx-0 sm:text-3xl text-2xl font-medium title-font mb-4 text-gray-900 text-left\">\n<h2 id=\"h-secao-iii-responsabilidades-das-partes\">Del III \u2013 Partenes ansvar<\/h2>\n<\/div><div class=\"mx-5 sm:mx-0 prose leading-relaxed text-lg mb-5 text-left wp-paragraph\">\n<p><strong>3.1 Aksept:<\/strong> Ved \u00e5 g\u00e5 inn p\u00e5 dette nettstedet bekrefter du at du har forst\u00e5tt og godtar vilk\u00e5rene og retningslinjene. <\/p>\n<\/div><div class=\"mx-5 sm:mx-0 prose leading-relaxed text-lg mb-5 text-left wp-paragraph\">\n<p><strong>3.2 Eksterne lenker: <\/strong>Vi tilbyr lenker til partnere. Kontraktstjenester gjennom disse partnerne skjer uten direkte involvering fra Minuto VIP. <\/p>\n<\/div><div class=\"mx-5 sm:mx-0 prose leading-relaxed text-lg mb-5 text-left wp-paragraph\">\n<p><strong>3.3 Partnersider: <\/strong>N\u00e5r du bes\u00f8ker partnernettsteder, m\u00e5 du godta deres spesifikke vilk\u00e5r og retningslinjer. <\/p>\n<\/div><div class=\"mx-5 sm:mx-0 prose leading-relaxed text-lg mb-5 text-left wp-paragraph\">\n<p><strong>3.4 Unntak:<\/strong> Vi er ikke ansvarlige for vilk\u00e5r, retningslinjer eller transaksjoner utf\u00f8rt med tredjeparter. <\/p>\n<\/div><div class=\"mx-5 sm:mx-0 prose leading-relaxed text-lg mb-5 text-left wp-paragraph\">\n<p><strong>3.5 Sikkerhet:<\/strong> Vi er ikke ansvarlige for skade for\u00e5rsaket av virus eller skadelig programvare. Hold antivirusprogramvaren din oppdatert. <\/p>\n<\/div><div class=\"mx-5 sm:mx-0 prose leading-relaxed text-lg mb-5 text-left wp-paragraph\">\n<p><strong>3.6 Begrensning:<\/strong> Minuto VIP fraskriver seg ansvar for skader som f\u00f8lge av misbruk av nettstedet eller force majeure. <\/p>\n<\/div><div class=\"mx-5 sm:mx-0 prose leading-relaxed text-lg mb-5 text-left wp-paragraph\">\n<p><strong>3.7 Transaksjoner:<\/strong> Minuto VIP ber ikke om betalinger, innskudd eller overf\u00f8ringer for utgivelse av finansielle produkter. <\/p>\n<\/div><div class=\"mx-5 sm:mx-0 prose leading-relaxed text-lg mb-5 text-left wp-paragraph\">\n<p><strong>3.8 Varsler:<\/strong> Vi sender aldri e-poster som ber om personlig informasjon eller med kj\u00f8rbare vedlegg.<\/p>\n<\/div><!--advertisement--><div class=\"mx-5 sm:mx-0 sm:text-3xl text-2xl font-medium title-font mb-4 text-gray-900 text-left\">\n<h2 id=\"h-secao-iv-publicidade-de-terceiros-e-tecnologias-de-rastreamento-cookies\">Seksjon IV \u2013 Tredjeparts reklame- og sporingsteknologier (informasjonskapsler)<\/h2>\n<\/div><div class=\"mx-5 sm:mx-0 prose leading-relaxed text-lg mb-5 text-left wp-paragraph\">\n<p><strong>4.1 <\/strong>Minuto VIP bruker informasjonskapsler for \u00e5 forbedre brukeropplevelsen og tilpasse annonser via nettverk som... <strong>Google AdSense<\/strong>. <\/p>\n<\/div><div class=\"mx-5 sm:mx-0 prose leading-relaxed text-lg mb-5 text-left wp-paragraph\">\n<p><strong>4.2 Google-annonser:<\/strong> Google bruker informasjonskapsler for \u00e5 vise annonser basert p\u00e5 bes\u00f8kene dine. Du kan administrere eller deaktivere personlig tilpasset annonsering p\u00e5: <a style=\" color:;\" href=\"\" target=\"_blank\" rel=\"noreferrer noopener\">https:\/\/adssettings.google.com<\/a>. <\/p>\n<\/div><div class=\"mx-5 sm:mx-0 prose leading-relaxed text-lg mb-5 text-left wp-paragraph\">\n<p>4.3 <strong>Globalt valg av bortvalg:<\/strong> Du kan ogs\u00e5 deaktivere informasjonskapsler for annonsering fra diverse tredjepartsleverand\u00f8rer ved \u00e5 g\u00e5 til: <a style=\" color:;\" href=\"\" target=\"_blank\" rel=\"noreferrer noopener\">www.aboutads.info<\/a>. <\/p>\n<\/div><div class=\"mx-5 sm:mx-0 prose leading-relaxed text-lg mb-5 text-left wp-paragraph\">\n<p><strong>4.4 <\/strong>Ved \u00e5 bla gjennom nettsidene dine, samtykker du i at disse leverand\u00f8rene samler inn data i samsvar med v\u00e5r personvernerkl\u00e6ring.<\/p>\n<\/div><!--advertisement--><div class=\"mx-5 sm:mx-0 sm:text-3xl text-2xl font-medium title-font mb-4 text-gray-900 text-left\">\n<h2>Seksjon V \u2013 Bruksregler og forbud<\/h2>\n<\/div><div class=\"mx-5 sm:mx-0 prose leading-relaxed text-lg mb-5 text-left wp-paragraph\">\n<p>Det er strengt forbudt:<\/p>\n<\/div><div class=\"mx-5 sm:mx-0 prose text-left mb-5\">\n<ul><li>Bruk av nettstedet til ulovlige aktiviteter.<\/li><li>Brudd p\u00e5 lokale eller internasjonale regler.<\/li><li>Krenkelse av immaterielle rettigheter.<\/li><li>\u00c5 delta i trakassering, misbruk eller diskriminering av noe slag.<\/li><li>Spredning av falsk informasjon, virus eller ondsinnet kode.<\/li><li>Utf\u00f8r aktiviteter av <em>spam, phishing, gjennomgang<\/em> eller <em>skrape<\/em>.<\/li><li>Bruk nettstedet til obsk\u00f8ne eller umoralske form\u00e5l.<\/li><\/ul>\n<\/div><!--advertisement--><div class=\"mx-5 sm:mx-0 sm:text-3xl text-2xl font-medium title-font mb-4 text-gray-900 text-left\">\n<h2>Del VI \u2013 Ansvarsbegrensninger og garantier<\/h2>\n<\/div><div class=\"mx-5 sm:mx-0 prose leading-relaxed text-lg mb-5 text-left wp-paragraph\">\n<p><strong>6.1 <\/strong>Tilgang til tjenesten kan v\u00e6re periodisk eller avbrytes uten forvarsel. <\/p>\n<\/div><div class=\"mx-5 sm:mx-0 prose leading-relaxed text-lg mb-5 text-left wp-paragraph\">\n<p><strong>6.2 <\/strong>Vi tilbyr tjenesten \u00absom den er\u00bb, uten garantier for n\u00f8yaktighet eller fullstendig p\u00e5litelighet av resultatene. <strong>6.3 <\/strong>Minuto VIP og dets representanter er ikke ansvarlige for tap av fortjeneste, data eller immaterielle skader som f\u00f8lge av bruk av tjenesten.<\/p>\n<\/div><!--advertisement--><div class=\"mx-5 sm:mx-0 sm:text-3xl text-2xl font-medium title-font mb-4 text-gray-900 text-left\">\n<h2>Avsnitt VII \u2013 Gyldighet og utl\u00f8psperiode<\/h2>\n<\/div><div class=\"mx-5 sm:mx-0 prose leading-relaxed text-lg mb-5 text-left wp-paragraph\">\n<p><strong>7.1 <\/strong>Vilk\u00e5rene forblir gyldige p\u00e5 ubestemt tid. <\/p>\n<\/div><div class=\"mx-5 sm:mx-0 prose leading-relaxed text-lg mb-5 text-left wp-paragraph\">\n<p><strong>7.2 <\/strong>Eventuelle rettslige skritt knyttet til bruk av nettstedet m\u00e5 iverksettes innen <strong>90 dager<\/strong> med utgangspunkt i den motiverende hendelsen.<\/p>\n<\/div><!--advertisement--><div class=\"mx-5 sm:mx-0 sm:text-3xl text-2xl font-medium title-font mb-4 text-gray-900 text-left\">\n<h2>Avsnitt VIII \u2013 Gjeldende lov og jurisdiksjon<\/h2>\n<\/div><div class=\"mx-5 sm:mx-0 prose leading-relaxed text-lg mb-5 text-left wp-paragraph\">\n<p><strong>8.1 Rettslig regulering:<\/strong> Disse vilk\u00e5rene er underlagt lovene i Den f\u00f8derative republikk Brasil (sivilloven, forbrukervernloven, Marco Civil da Internet og LGPD). <\/p>\n<\/div><div class=\"mx-5 sm:mx-0 prose leading-relaxed text-lg mb-5 text-left wp-paragraph\">\n<p><strong>8.2 Forum:<\/strong> For \u00e5 garantere brukerens tilgang til rettshjelp, velges domstolen p\u00e5 brukerens bosted som forum for \u00e5 l\u00f8se eventuelle tvister som oppst\u00e5r fra disse vilk\u00e5rene eller personvernerkl\u00e6ringen.<\/p>\n<\/div><!--advertisement--><div class=\"mx-5 sm:mx-0 sm:text-3xl text-2xl font-medium title-font mb-4 text-gray-900 text-left\">\n<h2>Seksjon IX \u2013 Immaterielle rettigheter<\/h2>\n<\/div><div class=\"mx-5 sm:mx-0 prose leading-relaxed text-lg mb-5 text-left wp-paragraph\">\n<p><strong>9.1 <\/strong>Innholdet som tilh\u00f8rer MinutoVip O\u00dc er beskyttet av opphavsrett. Reproduksjon eller endring uten skriftlig tillatelse p\u00e5 forh\u00e5nd er forbudt. <\/p>\n<\/div><div class=\"mx-5 sm:mx-0 prose leading-relaxed text-lg mb-5 text-left wp-paragraph\">\n<p><strong>9.2 <\/strong>Vi forbeholder oss retten til \u00e5 fjerne innhold som bryter med disse vilk\u00e5rene eller krenker tredjeparters rettigheter.<\/p>\n<\/div><!--advertisement--><div class=\"mx-5 sm:mx-0 sm:text-3xl text-2xl font-medium title-font mb-4 text-gray-900 text-left\">\n<h2>Del X \u2013 Endring av vilk\u00e5r<\/h2>\n<\/div><div class=\"mx-5 sm:mx-0 prose leading-relaxed text-lg mb-5 text-left wp-paragraph\">\n<p><strong>10.1 <\/strong>Minuto VIP kan endre eller avvikle tjenester n\u00e5r som helst uten forvarsel. <\/p>\n<\/div><div class=\"mx-5 sm:mx-0 prose leading-relaxed text-lg mb-5 text-left wp-paragraph\">\n<p><strong>10.2 <\/strong>Fortsatt bruk av nettstedet inneb\u00e6rer aksept av de oppdaterte vilk\u00e5rene.<\/p>\n<\/div><!--advertisement--><div class=\"mx-5 sm:mx-0 sm:text-3xl text-2xl font-medium title-font mb-4 text-gray-900 text-left\">\n<h2>Seksjon XI \u2013 Kontaktinformasjon<\/h2>\n<\/div><div class=\"mx-5 sm:mx-0 prose leading-relaxed text-lg mb-5 text-left wp-paragraph\">\n<p>For sp\u00f8rsm\u00e5l, bruk skjemaet p\u00e5: <a target=\"_blank\" rel=\"noreferrer noopener\" href=\"\">https:\/\/minutovip.com\/contact\/<\/a>.<\/p>\n<\/div>","protected":false},"excerpt":{"rendered":"<p>Atualizado em 17 de Fevereiro de 2026. A MinutoVip O\u00dc, uma empresa de responsabilidade limitada sediada na Est\u00f4nia (O\u00dc), com o n\u00famero de registro 16698741, tem seu escrit\u00f3rio localizado em Tallinn, na Rua Rotermanni tn 14-32, 10111, Harju, Est\u00f4nia. Esta empresa \u00e9 propriet\u00e1ria e operadora do site Minuto VIP, dispon\u00edvel em https:\/\/minutovip.com. O Minuto VIP&hellip; <a class=\"more-link\" href=\"https:\/\/minutovip.com\/nb\/terms\/\">Fortsett \u00e5 lese <span class=\"screen-reader-text\">Vilk\u00e5r for bruk \u2013 Minuto VIP<\/span><\/a><\/p>","protected":false},"author":3,"featured_media":0,"parent":0,"menu_order":0,"comment_status":"closed","ping_status":"closed","template":"","meta":[],"yoast_head":"<!-- This site is optimized with the Yoast SEO Premium plugin v18.7 (Yoast SEO v19.1) - https:\/\/yoast.com\/wordpress\/plugins\/seo\/ -->\n<title>Termos de Uso - Minuto VIP - Minuto VIP<\/title>\n<meta name=\"robots\" content=\"index, follow, max-snippet:-1, max-image-preview:large, max-video-preview:-1\" \/>\n<link rel=\"canonical\" href=\"https:\/\/minutovip.com\/nb\/terms\/\" \/>\n<meta property=\"og:locale\" content=\"nb_NO\" \/>\n<meta property=\"og:type\" content=\"article\" \/>\n<meta property=\"og:title\" content=\"Termos de Uso - Minuto VIP\" \/>\n<meta property=\"og:description\" content=\"Atualizado em 17 de Fevereiro de 2026. A MinutoVip O\u00dc, uma empresa de responsabilidade limitada sediada na Est\u00f4nia (O\u00dc), com o n\u00famero de registro 16698741, tem seu escrit\u00f3rio localizado em Tallinn, na Rua Rotermanni tn 14-32, 10111, Harju, Est\u00f4nia. Esta empresa \u00e9 propriet\u00e1ria e operadora do site Minuto VIP, dispon\u00edvel em https:\/\/minutovip.com. O Minuto VIP&hellip; Continue reading Termos de Uso &#8211; Minuto VIP\" \/>\n<meta property=\"og:url\" content=\"https:\/\/minutovip.com\/nb\/terms\/\" \/>\n<meta property=\"og:site_name\" content=\"Minuto VIP\" \/>\n<meta property=\"article:modified_time\" content=\"2026-02-17T17:17:45+00:00\" \/>\n<meta name=\"twitter:card\" content=\"summary_large_image\" \/>\n<meta name=\"twitter:label1\" content=\"Est. reading time\" \/>\n\t<meta name=\"twitter:data1\" content=\"5 minutter\" \/>\n<script type=\"application\/ld+json\" class=\"yoast-schema-graph\">{\"@context\":\"https:\/\/schema.org\",\"@graph\":[{\"@type\":\"WebSite\",\"@id\":\"https:\/\/minutovip.com\/#website\",\"url\":\"https:\/\/minutovip.com\/\",\"name\":\"Minuto VIP\",\"description\":\"O Minuto vip \u00e9 um site online que oferece not\u00edcias atualizadas do mundo do Futebol\",\"potentialAction\":[{\"@type\":\"SearchAction\",\"target\":{\"@type\":\"EntryPoint\",\"urlTemplate\":\"https:\/\/minutovip.com\/?s={search_term_string}\"},\"query-input\":\"required name=search_term_string\"}],\"inLanguage\":\"nb-NO\"},{\"@type\":\"WebPage\",\"@id\":\"https:\/\/minutovip.com\/terms\/#webpage\",\"url\":\"https:\/\/minutovip.com\/terms\/\",\"name\":\"Termos de Uso - Minuto VIP - Minuto VIP\",\"isPartOf\":{\"@id\":\"https:\/\/minutovip.com\/#website\"},\"datePublished\":\"2022-10-26T14:45:21+00:00\",\"dateModified\":\"2026-02-17T17:17:45+00:00\",\"breadcrumb\":{\"@id\":\"https:\/\/minutovip.com\/terms\/#breadcrumb\"},\"inLanguage\":\"nb-NO\",\"potentialAction\":[{\"@type\":\"ReadAction\",\"target\":[\"https:\/\/minutovip.com\/terms\/\"]}]},{\"@type\":\"BreadcrumbList\",\"@id\":\"https:\/\/minutovip.com\/terms\/#breadcrumb\",\"itemListElement\":[{\"@type\":\"ListItem\",\"position\":1,\"name\":\"Home\",\"item\":\"https:\/\/minutovip.com\/\"},{\"@type\":\"ListItem\",\"position\":2,\"name\":\"Termos de Uso &#8211; Minuto VIP\"}]}]}<\/script>\n<!-- \/ Yoast SEO Premium plugin. -->","yoast_head_json":{"title":"Termos de Uso - Minuto VIP - Minuto VIP","robots":{"index":"index","follow":"follow","max-snippet":"max-snippet:-1","max-image-preview":"max-image-preview:large","max-video-preview":"max-video-preview:-1"},"canonical":"https:\/\/minutovip.com\/nb\/terms\/","og_locale":"nb_NO","og_type":"article","og_title":"Termos de Uso - Minuto VIP","og_description":"Atualizado em 17 de Fevereiro de 2026. A MinutoVip O\u00dc, uma empresa de responsabilidade limitada sediada na Est\u00f4nia (O\u00dc), com o n\u00famero de registro 16698741, tem seu escrit\u00f3rio localizado em Tallinn, na Rua Rotermanni tn 14-32, 10111, Harju, Est\u00f4nia. Esta empresa \u00e9 propriet\u00e1ria e operadora do site Minuto VIP, dispon\u00edvel em https:\/\/minutovip.com. O Minuto VIP&hellip; Continue reading Termos de Uso &#8211; Minuto VIP","og_url":"https:\/\/minutovip.com\/nb\/terms\/","og_site_name":"Minuto VIP","article_modified_time":"2026-02-17T17:17:45+00:00","twitter_card":"summary_large_image","twitter_misc":{"Est. reading time":"5 minutter"},"schema":{"@context":"https:\/\/schema.org","@graph":[{"@type":"WebSite","@id":"https:\/\/minutovip.com\/#website","url":"https:\/\/minutovip.com\/","name":"Minuto VIP","description":"O Minuto vip \u00e9 um site online que oferece not\u00edcias atualizadas do mundo do Futebol","potentialAction":[{"@type":"SearchAction","target":{"@type":"EntryPoint","urlTemplate":"https:\/\/minutovip.com\/?s={search_term_string}"},"query-input":"required name=search_term_string"}],"inLanguage":"nb-NO"},{"@type":"WebPage","@id":"https:\/\/minutovip.com\/terms\/#webpage","url":"https:\/\/minutovip.com\/terms\/","name":"Termos de Uso - Minuto VIP - Minuto VIP","isPartOf":{"@id":"https:\/\/minutovip.com\/#website"},"datePublished":"2022-10-26T14:45:21+00:00","dateModified":"2026-02-17T17:17:45+00:00","breadcrumb":{"@id":"https:\/\/minutovip.com\/terms\/#breadcrumb"},"inLanguage":"nb-NO","potentialAction":[{"@type":"ReadAction","target":["https:\/\/minutovip.com\/terms\/"]}]},{"@type":"BreadcrumbList","@id":"https:\/\/minutovip.com\/terms\/#breadcrumb","itemListElement":[{"@type":"ListItem","position":1,"name":"Home","item":"https:\/\/minutovip.com\/"},{"@type":"ListItem","position":2,"name":"Termos de Uso &#8211; Minuto VIP"}]}]}},"_links":{"self":[{"href":"https:\/\/minutovip.com\/nb\/wp-json\/wp\/v2\/pages\/94"}],"collection":[{"href":"https:\/\/minutovip.com\/nb\/wp-json\/wp\/v2\/pages"}],"about":[{"href":"https:\/\/minutovip.com\/nb\/wp-json\/wp\/v2\/types\/page"}],"author":[{"embeddable":true,"href":"https:\/\/minutovip.com\/nb\/wp-json\/wp\/v2\/users\/3"}],"replies":[{"embeddable":true,"href":"https:\/\/minutovip.com\/nb\/wp-json\/wp\/v2\/comments?post=94"}],"version-history":[{"count":0,"href":"https:\/\/minutovip.com\/nb\/wp-json\/wp\/v2\/pages\/94\/revisions"}],"wp:attachment":[{"href":"https:\/\/minutovip.com\/nb\/wp-json\/wp\/v2\/media?parent=94"}],"curies":[{"name":"wp","href":"https:\/\/api.w.org\/{rel}","templated":true}]}}