{"id":2,"date":"2022-08-30T13:37:49","date_gmt":"2022-08-30T13:37:49","guid":{"rendered":"http:\/\/137.184.77.125\/?page_id=2"},"modified":"2022-08-30T13:37:49","modified_gmt":"2022-08-30T13:37:49","slug":"sample-page","status":"publish","type":"page","link":"https:\/\/minutovip.com\/pl\/sample-page\/","title":{"rendered":"Przyk\u0142adowa strona"},"content":{"rendered":"<div class=\"mx-5 sm:mx-0 prose leading-relaxed text-lg mb-5 text-left wp-paragraph\">\n<p>To jest przyk\u0142adowa strona. R\u00f3\u017cni si\u0119 od wpisu na blogu, poniewa\u017c pozostaje w jednym miejscu i wy\u015bwietla si\u0119 w nawigacji witryny (w przypadku wi\u0119kszo\u015bci motyw\u00f3w). Wi\u0119kszo\u015b\u0107 os\u00f3b zaczyna od strony \u201eO nas\u201d, kt\u00f3ra przedstawia ich potencjalnym go\u015bciom witryny. Mo\u017ce brzmie\u0107 to mniej wi\u0119cej tak:<\/p>\n<\/div><div class=\"mx-5 sm:mx-0 prose text-left mb-5\">\n<blockquote class=\"wp-block-quote\"><p>Cze\u015b\u0107! Za dnia jestem kurierem rowerowym, a noc\u0105 aspiruj\u0119 do aktorstwa. To jest moja strona internetowa. Mieszkam w Los Angeles, mam wspania\u0142ego psa o imieniu Jack i lubi\u0119 pi\u00f1a colad\u0119. (I z\u0142apa\u0142 nas deszcz.)<\/p><\/blockquote>\n<\/div><div class=\"mx-5 sm:mx-0 prose leading-relaxed text-lg mb-5 text-left wp-paragraph\">\n<p>\u2026lub co\u015b takiego:<\/p>\n<\/div><div class=\"mx-5 sm:mx-0 prose text-left mb-5\">\n<blockquote class=\"wp-block-quote\"><p>Firma XYZ Doohickey zosta\u0142a za\u0142o\u017cona w 1971 roku i od tamtej pory zajmuje si\u0119 produkcj\u0105 wysokiej jako\u015bci gad\u017cet\u00f3w na rynek konsumencki. Znajduj\u0105ca si\u0119 w Gotham City firma XYZ zatrudnia ponad 2000 os\u00f3b i robi mn\u00f3stwo wspania\u0142ych rzeczy dla spo\u0142eczno\u015bci Gotham.<\/p><\/blockquote>\n<\/div><div class=\"mx-5 sm:mx-0 prose leading-relaxed text-lg mb-5 text-left wp-paragraph\">\n<p>Jako nowy u\u017cytkownik WordPressa powiniene\u015b przej\u015b\u0107 do <a style=\" color:;\" href=\"http:\/\/137.184.77.125\/wp-admin\/\">Tw\u00f3j panel<\/a> aby usun\u0105\u0107 t\u0119 stron\u0119 i utworzy\u0107 nowe strony ze swoj\u0105 tre\u015bci\u0105. Baw si\u0119 dobrze!<\/p>\n<\/div>","protected":false},"excerpt":{"rendered":"<p>To jest przyk\u0142adowa strona. R\u00f3\u017cni si\u0119 od wpisu na blogu, poniewa\u017c pozostanie w jednym miejscu i pojawi si\u0119 w nawigacji witryny (w wi\u0119kszo\u015bci motyw\u00f3w). Wi\u0119kszo\u015b\u0107 os\u00f3b zaczyna od strony \u201eO mnie\u201d, kt\u00f3ra przedstawia ich potencjalnym odwiedzaj\u0105cym witryn\u0119. Mo\u017ce to by\u0107 co\u015b takiego: Cze\u015b\u0107! Jestem kurierem rowerowym\u2026 <a class=\"more-link\" href=\"https:\/\/minutovip.com\/pl\/sample-page\/\">Kontynuuj czytanie <span class=\"screen-reader-text\">Przyk\u0142adowa strona<\/span><\/a><\/p>","protected":false},"author":1,"featured_media":0,"parent":0,"menu_order":0,"comment_status":"closed","ping_status":"open","template":"","meta":[],"yoast_head":"<!-- This site is optimized with the Yoast SEO Premium plugin v18.7 (Yoast SEO v19.1) - https:\/\/yoast.com\/wordpress\/plugins\/seo\/ -->\n<title>Sample Page - Minuto VIP<\/title>\n<meta name=\"robots\" content=\"index, follow, max-snippet:-1, max-image-preview:large, max-video-preview:-1\" \/>\n<link rel=\"canonical\" href=\"https:\/\/minutovip.com\/pl\/sample-page\/\" \/>\n<meta property=\"og:locale\" content=\"pl_PL\" \/>\n<meta property=\"og:type\" content=\"article\" \/>\n<meta property=\"og:title\" content=\"Sample Page\" \/>\n<meta property=\"og:description\" content=\"This is an example page. It&#8217;s different from a blog post because it will stay in one place and will show up in your site navigation (in most themes). Most people start with an About page that introduces them to potential site visitors. It might say something like this: Hi there! I&#8217;m a bike messenger&hellip; Continue reading Sample Page\" \/>\n<meta property=\"og:url\" content=\"https:\/\/minutovip.com\/pl\/sample-page\/\" \/>\n<meta property=\"og:site_name\" content=\"Minuto VIP\" \/>\n<meta name=\"twitter:card\" content=\"summary_large_image\" \/>\n<meta name=\"twitter:label1\" content=\"Est. reading time\" \/>\n\t<meta name=\"twitter:data1\" content=\"1 minuta\" \/>\n<script type=\"application\/ld+json\" class=\"yoast-schema-graph\">{\"@context\":\"https:\/\/schema.org\",\"@graph\":[{\"@type\":\"WebSite\",\"@id\":\"https:\/\/minutovip.com\/#website\",\"url\":\"https:\/\/minutovip.com\/\",\"name\":\"Minuto VIP\",\"description\":\"O Minuto vip \u00e9 um site online que oferece not\u00edcias atualizadas do mundo do Futebol\",\"potentialAction\":[{\"@type\":\"SearchAction\",\"target\":{\"@type\":\"EntryPoint\",\"urlTemplate\":\"https:\/\/minutovip.com\/?s={search_term_string}\"},\"query-input\":\"required name=search_term_string\"}],\"inLanguage\":\"pl-PL\"},{\"@type\":\"WebPage\",\"@id\":\"https:\/\/minutovip.com\/sample-page\/#webpage\",\"url\":\"https:\/\/minutovip.com\/sample-page\/\",\"name\":\"Sample Page - Minuto VIP\",\"isPartOf\":{\"@id\":\"https:\/\/minutovip.com\/#website\"},\"datePublished\":\"2022-08-30T13:37:49+00:00\",\"dateModified\":\"2022-08-30T13:37:49+00:00\",\"breadcrumb\":{\"@id\":\"https:\/\/minutovip.com\/sample-page\/#breadcrumb\"},\"inLanguage\":\"pl-PL\",\"potentialAction\":[{\"@type\":\"ReadAction\",\"target\":[\"https:\/\/minutovip.com\/sample-page\/\"]}]},{\"@type\":\"BreadcrumbList\",\"@id\":\"https:\/\/minutovip.com\/sample-page\/#breadcrumb\",\"itemListElement\":[{\"@type\":\"ListItem\",\"position\":1,\"name\":\"Home\",\"item\":\"https:\/\/minutovip.com\/\"},{\"@type\":\"ListItem\",\"position\":2,\"name\":\"Sample Page\"}]}]}<\/script>\n<!-- \/ Yoast SEO Premium plugin. -->","yoast_head_json":{"title":"Sample Page - Minuto VIP","robots":{"index":"index","follow":"follow","max-snippet":"max-snippet:-1","max-image-preview":"max-image-preview:large","max-video-preview":"max-video-preview:-1"},"canonical":"https:\/\/minutovip.com\/pl\/sample-page\/","og_locale":"pl_PL","og_type":"article","og_title":"Sample Page","og_description":"This is an example page. It&#8217;s different from a blog post because it will stay in one place and will show up in your site navigation (in most themes). Most people start with an About page that introduces them to potential site visitors. It might say something like this: Hi there! I&#8217;m a bike messenger&hellip; Continue reading Sample Page","og_url":"https:\/\/minutovip.com\/pl\/sample-page\/","og_site_name":"Minuto VIP","twitter_card":"summary_large_image","twitter_misc":{"Est. reading time":"1 minuta"},"schema":{"@context":"https:\/\/schema.org","@graph":[{"@type":"WebSite","@id":"https:\/\/minutovip.com\/#website","url":"https:\/\/minutovip.com\/","name":"Minuto VIP","description":"O Minuto vip \u00e9 um site online que oferece not\u00edcias atualizadas do mundo do Futebol","potentialAction":[{"@type":"SearchAction","target":{"@type":"EntryPoint","urlTemplate":"https:\/\/minutovip.com\/?s={search_term_string}"},"query-input":"required name=search_term_string"}],"inLanguage":"pl-PL"},{"@type":"WebPage","@id":"https:\/\/minutovip.com\/sample-page\/#webpage","url":"https:\/\/minutovip.com\/sample-page\/","name":"Sample Page - Minuto VIP","isPartOf":{"@id":"https:\/\/minutovip.com\/#website"},"datePublished":"2022-08-30T13:37:49+00:00","dateModified":"2022-08-30T13:37:49+00:00","breadcrumb":{"@id":"https:\/\/minutovip.com\/sample-page\/#breadcrumb"},"inLanguage":"pl-PL","potentialAction":[{"@type":"ReadAction","target":["https:\/\/minutovip.com\/sample-page\/"]}]},{"@type":"BreadcrumbList","@id":"https:\/\/minutovip.com\/sample-page\/#breadcrumb","itemListElement":[{"@type":"ListItem","position":1,"name":"Home","item":"https:\/\/minutovip.com\/"},{"@type":"ListItem","position":2,"name":"Sample Page"}]}]}},"_links":{"self":[{"href":"https:\/\/minutovip.com\/pl\/wp-json\/wp\/v2\/pages\/2"}],"collection":[{"href":"https:\/\/minutovip.com\/pl\/wp-json\/wp\/v2\/pages"}],"about":[{"href":"https:\/\/minutovip.com\/pl\/wp-json\/wp\/v2\/types\/page"}],"author":[{"embeddable":true,"href":"https:\/\/minutovip.com\/pl\/wp-json\/wp\/v2\/users\/1"}],"replies":[{"embeddable":true,"href":"https:\/\/minutovip.com\/pl\/wp-json\/wp\/v2\/comments?post=2"}],"version-history":[{"count":0,"href":"https:\/\/minutovip.com\/pl\/wp-json\/wp\/v2\/pages\/2\/revisions"}],"wp:attachment":[{"href":"https:\/\/minutovip.com\/pl\/wp-json\/wp\/v2\/media?parent=2"}],"curies":[{"name":"wp","href":"https:\/\/api.w.org\/{rel}","templated":true}]}}