{"id":94,"date":"2022-10-26T14:45:21","date_gmt":"2022-10-26T14:45:21","guid":{"rendered":"https:\/\/minutovip.com\/?page_id=94"},"modified":"2026-02-17T17:17:45","modified_gmt":"2026-02-17T17:17:45","slug":"terms","status":"publish","type":"page","link":"https:\/\/minutovip.com\/pl\/terms\/","title":{"rendered":"Regulamin korzystania \u2013 Minuto VIP"},"content":{"rendered":"<div class=\"mx-5 sm:mx-0 prose leading-relaxed text-lg mb-5 text-left wp-paragraph\">\n<p>Zaktualizowano 17 lutego 2026 r.<\/p>\n<\/div><div class=\"mx-5 sm:mx-0 prose leading-relaxed text-lg mb-5 text-left wp-paragraph\">\n<p>TO <strong>MinutoVip O\u00dc<\/strong>, sp\u00f3\u0142ka z ograniczon\u0105 odpowiedzialno\u015bci\u0105 z siedzib\u0105 w Estonii (O\u00dc), o numerze rejestracyjnym 16698741, ma siedzib\u0119 w Tallinie, przy ulicy Rotermanni tn 14-32, 10111, Harju, Estonia. Sp\u00f3\u0142ka jest w\u0142a\u015bcicielem i operatorem strony internetowej Minuto VIP, dost\u0119pnej pod adresem <a target=\"_blank\" rel=\"noreferrer noopener\" href=\"\">https:\/\/minutovip.com<\/a>.<\/p>\n<\/div><div class=\"mx-5 sm:mx-0 prose leading-relaxed text-lg mb-5 text-left wp-paragraph\">\n<p>Portalem zarz\u0105dza Minuto VIP. U\u017cywaj\u0105c w niniejszym tek\u015bcie s\u0142\u00f3w \u201emy\u201d, \u201enasz\u201d lub \u201enas samych\u201d, odnosimy si\u0119 bezpo\u015brednio do Minuto VIP. Portal jest oferowany przez Minuto VIP z zastrze\u017ceniem pe\u0142nej akceptacji warunk\u00f3w, zasad i polityk okre\u015blonych w niniejszym dokumencie.<\/p>\n<\/div><div class=\"mx-5 sm:mx-0 prose leading-relaxed text-lg mb-5 text-left wp-paragraph\">\n<p>Minuto VIP to kana\u0142 skupiaj\u0105cy si\u0119 na tworzeniu tre\u015bci informacyjnych i analiz dotycz\u0105cych produkt\u00f3w i us\u0142ug (w tym aplikacji i wydarze\u0144 sportowych) od lokalnych i mi\u0119dzynarodowych dostawc\u00f3w. Korzystanie z tej witryny wymaga akceptacji Warunk\u00f3w u\u017cytkowania i Polityki prywatno\u015bci (<a target=\"_blank\" rel=\"noreferrer noopener\" href=\"\">https:\/\/minutovip.com\/privacy\/<\/a>), zgodnie z obowi\u0105zuj\u0105cymi przepisami.<\/p>\n<\/div><div class=\"mx-5 sm:mx-0 prose leading-relaxed text-lg mb-5 text-left wp-paragraph\">\n<p>Je\u015bli nie zgadzasz si\u0119 z kt\u00f3rymkolwiek z opisanych tutaj warunk\u00f3w, prosimy o niekorzystanie z us\u0142ug \u015bwiadczonych przez Minuto VIP.<\/p>\n<\/div><!--advertisement--><div class=\"mx-5 sm:mx-0 sm:text-3xl text-2xl font-medium title-font mb-4 text-gray-900 text-left\">\n<h2 id=\"h-secao-i-acesso-ao-minuto-vip\">Sekcja I \u2013 Dost\u0119p do Minuty VIP<\/h2>\n<\/div><div class=\"mx-5 sm:mx-0 prose leading-relaxed text-lg mb-5 text-left wp-paragraph\">\n<p><strong>1.1 <\/strong>Korzystaj\u0105c z Minuto VIP zgadzasz si\u0119 przestrzega\u0107 Og\u00f3lnych Warunk\u00f3w Korzystania i Polityki Prywatno\u015bci. <\/p>\n<\/div><div class=\"mx-5 sm:mx-0 prose leading-relaxed text-lg mb-5 text-left wp-paragraph\">\n<p><strong>1.2 <\/strong>Potwierdzasz, \u017ce masz uko\u0144czone 18 lat i posiadasz pe\u0142n\u0105 zdolno\u015b\u0107 prawn\u0105 do akceptacji niniejszego Regulaminu. <\/p>\n<\/div><div class=\"mx-5 sm:mx-0 prose leading-relaxed text-lg mb-5 text-left wp-paragraph\">\n<p><strong>1.3 <\/strong>Je\u017celi nie spe\u0142niasz kryteri\u00f3w wiekowych lub nie zgadzasz si\u0119 z warunkami, nie korzystaj z us\u0142ug.<\/p>\n<\/div><!--advertisement--><div class=\"mx-5 sm:mx-0 sm:text-3xl text-2xl font-medium title-font mb-4 text-gray-900 text-left\">\n<h2 id=\"h-secao-ii-contato\">Sekcja II \u2013 Kontakt<\/h2>\n<\/div><div class=\"mx-5 sm:mx-0 prose leading-relaxed text-lg mb-5 text-left wp-paragraph\">\n<p><strong>2.1 <\/strong>U\u017cytkownicy maj\u0105 dost\u0119p do kana\u0142u obs\u0142ugi klienta, za po\u015brednictwem kt\u00f3rego mog\u0105 zada\u0107 pytania, z\u0142o\u017cy\u0107 skarg\u0119 lub uzyska\u0107 informacje. <strong>2.2 <\/strong>Kontakt nale\u017cy nawi\u0105za\u0107 za pomoc\u0105 formularza dost\u0119pnego na stronie: <a style=\" color:;\" href=\"\" target=\"_blank\" rel=\"noreferrer noopener\">https:\/\/minutovip.com\/contact\/<\/a>.<\/p>\n<\/div><!--advertisement--><div class=\"mx-5 sm:mx-0 sm:text-3xl text-2xl font-medium title-font mb-4 text-gray-900 text-left\">\n<h2 id=\"h-secao-iii-responsabilidades-das-partes\">Dzia\u0142 III \u2013 Obowi\u0105zki Stron<\/h2>\n<\/div><div class=\"mx-5 sm:mx-0 prose leading-relaxed text-lg mb-5 text-left wp-paragraph\">\n<p><strong>3.1 Akceptacja:<\/strong> Odwiedzaj\u0105c t\u0119 witryn\u0119, potwierdzasz, \u017ce zrozumia\u0142e\u015b i akceptujesz warunki i zasady. <\/p>\n<\/div><div class=\"mx-5 sm:mx-0 prose leading-relaxed text-lg mb-5 text-left wp-paragraph\">\n<p><strong>3.2 Linki zewn\u0119trzne: <\/strong>Udost\u0119pniamy linki do partner\u00f3w. Zlecanie us\u0142ug za po\u015brednictwem tych partner\u00f3w odbywa si\u0119 bez bezpo\u015bredniego udzia\u0142u Minuto VIP. <\/p>\n<\/div><div class=\"mx-5 sm:mx-0 prose leading-relaxed text-lg mb-5 text-left wp-paragraph\">\n<p><strong>3.3 Witryny partnerskie: <\/strong>Odwiedzaj\u0105c strony internetowe partner\u00f3w, musisz zaakceptowa\u0107 ich szczeg\u00f3\u0142owe warunki i zasady. <\/p>\n<\/div><div class=\"mx-5 sm:mx-0 prose leading-relaxed text-lg mb-5 text-left wp-paragraph\">\n<p><strong>3.4 Zwolnienie:<\/strong> Nie ponosimy odpowiedzialno\u015bci za warunki, polityk\u0119 ani transakcje zawierane ze stronami trzecimi. <\/p>\n<\/div><div class=\"mx-5 sm:mx-0 prose leading-relaxed text-lg mb-5 text-left wp-paragraph\">\n<p><strong>3.5 Bezpiecze\u0144stwo:<\/strong> Nie ponosimy odpowiedzialno\u015bci za szkody spowodowane przez wirusy lub z\u0142o\u015bliwe oprogramowanie. Aktualizuj oprogramowanie antywirusowe. <\/p>\n<\/div><div class=\"mx-5 sm:mx-0 prose leading-relaxed text-lg mb-5 text-left wp-paragraph\">\n<p><strong>3.6 Ograniczenie:<\/strong> Minuto VIP nie ponosi odpowiedzialno\u015bci za szkody b\u0119d\u0105ce nast\u0119pstwem niew\u0142a\u015bciwego korzystania z serwisu lub si\u0142y wy\u017cszej. <\/p>\n<\/div><div class=\"mx-5 sm:mx-0 prose leading-relaxed text-lg mb-5 text-left wp-paragraph\">\n<p><strong>3.7 Transakcje:<\/strong> Minuto VIP nie wymaga p\u0142atno\u015bci, depozyt\u00f3w ani przelew\u00f3w za udost\u0119pnienie produkt\u00f3w finansowych. <\/p>\n<\/div><div class=\"mx-5 sm:mx-0 prose leading-relaxed text-lg mb-5 text-left wp-paragraph\">\n<p><strong>3.8 Alerty:<\/strong> Nigdy nie wysy\u0142amy wiadomo\u015bci e-mail z pro\u015bb\u0105 o podanie danych osobowych ani wiadomo\u015bci zawieraj\u0105cych pliki wykonywalne.<\/p>\n<\/div><!--advertisement--><div class=\"mx-5 sm:mx-0 sm:text-3xl text-2xl font-medium title-font mb-4 text-gray-900 text-left\">\n<h2 id=\"h-secao-iv-publicidade-de-terceiros-e-tecnologias-de-rastreamento-cookies\">Sekcja IV \u2013 Technologie reklamowe i \u015bledz\u0105ce stron trzecich (pliki cookie)<\/h2>\n<\/div><div class=\"mx-5 sm:mx-0 prose leading-relaxed text-lg mb-5 text-left wp-paragraph\">\n<p><strong>4.1 <\/strong>Minuto VIP wykorzystuje pliki cookie w celu poprawy komfortu u\u017cytkowania i personalizacji reklam za po\u015brednictwem sieci takich jak... <strong>Google AdSense<\/strong>. <\/p>\n<\/div><div class=\"mx-5 sm:mx-0 prose leading-relaxed text-lg mb-5 text-left wp-paragraph\">\n<p><strong>4.2 Reklamy Google:<\/strong> Google u\u017cywa plik\u00f3w cookie do wy\u015bwietlania reklam na podstawie Twoich wizyt. Mo\u017cesz zarz\u0105dza\u0107 spersonalizowanymi reklamami lub je wy\u0142\u0105cza\u0107 na stronie: <a style=\" color:;\" href=\"\" target=\"_blank\" rel=\"noreferrer noopener\">https:\/\/adssettings.google.com<\/a>. <\/p>\n<\/div><div class=\"mx-5 sm:mx-0 prose leading-relaxed text-lg mb-5 text-left wp-paragraph\">\n<p>4.3 <strong>Rezygnacja globalna:<\/strong> Mo\u017cesz r\u00f3wnie\u017c wy\u0142\u0105czy\u0107 pliki cookie reklamowe pochodz\u0105ce od r\u00f3\u017cnych zewn\u0119trznych dostawc\u00f3w, odwiedzaj\u0105c stron\u0119: <a style=\" color:;\" href=\"\" target=\"_blank\" rel=\"noreferrer noopener\">www.aboutads.info<\/a>. <\/p>\n<\/div><div class=\"mx-5 sm:mx-0 prose leading-relaxed text-lg mb-5 text-left wp-paragraph\">\n<p><strong>4.4 <\/strong>Przegl\u0105daj\u0105c nasz\u0105 stron\u0119, wyra\u017casz zgod\u0119 na zbieranie danych przez tych dostawc\u00f3w, zgodnie z nasz\u0105 Polityk\u0105 prywatno\u015bci.<\/p>\n<\/div><!--advertisement--><div class=\"mx-5 sm:mx-0 sm:text-3xl text-2xl font-medium title-font mb-4 text-gray-900 text-left\">\n<h2>Rozdzia\u0142 V \u2013 Zasady u\u017cytkowania i zakazy<\/h2>\n<\/div><div class=\"mx-5 sm:mx-0 prose leading-relaxed text-lg mb-5 text-left wp-paragraph\">\n<p>Kategorycznie zabrania si\u0119:<\/p>\n<\/div><div class=\"mx-5 sm:mx-0 prose text-left mb-5\">\n<ul><li>Wykorzystywanie witryny do dzia\u0142a\u0144 niezgodnych z prawem.<\/li><li>Naruszenie przepis\u00f3w lokalnych i mi\u0119dzynarodowych.<\/li><li>Naruszenie praw w\u0142asno\u015bci intelektualnej.<\/li><li>Dopuszcza\u0107 si\u0119 n\u0119kania, nadu\u017cy\u0107 lub dyskryminacji jakiegokolwiek rodzaju.<\/li><li>Rozpowszechnianie fa\u0142szywych informacji, wirus\u00f3w lub z\u0142o\u015bliwego kodu.<\/li><li>Wykonywa\u0107 czynno\u015bci <em>spam, phishing, indeksowanie<\/em> Lub <em>zeskroba\u0107<\/em>.<\/li><li>Korzystaj z witryny w celach obscenicznych lub niemoralnych.<\/li><\/ul>\n<\/div><!--advertisement--><div class=\"mx-5 sm:mx-0 sm:text-3xl text-2xl font-medium title-font mb-4 text-gray-900 text-left\">\n<h2>Rozdzia\u0142 VI \u2013 Ograniczenia odpowiedzialno\u015bci i gwarancje<\/h2>\n<\/div><div class=\"mx-5 sm:mx-0 prose leading-relaxed text-lg mb-5 text-left wp-paragraph\">\n<p><strong>6.1 <\/strong>Dost\u0119p do serwisu mo\u017ce by\u0107 okresowy lub mo\u017ce podlega\u0107 przerwom bez wcze\u015bniejszego powiadomienia. <\/p>\n<\/div><div class=\"mx-5 sm:mx-0 prose leading-relaxed text-lg mb-5 text-left wp-paragraph\">\n<p><strong>6.2 <\/strong>Us\u0142ug\u0119 \u015bwiadczymy \u201etak jak jest\u201d, nie udzielaj\u0105c \u017cadnych gwarancji co do dok\u0142adno\u015bci ani ca\u0142kowitej wiarygodno\u015bci wynik\u00f3w. <strong>6.3 <\/strong>Minuto VIP oraz jego przedstawiciele nie ponosz\u0105 odpowiedzialno\u015bci za utrat\u0119 zysk\u00f3w, danych lub szkody niematerialne powsta\u0142e w wyniku korzystania z us\u0142ugi.<\/p>\n<\/div><!--advertisement--><div class=\"mx-5 sm:mx-0 sm:text-3xl text-2xl font-medium title-font mb-4 text-gray-900 text-left\">\n<h2>Rozdzia\u0142 VII \u2013 Wa\u017cno\u015b\u0107 i okres wyga\u015bni\u0119cia<\/h2>\n<\/div><div class=\"mx-5 sm:mx-0 prose leading-relaxed text-lg mb-5 text-left wp-paragraph\">\n<p><strong>7.1 <\/strong>Warunki pozostaj\u0105 wa\u017cne bezterminowo. <\/p>\n<\/div><div class=\"mx-5 sm:mx-0 prose leading-relaxed text-lg mb-5 text-left wp-paragraph\">\n<p><strong>7.2 <\/strong>Wszelkie dzia\u0142ania prawne zwi\u0105zane z korzystaniem z witryny musz\u0105 zosta\u0107 podj\u0119te w ci\u0105gu <strong>90 dni<\/strong> zaczynaj\u0105c od wydarzenia motywuj\u0105cego.<\/p>\n<\/div><!--advertisement--><div class=\"mx-5 sm:mx-0 sm:text-3xl text-2xl font-medium title-font mb-4 text-gray-900 text-left\">\n<h2>Sekcja VIII \u2013 Prawo w\u0142a\u015bciwe i jurysdykcja<\/h2>\n<\/div><div class=\"mx-5 sm:mx-0 prose leading-relaxed text-lg mb-5 text-left wp-paragraph\">\n<p><strong>8.1 Regulacje prawne:<\/strong> Niniejsze Warunki podlegaj\u0105 przepisom prawa Federacyjnej Republiki Brazylii (Kodeks cywilny, Kodeks ochrony konsument\u00f3w, Marco Civil da Internet [Brazylijska Karta Praw Internetowych] i LGPD [Brazylijska Ustawa O Ochronie Danych]). <\/p>\n<\/div><div class=\"mx-5 sm:mx-0 prose leading-relaxed text-lg mb-5 text-left wp-paragraph\">\n<p><strong>8.2 Forum:<\/strong> Aby zagwarantowa\u0107 u\u017cytkownikowi dost\u0119p do wymiaru sprawiedliwo\u015bci, s\u0105dem w\u0142a\u015bciwym do rozstrzygania wszelkich spor\u00f3w wynikaj\u0105cych z niniejszych Warunk\u00f3w lub Polityki Prywatno\u015bci jest s\u0105d w\u0142a\u015bciwy dla miejsca zamieszkania u\u017cytkownika.<\/p>\n<\/div><!--advertisement--><div class=\"mx-5 sm:mx-0 sm:text-3xl text-2xl font-medium title-font mb-4 text-gray-900 text-left\">\n<h2>Rozdzia\u0142 IX \u2013 Prawa w\u0142asno\u015bci intelektualnej<\/h2>\n<\/div><div class=\"mx-5 sm:mx-0 prose leading-relaxed text-lg mb-5 text-left wp-paragraph\">\n<p><strong>9.1 <\/strong>Tre\u015bci nale\u017c\u0105ce do MinutoVip O\u00dc s\u0105 chronione prawem autorskim. Powielanie lub modyfikacja bez uprzedniej pisemnej zgody jest zabroniona. <\/p>\n<\/div><div class=\"mx-5 sm:mx-0 prose leading-relaxed text-lg mb-5 text-left wp-paragraph\">\n<p><strong>9.2 <\/strong>Zastrzegamy sobie prawo do usuwania tre\u015bci naruszaj\u0105cych niniejsze warunki lub prawa os\u00f3b trzecich.<\/p>\n<\/div><!--advertisement--><div class=\"mx-5 sm:mx-0 sm:text-3xl text-2xl font-medium title-font mb-4 text-gray-900 text-left\">\n<h2>Sekcja X \u2013 Modyfikacja warunk\u00f3w<\/h2>\n<\/div><div class=\"mx-5 sm:mx-0 prose leading-relaxed text-lg mb-5 text-left wp-paragraph\">\n<p><strong>10.1 <\/strong>Minuto VIP mo\u017ce zmieni\u0107 lub zaprzesta\u0107 \u015bwiadczenia us\u0142ug w dowolnym momencie i bez wcze\u015bniejszego powiadomienia. <\/p>\n<\/div><div class=\"mx-5 sm:mx-0 prose leading-relaxed text-lg mb-5 text-left wp-paragraph\">\n<p><strong>10.2 <\/strong>Dalsze korzystanie ze strony oznacza akceptacj\u0119 zaktualizowanych warunk\u00f3w.<\/p>\n<\/div><!--advertisement--><div class=\"mx-5 sm:mx-0 sm:text-3xl text-2xl font-medium title-font mb-4 text-gray-900 text-left\">\n<h2>Sekcja XI \u2013 Informacje kontaktowe<\/h2>\n<\/div><div class=\"mx-5 sm:mx-0 prose leading-relaxed text-lg mb-5 text-left wp-paragraph\">\n<p>W razie pyta\u0144 prosimy o skorzystanie z formularza dost\u0119pnego pod adresem: <a target=\"_blank\" rel=\"noreferrer noopener\" href=\"\">https:\/\/minutovip.com\/contact\/<\/a>.<\/p>\n<\/div>","protected":false},"excerpt":{"rendered":"<p>Atualizado em 17 de Fevereiro de 2026. A MinutoVip O\u00dc, uma empresa de responsabilidade limitada sediada na Est\u00f4nia (O\u00dc), com o n\u00famero de registro 16698741, tem seu escrit\u00f3rio localizado em Tallinn, na Rua Rotermanni tn 14-32, 10111, Harju, Est\u00f4nia. Esta empresa \u00e9 propriet\u00e1ria e operadora do site Minuto VIP, dispon\u00edvel em https:\/\/minutovip.com. O Minuto VIP&hellip; <a class=\"more-link\" href=\"https:\/\/minutovip.com\/pl\/terms\/\">Kontynuuj czytanie <span class=\"screen-reader-text\">Regulamin korzystania \u2013 Minuto VIP<\/span><\/a><\/p>","protected":false},"author":3,"featured_media":0,"parent":0,"menu_order":0,"comment_status":"closed","ping_status":"closed","template":"","meta":[],"yoast_head":"<!-- This site is optimized with the Yoast SEO Premium plugin v18.7 (Yoast SEO v19.1) - https:\/\/yoast.com\/wordpress\/plugins\/seo\/ -->\n<title>Termos de Uso - Minuto VIP - Minuto VIP<\/title>\n<meta name=\"robots\" content=\"index, follow, max-snippet:-1, max-image-preview:large, max-video-preview:-1\" \/>\n<link rel=\"canonical\" href=\"https:\/\/minutovip.com\/pl\/terms\/\" \/>\n<meta property=\"og:locale\" content=\"pl_PL\" \/>\n<meta property=\"og:type\" content=\"article\" \/>\n<meta property=\"og:title\" content=\"Termos de Uso - Minuto VIP\" \/>\n<meta property=\"og:description\" content=\"Atualizado em 17 de Fevereiro de 2026. A MinutoVip O\u00dc, uma empresa de responsabilidade limitada sediada na Est\u00f4nia (O\u00dc), com o n\u00famero de registro 16698741, tem seu escrit\u00f3rio localizado em Tallinn, na Rua Rotermanni tn 14-32, 10111, Harju, Est\u00f4nia. Esta empresa \u00e9 propriet\u00e1ria e operadora do site Minuto VIP, dispon\u00edvel em https:\/\/minutovip.com. O Minuto VIP&hellip; Continue reading Termos de Uso &#8211; Minuto VIP\" \/>\n<meta property=\"og:url\" content=\"https:\/\/minutovip.com\/pl\/terms\/\" \/>\n<meta property=\"og:site_name\" content=\"Minuto VIP\" \/>\n<meta property=\"article:modified_time\" content=\"2026-02-17T17:17:45+00:00\" \/>\n<meta name=\"twitter:card\" content=\"summary_large_image\" \/>\n<meta name=\"twitter:label1\" content=\"Est. reading time\" \/>\n\t<meta name=\"twitter:data1\" content=\"5 minut\" \/>\n<script type=\"application\/ld+json\" class=\"yoast-schema-graph\">{\"@context\":\"https:\/\/schema.org\",\"@graph\":[{\"@type\":\"WebSite\",\"@id\":\"https:\/\/minutovip.com\/#website\",\"url\":\"https:\/\/minutovip.com\/\",\"name\":\"Minuto VIP\",\"description\":\"O Minuto vip \u00e9 um site online que oferece not\u00edcias atualizadas do mundo do Futebol\",\"potentialAction\":[{\"@type\":\"SearchAction\",\"target\":{\"@type\":\"EntryPoint\",\"urlTemplate\":\"https:\/\/minutovip.com\/?s={search_term_string}\"},\"query-input\":\"required name=search_term_string\"}],\"inLanguage\":\"pl-PL\"},{\"@type\":\"WebPage\",\"@id\":\"https:\/\/minutovip.com\/terms\/#webpage\",\"url\":\"https:\/\/minutovip.com\/terms\/\",\"name\":\"Termos de Uso - Minuto VIP - Minuto VIP\",\"isPartOf\":{\"@id\":\"https:\/\/minutovip.com\/#website\"},\"datePublished\":\"2022-10-26T14:45:21+00:00\",\"dateModified\":\"2026-02-17T17:17:45+00:00\",\"breadcrumb\":{\"@id\":\"https:\/\/minutovip.com\/terms\/#breadcrumb\"},\"inLanguage\":\"pl-PL\",\"potentialAction\":[{\"@type\":\"ReadAction\",\"target\":[\"https:\/\/minutovip.com\/terms\/\"]}]},{\"@type\":\"BreadcrumbList\",\"@id\":\"https:\/\/minutovip.com\/terms\/#breadcrumb\",\"itemListElement\":[{\"@type\":\"ListItem\",\"position\":1,\"name\":\"Home\",\"item\":\"https:\/\/minutovip.com\/\"},{\"@type\":\"ListItem\",\"position\":2,\"name\":\"Termos de Uso &#8211; Minuto VIP\"}]}]}<\/script>\n<!-- \/ Yoast SEO Premium plugin. -->","yoast_head_json":{"title":"Termos de Uso - Minuto VIP - Minuto VIP","robots":{"index":"index","follow":"follow","max-snippet":"max-snippet:-1","max-image-preview":"max-image-preview:large","max-video-preview":"max-video-preview:-1"},"canonical":"https:\/\/minutovip.com\/pl\/terms\/","og_locale":"pl_PL","og_type":"article","og_title":"Termos de Uso - Minuto VIP","og_description":"Atualizado em 17 de Fevereiro de 2026. A MinutoVip O\u00dc, uma empresa de responsabilidade limitada sediada na Est\u00f4nia (O\u00dc), com o n\u00famero de registro 16698741, tem seu escrit\u00f3rio localizado em Tallinn, na Rua Rotermanni tn 14-32, 10111, Harju, Est\u00f4nia. Esta empresa \u00e9 propriet\u00e1ria e operadora do site Minuto VIP, dispon\u00edvel em https:\/\/minutovip.com. O Minuto VIP&hellip; Continue reading Termos de Uso &#8211; Minuto VIP","og_url":"https:\/\/minutovip.com\/pl\/terms\/","og_site_name":"Minuto VIP","article_modified_time":"2026-02-17T17:17:45+00:00","twitter_card":"summary_large_image","twitter_misc":{"Est. reading time":"5 minut"},"schema":{"@context":"https:\/\/schema.org","@graph":[{"@type":"WebSite","@id":"https:\/\/minutovip.com\/#website","url":"https:\/\/minutovip.com\/","name":"Minuto VIP","description":"O Minuto vip \u00e9 um site online que oferece not\u00edcias atualizadas do mundo do Futebol","potentialAction":[{"@type":"SearchAction","target":{"@type":"EntryPoint","urlTemplate":"https:\/\/minutovip.com\/?s={search_term_string}"},"query-input":"required name=search_term_string"}],"inLanguage":"pl-PL"},{"@type":"WebPage","@id":"https:\/\/minutovip.com\/terms\/#webpage","url":"https:\/\/minutovip.com\/terms\/","name":"Termos de Uso - Minuto VIP - Minuto VIP","isPartOf":{"@id":"https:\/\/minutovip.com\/#website"},"datePublished":"2022-10-26T14:45:21+00:00","dateModified":"2026-02-17T17:17:45+00:00","breadcrumb":{"@id":"https:\/\/minutovip.com\/terms\/#breadcrumb"},"inLanguage":"pl-PL","potentialAction":[{"@type":"ReadAction","target":["https:\/\/minutovip.com\/terms\/"]}]},{"@type":"BreadcrumbList","@id":"https:\/\/minutovip.com\/terms\/#breadcrumb","itemListElement":[{"@type":"ListItem","position":1,"name":"Home","item":"https:\/\/minutovip.com\/"},{"@type":"ListItem","position":2,"name":"Termos de Uso &#8211; Minuto VIP"}]}]}},"_links":{"self":[{"href":"https:\/\/minutovip.com\/pl\/wp-json\/wp\/v2\/pages\/94"}],"collection":[{"href":"https:\/\/minutovip.com\/pl\/wp-json\/wp\/v2\/pages"}],"about":[{"href":"https:\/\/minutovip.com\/pl\/wp-json\/wp\/v2\/types\/page"}],"author":[{"embeddable":true,"href":"https:\/\/minutovip.com\/pl\/wp-json\/wp\/v2\/users\/3"}],"replies":[{"embeddable":true,"href":"https:\/\/minutovip.com\/pl\/wp-json\/wp\/v2\/comments?post=94"}],"version-history":[{"count":0,"href":"https:\/\/minutovip.com\/pl\/wp-json\/wp\/v2\/pages\/94\/revisions"}],"wp:attachment":[{"href":"https:\/\/minutovip.com\/pl\/wp-json\/wp\/v2\/media?parent=94"}],"curies":[{"name":"wp","href":"https:\/\/api.w.org\/{rel}","templated":true}]}}