{"id":2,"date":"2022-08-30T13:37:49","date_gmt":"2022-08-30T13:37:49","guid":{"rendered":"http:\/\/137.184.77.125\/?page_id=2"},"modified":"2022-08-30T13:37:49","modified_gmt":"2022-08-30T13:37:49","slug":"sample-page","status":"publish","type":"page","link":"https:\/\/minutovip.com\/ro\/sample-page\/","title":{"rendered":"Pagin\u0103 exemplu"},"content":{"rendered":"<div class=\"mx-5 sm:mx-0 prose leading-relaxed text-lg mb-5 text-left wp-paragraph\">\n<p>Aceasta este o pagin\u0103 exemplu. Este diferit de o postare pe blog deoarece va r\u0103m\u00e2ne \u00eentr-un singur loc \u0219i va ap\u0103rea \u00een meniul de navigare al site-ului dvs. (\u00een majoritatea temelor). Majoritatea oamenilor \u00eencep cu o pagin\u0103 \u201eDespre\u201d care \u00eei prezint\u0103 poten\u021bialilor vizitatori ai site-ului. Ar putea spune ceva de genul:<\/p>\n<\/div><div class=\"mx-5 sm:mx-0 prose text-left mb-5\">\n<blockquote class=\"wp-block-quote\"><p>Bun\u0103! Sunt curier pe biciclet\u0103 ziua, aspirant la actor noaptea, iar acesta este site-ul meu web. Locuiesc \u00een Los Angeles, am un c\u00e2ine minunat pe nume Jack \u0219i \u00eemi plac pi\u00f1a coladas. (\u0218i s\u0103 fii prins \u00een ploaie.)<\/p><\/blockquote>\n<\/div><div class=\"mx-5 sm:mx-0 prose leading-relaxed text-lg mb-5 text-left wp-paragraph\">\n<p>...sau ceva de genul:<\/p>\n<\/div><div class=\"mx-5 sm:mx-0 prose text-left mb-5\">\n<blockquote class=\"wp-block-quote\"><p>Compania XYZ Doohickey a fost fondat\u0103 \u00een 1971 \u0219i de atunci ofer\u0103 publicului doohickey-uri de calitate. Situat\u0103 \u00een Gotham City, XYZ are peste 2.000 de angaja\u021bi \u0219i face tot felul de lucruri minunate pentru comunitatea din Gotham.<\/p><\/blockquote>\n<\/div><div class=\"mx-5 sm:mx-0 prose leading-relaxed text-lg mb-5 text-left wp-paragraph\">\n<p>Ca utilizator nou de WordPress, ar trebui s\u0103 accesezi <a style=\" color:;\" href=\"http:\/\/137.184.77.125\/wp-admin\/\">tabloul de bord<\/a> pentru a \u0219terge aceast\u0103 pagin\u0103 \u0219i a crea pagini noi pentru con\u021binutul dvs. A se distra!<\/p>\n<\/div>","protected":false},"excerpt":{"rendered":"<p>Aceasta este o pagin\u0103 exemplu. Este diferit\u0103 de o postare pe blog deoarece va r\u0103m\u00e2ne \u00eentr-un singur loc \u0219i va ap\u0103rea \u00een navigarea site-ului dvs. (\u00een majoritatea temelor). Majoritatea oamenilor \u00eencep cu o pagin\u0103 Despre care \u00eei prezint\u0103 poten\u021bialilor vizitatori ai site-ului. Ar putea spune ceva de genul: Salut! Sunt curier pe biciclet\u0103\u2026 <a class=\"more-link\" href=\"https:\/\/minutovip.com\/ro\/sample-page\/\">Continua\u021bi lectur\u0103 <span class=\"screen-reader-text\">Pagin\u0103 exemplu<\/span><\/a><\/p>","protected":false},"author":1,"featured_media":0,"parent":0,"menu_order":0,"comment_status":"closed","ping_status":"open","template":"","meta":[],"yoast_head":"<!-- This site is optimized with the Yoast SEO Premium plugin v18.7 (Yoast SEO v19.1) - https:\/\/yoast.com\/wordpress\/plugins\/seo\/ -->\n<title>Sample Page - Minuto VIP<\/title>\n<meta name=\"robots\" content=\"index, follow, max-snippet:-1, max-image-preview:large, max-video-preview:-1\" \/>\n<link rel=\"canonical\" href=\"https:\/\/minutovip.com\/ro\/sample-page\/\" \/>\n<meta property=\"og:locale\" content=\"ro_RO\" \/>\n<meta property=\"og:type\" content=\"article\" \/>\n<meta property=\"og:title\" content=\"Sample Page\" \/>\n<meta property=\"og:description\" content=\"This is an example page. It&#8217;s different from a blog post because it will stay in one place and will show up in your site navigation (in most themes). Most people start with an About page that introduces them to potential site visitors. It might say something like this: Hi there! I&#8217;m a bike messenger&hellip; Continue reading Sample Page\" \/>\n<meta property=\"og:url\" content=\"https:\/\/minutovip.com\/ro\/sample-page\/\" \/>\n<meta property=\"og:site_name\" content=\"Minuto VIP\" \/>\n<meta name=\"twitter:card\" content=\"summary_large_image\" \/>\n<meta name=\"twitter:label1\" content=\"Est. reading time\" \/>\n\t<meta name=\"twitter:data1\" content=\"1 minut\" \/>\n<script type=\"application\/ld+json\" class=\"yoast-schema-graph\">{\"@context\":\"https:\/\/schema.org\",\"@graph\":[{\"@type\":\"WebSite\",\"@id\":\"https:\/\/minutovip.com\/#website\",\"url\":\"https:\/\/minutovip.com\/\",\"name\":\"Minuto VIP\",\"description\":\"O Minuto vip \u00e9 um site online que oferece not\u00edcias atualizadas do mundo do Futebol\",\"potentialAction\":[{\"@type\":\"SearchAction\",\"target\":{\"@type\":\"EntryPoint\",\"urlTemplate\":\"https:\/\/minutovip.com\/?s={search_term_string}\"},\"query-input\":\"required name=search_term_string\"}],\"inLanguage\":\"ro-RO\"},{\"@type\":\"WebPage\",\"@id\":\"https:\/\/minutovip.com\/sample-page\/#webpage\",\"url\":\"https:\/\/minutovip.com\/sample-page\/\",\"name\":\"Sample Page - Minuto VIP\",\"isPartOf\":{\"@id\":\"https:\/\/minutovip.com\/#website\"},\"datePublished\":\"2022-08-30T13:37:49+00:00\",\"dateModified\":\"2022-08-30T13:37:49+00:00\",\"breadcrumb\":{\"@id\":\"https:\/\/minutovip.com\/sample-page\/#breadcrumb\"},\"inLanguage\":\"ro-RO\",\"potentialAction\":[{\"@type\":\"ReadAction\",\"target\":[\"https:\/\/minutovip.com\/sample-page\/\"]}]},{\"@type\":\"BreadcrumbList\",\"@id\":\"https:\/\/minutovip.com\/sample-page\/#breadcrumb\",\"itemListElement\":[{\"@type\":\"ListItem\",\"position\":1,\"name\":\"Home\",\"item\":\"https:\/\/minutovip.com\/\"},{\"@type\":\"ListItem\",\"position\":2,\"name\":\"Sample Page\"}]}]}<\/script>\n<!-- \/ Yoast SEO Premium plugin. -->","yoast_head_json":{"title":"Sample Page - Minuto VIP","robots":{"index":"index","follow":"follow","max-snippet":"max-snippet:-1","max-image-preview":"max-image-preview:large","max-video-preview":"max-video-preview:-1"},"canonical":"https:\/\/minutovip.com\/ro\/sample-page\/","og_locale":"ro_RO","og_type":"article","og_title":"Sample Page","og_description":"This is an example page. It&#8217;s different from a blog post because it will stay in one place and will show up in your site navigation (in most themes). Most people start with an About page that introduces them to potential site visitors. It might say something like this: Hi there! I&#8217;m a bike messenger&hellip; Continue reading Sample Page","og_url":"https:\/\/minutovip.com\/ro\/sample-page\/","og_site_name":"Minuto VIP","twitter_card":"summary_large_image","twitter_misc":{"Est. reading time":"1 minut"},"schema":{"@context":"https:\/\/schema.org","@graph":[{"@type":"WebSite","@id":"https:\/\/minutovip.com\/#website","url":"https:\/\/minutovip.com\/","name":"Minuto VIP","description":"O Minuto vip \u00e9 um site online que oferece not\u00edcias atualizadas do mundo do Futebol","potentialAction":[{"@type":"SearchAction","target":{"@type":"EntryPoint","urlTemplate":"https:\/\/minutovip.com\/?s={search_term_string}"},"query-input":"required name=search_term_string"}],"inLanguage":"ro-RO"},{"@type":"WebPage","@id":"https:\/\/minutovip.com\/sample-page\/#webpage","url":"https:\/\/minutovip.com\/sample-page\/","name":"Sample Page - Minuto VIP","isPartOf":{"@id":"https:\/\/minutovip.com\/#website"},"datePublished":"2022-08-30T13:37:49+00:00","dateModified":"2022-08-30T13:37:49+00:00","breadcrumb":{"@id":"https:\/\/minutovip.com\/sample-page\/#breadcrumb"},"inLanguage":"ro-RO","potentialAction":[{"@type":"ReadAction","target":["https:\/\/minutovip.com\/sample-page\/"]}]},{"@type":"BreadcrumbList","@id":"https:\/\/minutovip.com\/sample-page\/#breadcrumb","itemListElement":[{"@type":"ListItem","position":1,"name":"Home","item":"https:\/\/minutovip.com\/"},{"@type":"ListItem","position":2,"name":"Sample Page"}]}]}},"_links":{"self":[{"href":"https:\/\/minutovip.com\/ro\/wp-json\/wp\/v2\/pages\/2"}],"collection":[{"href":"https:\/\/minutovip.com\/ro\/wp-json\/wp\/v2\/pages"}],"about":[{"href":"https:\/\/minutovip.com\/ro\/wp-json\/wp\/v2\/types\/page"}],"author":[{"embeddable":true,"href":"https:\/\/minutovip.com\/ro\/wp-json\/wp\/v2\/users\/1"}],"replies":[{"embeddable":true,"href":"https:\/\/minutovip.com\/ro\/wp-json\/wp\/v2\/comments?post=2"}],"version-history":[{"count":0,"href":"https:\/\/minutovip.com\/ro\/wp-json\/wp\/v2\/pages\/2\/revisions"}],"wp:attachment":[{"href":"https:\/\/minutovip.com\/ro\/wp-json\/wp\/v2\/media?parent=2"}],"curies":[{"name":"wp","href":"https:\/\/api.w.org\/{rel}","templated":true}]}}