{"id":94,"date":"2022-10-26T14:45:21","date_gmt":"2022-10-26T14:45:21","guid":{"rendered":"https:\/\/minutovip.com\/?page_id=94"},"modified":"2026-02-17T17:17:45","modified_gmt":"2026-02-17T17:17:45","slug":"terms","status":"publish","type":"page","link":"https:\/\/minutovip.com\/ro\/terms\/","title":{"rendered":"Termeni de utilizare \u2013 Minuto VIP"},"content":{"rendered":"<div class=\"mx-5 sm:mx-0 prose leading-relaxed text-lg mb-5 text-left wp-paragraph\">\n<p>Actualizat la 17 februarie 2026.<\/p>\n<\/div><div class=\"mx-5 sm:mx-0 prose leading-relaxed text-lg mb-5 text-left wp-paragraph\">\n<p>THE <strong>MinutoVip O\u00dc<\/strong>, o societate cu r\u0103spundere limitat\u0103 cu sediul \u00een Estonia (O\u00dc), cu num\u0103rul de \u00eenregistrare 16698741, are sediul central \u00een Tallinn, pe strada Rotermanni tn 14-32, 10111, Harju, Estonia. Aceast\u0103 companie de\u021bine \u0219i opereaz\u0103 site-ul web Minuto VIP, disponibil la adresa <a target=\"_blank\" rel=\"noreferrer noopener\" href=\"\">https:\/\/minutovip.com<\/a>.<\/p>\n<\/div><div class=\"mx-5 sm:mx-0 prose leading-relaxed text-lg mb-5 text-left wp-paragraph\">\n<p>Minuto VIP administreaz\u0103 acest portal. C\u00e2nd ne referim la \u201enoi\u201d, \u201eal nostru\/a noastr\u0103\/ai no\u0219tri\/ale noastre\u201d sau \u201enou\u0103 \u00een\u0219ine\u201d \u00een acest text, ne referim direct la Minuto VIP. Portalul este oferit de Minuto VIP \u00een baza premisei accept\u0103rii depline a termenilor, condi\u021biilor \u0219i politicilor definite aici.<\/p>\n<\/div><div class=\"mx-5 sm:mx-0 prose leading-relaxed text-lg mb-5 text-left wp-paragraph\">\n<p>Minuto VIP este un canal axat pe crearea de con\u021binut informativ \u0219i analize despre produse \u0219i servicii (inclusiv aplica\u021bii \u0219i sporturi) de la furnizori locali \u0219i interna\u021bionali. V\u0103 rug\u0103m s\u0103 re\u021bine\u021bi c\u0103 utilizarea acestui site este condi\u021bionat\u0103 de acceptarea Termenilor de utilizare \u0219i a Politicii de confiden\u021bialitate (<a target=\"_blank\" rel=\"noreferrer noopener\" href=\"\">https:\/\/minutovip.com\/privacy\/<\/a>), \u00een conformitate cu legisla\u021bia aplicabil\u0103.<\/p>\n<\/div><div class=\"mx-5 sm:mx-0 prose leading-relaxed text-lg mb-5 text-left wp-paragraph\">\n<p>Dac\u0103 nu sunte\u021bi de acord cu oricare dintre termenii descri\u0219i aici, v\u0103 rug\u0103m s\u0103 nu utiliza\u021bi serviciile oferite de Minuto VIP.<\/p>\n<\/div><!--advertisement--><div class=\"mx-5 sm:mx-0 sm:text-3xl text-2xl font-medium title-font mb-4 text-gray-900 text-left\">\n<h2 id=\"h-secao-i-acesso-ao-minuto-vip\">Sec\u021biunea I \u2013 Acces la Minutul VIP<\/h2>\n<\/div><div class=\"mx-5 sm:mx-0 prose leading-relaxed text-lg mb-5 text-left wp-paragraph\">\n<p><strong>1.1 <\/strong>Prin utilizarea Minuto VIP, sunte\u021bi de acord s\u0103 respecta\u021bi Termenii \u0219i condi\u021biile generale de utilizare \u0219i Politica de confiden\u021bialitate. <\/p>\n<\/div><div class=\"mx-5 sm:mx-0 prose leading-relaxed text-lg mb-5 text-left wp-paragraph\">\n<p><strong>1.2 <\/strong>Afirma\u021bi c\u0103 ave\u021bi cel pu\u021bin 18 ani \u0219i capacitate juridic\u0103 deplin\u0103 pentru a accepta ace\u0219ti Termeni. <\/p>\n<\/div><div class=\"mx-5 sm:mx-0 prose leading-relaxed text-lg mb-5 text-left wp-paragraph\">\n<p><strong>1.3 <\/strong>Dac\u0103 nu \u00eendeplini\u021bi criteriile de v\u00e2rst\u0103 sau nu sunte\u021bi de acord cu termenii \u0219i condi\u021biile, trebuie s\u0103 v\u0103 ab\u021bine\u021bi de la accesarea serviciilor.<\/p>\n<\/div><!--advertisement--><div class=\"mx-5 sm:mx-0 sm:text-3xl text-2xl font-medium title-font mb-4 text-gray-900 text-left\">\n<h2 id=\"h-secao-ii-contato\">Sec\u021biunea II \u2013 Contact<\/h2>\n<\/div><div class=\"mx-5 sm:mx-0 prose leading-relaxed text-lg mb-5 text-left wp-paragraph\">\n<p><strong>2.1 <\/strong>Utilizatorii au acces la un canal de asisten\u021b\u0103 pentru clien\u021bi pentru \u00eentreb\u0103ri, reclama\u021bii sau informa\u021bii. <strong>2.2 <\/strong>Contactul trebuie f\u0103cut prin intermediul formularului de la adresa: <a style=\" color:;\" href=\"\" target=\"_blank\" rel=\"noreferrer noopener\">https:\/\/minutovip.com\/contact\/<\/a>.<\/p>\n<\/div><!--advertisement--><div class=\"mx-5 sm:mx-0 sm:text-3xl text-2xl font-medium title-font mb-4 text-gray-900 text-left\">\n<h2 id=\"h-secao-iii-responsabilidades-das-partes\">Sec\u021biunea III \u2013 Responsabilit\u0103\u021bile p\u0103r\u021bilor<\/h2>\n<\/div><div class=\"mx-5 sm:mx-0 prose leading-relaxed text-lg mb-5 text-left wp-paragraph\">\n<p><strong>3.1 Acceptare:<\/strong> Prin accesarea acestui site, confirma\u021bi c\u0103 a\u021bi \u00een\u021beles \u0219i a\u021bi fost de acord cu termenii \u0219i politicile. <\/p>\n<\/div><div class=\"mx-5 sm:mx-0 prose leading-relaxed text-lg mb-5 text-left wp-paragraph\">\n<p><strong>3.2 Linkuri externe: <\/strong>Oferim linkuri c\u0103tre parteneri. Contractarea serviciilor prin intermediul acestor parteneri are loc f\u0103r\u0103 implicarea direct\u0103 din partea Minuto VIP. <\/p>\n<\/div><div class=\"mx-5 sm:mx-0 prose leading-relaxed text-lg mb-5 text-left wp-paragraph\">\n<p><strong>3.3 Site-uri partenere: <\/strong>C\u00e2nd vizita\u021bi site-urile web ale partenerilor, trebuie s\u0103 accepta\u021bi termenii \u0219i politicile specifice ale acestora. <\/p>\n<\/div><div class=\"mx-5 sm:mx-0 prose leading-relaxed text-lg mb-5 text-left wp-paragraph\">\n<p><strong>3.4 Excep\u021bie:<\/strong> Nu suntem responsabili pentru termenii, politicile sau tranzac\u021biile efectuate cu ter\u021be p\u0103r\u021bi. <\/p>\n<\/div><div class=\"mx-5 sm:mx-0 prose leading-relaxed text-lg mb-5 text-left wp-paragraph\">\n<p><strong>3.5 Securitate:<\/strong> Nu suntem responsabili pentru daunele cauzate de viru\u0219i sau programe malware. Men\u021bine\u021bi software-ul antivirus actualizat. <\/p>\n<\/div><div class=\"mx-5 sm:mx-0 prose leading-relaxed text-lg mb-5 text-left wp-paragraph\">\n<p><strong>3.6 Limitare:<\/strong> Minuto VIP nu \u00ee\u0219i asum\u0103 responsabilitatea pentru daunele rezultate din utilizarea necorespunz\u0103toare a site-ului sau din cazuri de for\u021b\u0103 major\u0103. <\/p>\n<\/div><div class=\"mx-5 sm:mx-0 prose leading-relaxed text-lg mb-5 text-left wp-paragraph\">\n<p><strong>3.7 Tranzac\u021bii:<\/strong> Minuto VIP nu solicit\u0103 pl\u0103\u021bi, depozite sau transferuri pentru eliberarea de produse financiare. <\/p>\n<\/div><div class=\"mx-5 sm:mx-0 prose leading-relaxed text-lg mb-5 text-left wp-paragraph\">\n<p><strong>3.8 Alerte:<\/strong> Nu trimitem niciodat\u0103 e-mailuri \u00een care s\u0103 solicit\u0103m informa\u021bii personale sau cu ata\u0219amente executabile.<\/p>\n<\/div><!--advertisement--><div class=\"mx-5 sm:mx-0 sm:text-3xl text-2xl font-medium title-font mb-4 text-gray-900 text-left\">\n<h2 id=\"h-secao-iv-publicidade-de-terceiros-e-tecnologias-de-rastreamento-cookies\">Sec\u021biunea IV \u2013 Tehnologii de publicitate \u0219i urm\u0103rire ale ter\u021bilor (cookie-uri)<\/h2>\n<\/div><div class=\"mx-5 sm:mx-0 prose leading-relaxed text-lg mb-5 text-left wp-paragraph\">\n<p><strong>4.1 <\/strong>Minuto VIP folose\u0219te cookie-uri pentru a \u00eembun\u0103t\u0103\u021bi experien\u021ba utilizatorului \u0219i a personaliza reclamele prin intermediul unor re\u021bele precum... <strong>Google AdSense<\/strong>. <\/p>\n<\/div><div class=\"mx-5 sm:mx-0 prose leading-relaxed text-lg mb-5 text-left wp-paragraph\">\n<p><strong>4.2 Anun\u021buri Google:<\/strong> Google folose\u0219te cookie-uri pentru a afi\u0219a reclame pe baza vizitelor dvs. Pute\u021bi gestiona sau dezactiva publicitatea personalizat\u0103 la: <a style=\" color:;\" href=\"\" target=\"_blank\" rel=\"noreferrer noopener\">https:\/\/adssettings.google.com<\/a>. <\/p>\n<\/div><div class=\"mx-5 sm:mx-0 prose leading-relaxed text-lg mb-5 text-left wp-paragraph\">\n<p>4.3 <strong>Renun\u021bare global\u0103:<\/strong> De asemenea, pute\u021bi dezactiva cookie-urile publicitare de la diver\u0219i furnizori ter\u021bi acces\u00e2nd: <a style=\" color:;\" href=\"\" target=\"_blank\" rel=\"noreferrer noopener\">www.aboutads.info<\/a>. <\/p>\n<\/div><div class=\"mx-5 sm:mx-0 prose leading-relaxed text-lg mb-5 text-left wp-paragraph\">\n<p><strong>4.4 <\/strong>Prin navigare, sunte\u021bi de acord cu colectarea datelor de c\u0103tre ace\u0219ti furnizori, \u00een conformitate cu Politica noastr\u0103 de confiden\u021bialitate.<\/p>\n<\/div><!--advertisement--><div class=\"mx-5 sm:mx-0 sm:text-3xl text-2xl font-medium title-font mb-4 text-gray-900 text-left\">\n<h2>Sec\u021biunea V \u2013 Reguli de utilizare \u0219i interdic\u021bii<\/h2>\n<\/div><div class=\"mx-5 sm:mx-0 prose leading-relaxed text-lg mb-5 text-left wp-paragraph\">\n<p>Este strict interzis:<\/p>\n<\/div><div class=\"mx-5 sm:mx-0 prose text-left mb-5\">\n<ul><li>Utilizarea site-ului pentru activit\u0103\u021bi ilegale.<\/li><li>\u00cenc\u0103lcarea reglement\u0103rilor locale sau interna\u021bionale.<\/li><li>\u00cenc\u0103lcarea drepturilor de proprietate intelectual\u0103.<\/li><li>A se angaja \u00een h\u0103r\u021buire, abuz sau discriminare de orice fel.<\/li><li>R\u0103sp\u00e2ndirea de informa\u021bii false, viru\u0219i sau cod r\u0103u inten\u021bionat.<\/li><li>Desf\u0103\u0219oar\u0103 activit\u0103\u021bi de <em>spam, phishing, accesare cu crawlere<\/em> sau <em>racla<\/em>.<\/li><li>Utiliza\u021bi site-ul web \u00een scopuri obscene sau imorale.<\/li><\/ul>\n<\/div><!--advertisement--><div class=\"mx-5 sm:mx-0 sm:text-3xl text-2xl font-medium title-font mb-4 text-gray-900 text-left\">\n<h2>Sec\u021biunea VI \u2013 Limit\u0103ri de r\u0103spundere \u0219i garan\u021bii<\/h2>\n<\/div><div class=\"mx-5 sm:mx-0 prose leading-relaxed text-lg mb-5 text-left wp-paragraph\">\n<p><strong>6.1 <\/strong>Accesul la serviciu poate fi intermitent sau poate suferi \u00eentreruperi f\u0103r\u0103 notificare prealabil\u0103. <\/p>\n<\/div><div class=\"mx-5 sm:mx-0 prose leading-relaxed text-lg mb-5 text-left wp-paragraph\">\n<p><strong>6.2 <\/strong>Oferim serviciul \u201eca atare\u201d, f\u0103r\u0103 garan\u021bii de acurate\u021be sau fiabilitate complet\u0103 a rezultatelor. <strong>6.3 <\/strong>Minuto VIP \u0219i reprezentan\u021bii s\u0103i nu vor fi r\u0103spunz\u0103tori pentru nicio pierdere de profit, date sau daune intangibile rezultate din utilizarea serviciului.<\/p>\n<\/div><!--advertisement--><div class=\"mx-5 sm:mx-0 sm:text-3xl text-2xl font-medium title-font mb-4 text-gray-900 text-left\">\n<h2>Sec\u021biunea VII \u2013 Perioada de valabilitate \u0219i expirare<\/h2>\n<\/div><div class=\"mx-5 sm:mx-0 prose leading-relaxed text-lg mb-5 text-left wp-paragraph\">\n<p><strong>7.1 <\/strong>Termenii r\u0103m\u00e2n valabili pe termen nelimitat. <\/p>\n<\/div><div class=\"mx-5 sm:mx-0 prose leading-relaxed text-lg mb-5 text-left wp-paragraph\">\n<p><strong>7.2 <\/strong>Orice ac\u021biune legal\u0103 legat\u0103 de utilizarea site-ului trebuie ini\u021biat\u0103 \u00een termen de <strong>90 de zile<\/strong> \u00eencep\u00e2nd de la evenimentul motivant.<\/p>\n<\/div><!--advertisement--><div class=\"mx-5 sm:mx-0 sm:text-3xl text-2xl font-medium title-font mb-4 text-gray-900 text-left\">\n<h2>Sec\u021biunea VIII \u2013 Legea aplicabil\u0103 \u0219i jurisdic\u021bia<\/h2>\n<\/div><div class=\"mx-5 sm:mx-0 prose leading-relaxed text-lg mb-5 text-left wp-paragraph\">\n<p><strong>8.1 Reglementare legal\u0103:<\/strong> Prezentele Condi\u021bii sunt guvernate de legile Republicii Federative a Braziliei (Codul Civil, Codul de Protec\u021bie a Consumatorilor, Marco Civil da Internet [Carta Drepturilor Internetului din Brazilia] \u0219i LGPD [Legea General\u0103 privind Protec\u021bia Datelor din Brazilia]). <\/p>\n<\/div><div class=\"mx-5 sm:mx-0 prose leading-relaxed text-lg mb-5 text-left wp-paragraph\">\n<p><strong>8.2 Forum:<\/strong> Pentru a garanta accesul utilizatorului la justi\u021bie, instan\u021ba de la domiciliul utilizatorului este aleas\u0103 ca for competent pentru solu\u021bionarea oric\u0103ror litigii care decurg din ace\u0219ti Termeni sau din Politica de confiden\u021bialitate.<\/p>\n<\/div><!--advertisement--><div class=\"mx-5 sm:mx-0 sm:text-3xl text-2xl font-medium title-font mb-4 text-gray-900 text-left\">\n<h2>Sec\u021biunea IX \u2013 Drepturi de proprietate intelectual\u0103<\/h2>\n<\/div><div class=\"mx-5 sm:mx-0 prose leading-relaxed text-lg mb-5 text-left wp-paragraph\">\n<p><strong>9.1 <\/strong>Con\u021binutul apar\u021bin\u00e2nd MinutoVip O\u00dc este protejat de drepturi de autor. Reproducerea sau modificarea f\u0103r\u0103 autoriza\u021bie prealabil\u0103 scris\u0103 este interzis\u0103. <\/p>\n<\/div><div class=\"mx-5 sm:mx-0 prose leading-relaxed text-lg mb-5 text-left wp-paragraph\">\n<p><strong>9.2 <\/strong>Ne rezerv\u0103m dreptul de a elimina con\u021binutul care \u00eencalc\u0103 ace\u0219ti termeni sau drepturile ter\u021bilor.<\/p>\n<\/div><!--advertisement--><div class=\"mx-5 sm:mx-0 sm:text-3xl text-2xl font-medium title-font mb-4 text-gray-900 text-left\">\n<h2>Sec\u021biunea X \u2013 Modificarea Termenilor<\/h2>\n<\/div><div class=\"mx-5 sm:mx-0 prose leading-relaxed text-lg mb-5 text-left wp-paragraph\">\n<p><strong>10.1 <\/strong>Minuto VIP \u00ee\u0219i rezerv\u0103 dreptul de a modifica sau \u00eentrerupe serviciile \u00een orice moment, f\u0103r\u0103 notificare prealabil\u0103. <\/p>\n<\/div><div class=\"mx-5 sm:mx-0 prose leading-relaxed text-lg mb-5 text-left wp-paragraph\">\n<p><strong>10.2 <\/strong>Utilizarea \u00een continuare a site-ului implic\u0103 acceptarea termenilor actualiza\u021bi.<\/p>\n<\/div><!--advertisement--><div class=\"mx-5 sm:mx-0 sm:text-3xl text-2xl font-medium title-font mb-4 text-gray-900 text-left\">\n<h2>Sec\u021biunea XI \u2013 Informa\u021bii de contact<\/h2>\n<\/div><div class=\"mx-5 sm:mx-0 prose leading-relaxed text-lg mb-5 text-left wp-paragraph\">\n<p>Pentru \u00eentreb\u0103ri, v\u0103 rug\u0103m s\u0103 folosi\u021bi formularul de la adresa: <a target=\"_blank\" rel=\"noreferrer noopener\" href=\"\">https:\/\/minutovip.com\/contact\/<\/a>.<\/p>\n<\/div>","protected":false},"excerpt":{"rendered":"<p>Atualizado em 17 de Fevereiro de 2026. A MinutoVip O\u00dc, uma empresa de responsabilidade limitada sediada na Est\u00f4nia (O\u00dc), com o n\u00famero de registro 16698741, tem seu escrit\u00f3rio localizado em Tallinn, na Rua Rotermanni tn 14-32, 10111, Harju, Est\u00f4nia. Esta empresa \u00e9 propriet\u00e1ria e operadora do site Minuto VIP, dispon\u00edvel em https:\/\/minutovip.com. O Minuto VIP&hellip; <a class=\"more-link\" href=\"https:\/\/minutovip.com\/ro\/terms\/\">Continua\u021bi lectur\u0103 <span class=\"screen-reader-text\">Termeni de utilizare \u2013 Minuto VIP<\/span><\/a><\/p>","protected":false},"author":3,"featured_media":0,"parent":0,"menu_order":0,"comment_status":"closed","ping_status":"closed","template":"","meta":[],"yoast_head":"<!-- This site is optimized with the Yoast SEO Premium plugin v18.7 (Yoast SEO v19.1) - https:\/\/yoast.com\/wordpress\/plugins\/seo\/ -->\n<title>Termos de Uso - Minuto VIP - Minuto VIP<\/title>\n<meta name=\"robots\" content=\"index, follow, max-snippet:-1, max-image-preview:large, max-video-preview:-1\" \/>\n<link rel=\"canonical\" href=\"https:\/\/minutovip.com\/ro\/terms\/\" \/>\n<meta property=\"og:locale\" content=\"ro_RO\" \/>\n<meta property=\"og:type\" content=\"article\" \/>\n<meta property=\"og:title\" content=\"Termos de Uso - Minuto VIP\" \/>\n<meta property=\"og:description\" content=\"Atualizado em 17 de Fevereiro de 2026. A MinutoVip O\u00dc, uma empresa de responsabilidade limitada sediada na Est\u00f4nia (O\u00dc), com o n\u00famero de registro 16698741, tem seu escrit\u00f3rio localizado em Tallinn, na Rua Rotermanni tn 14-32, 10111, Harju, Est\u00f4nia. Esta empresa \u00e9 propriet\u00e1ria e operadora do site Minuto VIP, dispon\u00edvel em https:\/\/minutovip.com. O Minuto VIP&hellip; Continue reading Termos de Uso &#8211; Minuto VIP\" \/>\n<meta property=\"og:url\" content=\"https:\/\/minutovip.com\/ro\/terms\/\" \/>\n<meta property=\"og:site_name\" content=\"Minuto VIP\" \/>\n<meta property=\"article:modified_time\" content=\"2026-02-17T17:17:45+00:00\" \/>\n<meta name=\"twitter:card\" content=\"summary_large_image\" \/>\n<meta name=\"twitter:label1\" content=\"Est. reading time\" \/>\n\t<meta name=\"twitter:data1\" content=\"5 minute\" \/>\n<script type=\"application\/ld+json\" class=\"yoast-schema-graph\">{\"@context\":\"https:\/\/schema.org\",\"@graph\":[{\"@type\":\"WebSite\",\"@id\":\"https:\/\/minutovip.com\/#website\",\"url\":\"https:\/\/minutovip.com\/\",\"name\":\"Minuto VIP\",\"description\":\"O Minuto vip \u00e9 um site online que oferece not\u00edcias atualizadas do mundo do Futebol\",\"potentialAction\":[{\"@type\":\"SearchAction\",\"target\":{\"@type\":\"EntryPoint\",\"urlTemplate\":\"https:\/\/minutovip.com\/?s={search_term_string}\"},\"query-input\":\"required name=search_term_string\"}],\"inLanguage\":\"ro-RO\"},{\"@type\":\"WebPage\",\"@id\":\"https:\/\/minutovip.com\/terms\/#webpage\",\"url\":\"https:\/\/minutovip.com\/terms\/\",\"name\":\"Termos de Uso - Minuto VIP - Minuto VIP\",\"isPartOf\":{\"@id\":\"https:\/\/minutovip.com\/#website\"},\"datePublished\":\"2022-10-26T14:45:21+00:00\",\"dateModified\":\"2026-02-17T17:17:45+00:00\",\"breadcrumb\":{\"@id\":\"https:\/\/minutovip.com\/terms\/#breadcrumb\"},\"inLanguage\":\"ro-RO\",\"potentialAction\":[{\"@type\":\"ReadAction\",\"target\":[\"https:\/\/minutovip.com\/terms\/\"]}]},{\"@type\":\"BreadcrumbList\",\"@id\":\"https:\/\/minutovip.com\/terms\/#breadcrumb\",\"itemListElement\":[{\"@type\":\"ListItem\",\"position\":1,\"name\":\"Home\",\"item\":\"https:\/\/minutovip.com\/\"},{\"@type\":\"ListItem\",\"position\":2,\"name\":\"Termos de Uso &#8211; Minuto VIP\"}]}]}<\/script>\n<!-- \/ Yoast SEO Premium plugin. -->","yoast_head_json":{"title":"Termos de Uso - Minuto VIP - Minuto VIP","robots":{"index":"index","follow":"follow","max-snippet":"max-snippet:-1","max-image-preview":"max-image-preview:large","max-video-preview":"max-video-preview:-1"},"canonical":"https:\/\/minutovip.com\/ro\/terms\/","og_locale":"ro_RO","og_type":"article","og_title":"Termos de Uso - Minuto VIP","og_description":"Atualizado em 17 de Fevereiro de 2026. A MinutoVip O\u00dc, uma empresa de responsabilidade limitada sediada na Est\u00f4nia (O\u00dc), com o n\u00famero de registro 16698741, tem seu escrit\u00f3rio localizado em Tallinn, na Rua Rotermanni tn 14-32, 10111, Harju, Est\u00f4nia. Esta empresa \u00e9 propriet\u00e1ria e operadora do site Minuto VIP, dispon\u00edvel em https:\/\/minutovip.com. O Minuto VIP&hellip; Continue reading Termos de Uso &#8211; Minuto VIP","og_url":"https:\/\/minutovip.com\/ro\/terms\/","og_site_name":"Minuto VIP","article_modified_time":"2026-02-17T17:17:45+00:00","twitter_card":"summary_large_image","twitter_misc":{"Est. reading time":"5 minute"},"schema":{"@context":"https:\/\/schema.org","@graph":[{"@type":"WebSite","@id":"https:\/\/minutovip.com\/#website","url":"https:\/\/minutovip.com\/","name":"Minuto VIP","description":"O Minuto vip \u00e9 um site online que oferece not\u00edcias atualizadas do mundo do Futebol","potentialAction":[{"@type":"SearchAction","target":{"@type":"EntryPoint","urlTemplate":"https:\/\/minutovip.com\/?s={search_term_string}"},"query-input":"required name=search_term_string"}],"inLanguage":"ro-RO"},{"@type":"WebPage","@id":"https:\/\/minutovip.com\/terms\/#webpage","url":"https:\/\/minutovip.com\/terms\/","name":"Termos de Uso - Minuto VIP - Minuto VIP","isPartOf":{"@id":"https:\/\/minutovip.com\/#website"},"datePublished":"2022-10-26T14:45:21+00:00","dateModified":"2026-02-17T17:17:45+00:00","breadcrumb":{"@id":"https:\/\/minutovip.com\/terms\/#breadcrumb"},"inLanguage":"ro-RO","potentialAction":[{"@type":"ReadAction","target":["https:\/\/minutovip.com\/terms\/"]}]},{"@type":"BreadcrumbList","@id":"https:\/\/minutovip.com\/terms\/#breadcrumb","itemListElement":[{"@type":"ListItem","position":1,"name":"Home","item":"https:\/\/minutovip.com\/"},{"@type":"ListItem","position":2,"name":"Termos de Uso &#8211; Minuto VIP"}]}]}},"_links":{"self":[{"href":"https:\/\/minutovip.com\/ro\/wp-json\/wp\/v2\/pages\/94"}],"collection":[{"href":"https:\/\/minutovip.com\/ro\/wp-json\/wp\/v2\/pages"}],"about":[{"href":"https:\/\/minutovip.com\/ro\/wp-json\/wp\/v2\/types\/page"}],"author":[{"embeddable":true,"href":"https:\/\/minutovip.com\/ro\/wp-json\/wp\/v2\/users\/3"}],"replies":[{"embeddable":true,"href":"https:\/\/minutovip.com\/ro\/wp-json\/wp\/v2\/comments?post=94"}],"version-history":[{"count":0,"href":"https:\/\/minutovip.com\/ro\/wp-json\/wp\/v2\/pages\/94\/revisions"}],"wp:attachment":[{"href":"https:\/\/minutovip.com\/ro\/wp-json\/wp\/v2\/media?parent=94"}],"curies":[{"name":"wp","href":"https:\/\/api.w.org\/{rel}","templated":true}]}}