{"id":98,"date":"2022-10-26T14:47:50","date_gmt":"2022-10-26T14:47:50","guid":{"rendered":"https:\/\/minutovip.com\/?page_id=98"},"modified":"2024-03-14T19:04:39","modified_gmt":"2024-03-14T19:04:39","slug":"about","status":"publish","type":"page","link":"https:\/\/minutovip.com\/ro\/about\/","title":{"rendered":"Despre"},"content":{"rendered":"<!--advertisement--><div class=\"mx-5 sm:mx-0 sm:text-3xl text-2xl font-medium title-font mb-4 text-gray-900 text-left\">\n<h2 id=\"h-o-que-voce-quer-aprender-hoje\"><strong>Ce vrei s\u0103 \u00eenve\u021bi ast\u0103zi?<\/strong><\/h2>\n<\/div><div class=\"mx-5 sm:mx-0 prose leading-relaxed text-lg mb-5 text-left wp-paragraph\">\n<p>La Minuto Vip, c\u0103ut\u0103m s\u0103 oferim divertisment, \u0219tiri, informa\u021bii \u0219i aplica\u021bii din \u00eentreaga lume, oferind sfaturi despre tot ce se \u00eent\u00e2mpl\u0103 \u00een acest univers magic de agrement \u0219i distrac\u021bie. Credem cu t\u0103rie c\u0103 \u00eembun\u0103t\u0103\u021birea continu\u0103, combinat\u0103 cu determinarea \u0219i perseveren\u021ba, sunt secretele succesului \u0219i unei vie\u021bi pline de sens. Aici, respingem ideea de \u201enoroc\u201d. Mai mult, recunoa\u0219tem importan\u021ba aplica\u021biilor \u00een diferite ni\u0219e, fie pentru rela\u021bii, s\u0103n\u0103tate, divertisment \u0219i multe altele. Misiunea noastr\u0103 este s\u0103 v\u0103 \u021binem la curent nu numai despre lumea sportului, ci \u0219i cu cele mai recente \u0219tiri \u0219i tendin\u021be \u00een aplica\u021bii care fac via\u021ba mai u\u0219oar\u0103, mai distractiv\u0103 \u0219i mai semnificativ\u0103.<\/p>\n<\/div><!--advertisement--><div class=\"mx-5 sm:mx-0 sm:text-3xl text-2xl font-medium title-font mb-4 text-gray-900 text-left\">\n<h2 id=\"h-quem-somos\"><strong>Cine suntem noi?<\/strong><\/h2>\n<\/div><div class=\"mx-5 sm:mx-0 prose leading-relaxed text-lg mb-5 text-left wp-paragraph\">\n<p>Minuto Vip este o companie cu sediul central \u00een Brazilia \u0219i Estonia. Misiunea noastr\u0103 este s\u0103 oferim \u00een mod constant cel mai bun con\u021binut, indiferent unde v\u0103 afla\u021bi. Prin urmare, dorim s\u0103 fim partenerul t\u0103u \u00een c\u0103utarea divertismentului t\u0103u.<\/p>\n<\/div><!--advertisement--><div class=\"mx-5 sm:mx-0 sm:text-3xl text-2xl font-medium title-font mb-4 text-gray-900 text-left\">\n<h2 id=\"h-nos-ajude-a-melhorar\"><strong>ajuta-ne sa ne imbunatatim<\/strong><\/h2>\n<\/div><div class=\"mx-5 sm:mx-0 prose leading-relaxed text-lg mb-5 text-left wp-paragraph\">\n<p>Ideile tale sunt binevenite. <a style=\" color:;\" href=\"https:\/\/minutovip.com\/ro\/contact\/\">Trimite-ne un mesaj<\/a>!<\/p>\n<\/div>","protected":false},"excerpt":{"rendered":"<p>Ce vrei s\u0103 \u00eenve\u021bi ast\u0103zi? La Minuto Vip, c\u0103ut\u0103m s\u0103 oferim divertisment, \u0219tiri, informa\u021bii \u0219i aplica\u021bii din \u00eentreaga lume, oferind sfaturi despre tot ce se \u00eent\u00e2mpl\u0103 \u00een acest univers magic de agrement \u0219i distrac\u021bie. Credem cu t\u0103rie c\u0103 \u00eembun\u0103t\u0103\u021birea continu\u0103, combinat\u0103 cu determinarea \u0219i perseveren\u021ba, sunt secretele succesului \u0219i unei vie\u021bi pline de sens... <a class=\"more-link\" href=\"https:\/\/minutovip.com\/ro\/about\/\">Continua\u021bi lectur\u0103 <span class=\"screen-reader-text\">Despre<\/span><\/a><\/p>","protected":false},"author":3,"featured_media":0,"parent":0,"menu_order":0,"comment_status":"closed","ping_status":"closed","template":"","meta":[],"yoast_head":"<!-- This site is optimized with the Yoast SEO Premium plugin v18.7 (Yoast SEO v19.1) - https:\/\/yoast.com\/wordpress\/plugins\/seo\/ -->\n<title>Sobre - Minuto VIP<\/title>\n<meta name=\"robots\" content=\"index, follow, max-snippet:-1, max-image-preview:large, max-video-preview:-1\" \/>\n<link rel=\"canonical\" href=\"https:\/\/minutovip.com\/ro\/about\/\" \/>\n<meta property=\"og:locale\" content=\"ro_RO\" \/>\n<meta property=\"og:type\" content=\"article\" \/>\n<meta property=\"og:title\" content=\"Sobre\" \/>\n<meta property=\"og:description\" content=\"O que voc\u00ea quer aprender hoje? No Minuto Vip, buscamos oferecer entretenimento, not\u00edcias, informa\u00e7\u00f5es e aplicativos do mundo, proporcionando dicas sobre tudo que acontece nesse universo m\u00e1gico de lazer e divers\u00e3o. Acreditamos firmemente que a melhoria cont\u00ednua, combinada com a determina\u00e7\u00e3o e a persist\u00eancia, s\u00e3o os segredos do sucesso e de uma vida com significado.&hellip; Continue reading Sobre\" \/>\n<meta property=\"og:url\" content=\"https:\/\/minutovip.com\/ro\/about\/\" \/>\n<meta property=\"og:site_name\" content=\"Minuto VIP\" \/>\n<meta property=\"article:modified_time\" content=\"2024-03-14T19:04:39+00:00\" \/>\n<meta name=\"twitter:card\" content=\"summary_large_image\" \/>\n<meta name=\"twitter:label1\" content=\"Est. reading time\" \/>\n\t<meta name=\"twitter:data1\" content=\"1 minut\" \/>\n<script type=\"application\/ld+json\" class=\"yoast-schema-graph\">{\"@context\":\"https:\/\/schema.org\",\"@graph\":[{\"@type\":\"WebSite\",\"@id\":\"https:\/\/minutovip.com\/#website\",\"url\":\"https:\/\/minutovip.com\/\",\"name\":\"Minuto VIP\",\"description\":\"O Minuto vip \u00e9 um site online que oferece not\u00edcias atualizadas do mundo do Futebol\",\"potentialAction\":[{\"@type\":\"SearchAction\",\"target\":{\"@type\":\"EntryPoint\",\"urlTemplate\":\"https:\/\/minutovip.com\/?s={search_term_string}\"},\"query-input\":\"required name=search_term_string\"}],\"inLanguage\":\"ro-RO\"},{\"@type\":\"WebPage\",\"@id\":\"https:\/\/minutovip.com\/about\/#webpage\",\"url\":\"https:\/\/minutovip.com\/about\/\",\"name\":\"Sobre - Minuto VIP\",\"isPartOf\":{\"@id\":\"https:\/\/minutovip.com\/#website\"},\"datePublished\":\"2022-10-26T14:47:50+00:00\",\"dateModified\":\"2024-03-14T19:04:39+00:00\",\"breadcrumb\":{\"@id\":\"https:\/\/minutovip.com\/about\/#breadcrumb\"},\"inLanguage\":\"ro-RO\",\"potentialAction\":[{\"@type\":\"ReadAction\",\"target\":[\"https:\/\/minutovip.com\/about\/\"]}]},{\"@type\":\"BreadcrumbList\",\"@id\":\"https:\/\/minutovip.com\/about\/#breadcrumb\",\"itemListElement\":[{\"@type\":\"ListItem\",\"position\":1,\"name\":\"Home\",\"item\":\"https:\/\/minutovip.com\/\"},{\"@type\":\"ListItem\",\"position\":2,\"name\":\"Sobre\"}]}]}<\/script>\n<!-- \/ Yoast SEO Premium plugin. -->","yoast_head_json":{"title":"Sobre - Minuto VIP","robots":{"index":"index","follow":"follow","max-snippet":"max-snippet:-1","max-image-preview":"max-image-preview:large","max-video-preview":"max-video-preview:-1"},"canonical":"https:\/\/minutovip.com\/ro\/about\/","og_locale":"ro_RO","og_type":"article","og_title":"Sobre","og_description":"O que voc\u00ea quer aprender hoje? No Minuto Vip, buscamos oferecer entretenimento, not\u00edcias, informa\u00e7\u00f5es e aplicativos do mundo, proporcionando dicas sobre tudo que acontece nesse universo m\u00e1gico de lazer e divers\u00e3o. Acreditamos firmemente que a melhoria cont\u00ednua, combinada com a determina\u00e7\u00e3o e a persist\u00eancia, s\u00e3o os segredos do sucesso e de uma vida com significado.&hellip; Continue reading Sobre","og_url":"https:\/\/minutovip.com\/ro\/about\/","og_site_name":"Minuto VIP","article_modified_time":"2024-03-14T19:04:39+00:00","twitter_card":"summary_large_image","twitter_misc":{"Est. reading time":"1 minut"},"schema":{"@context":"https:\/\/schema.org","@graph":[{"@type":"WebSite","@id":"https:\/\/minutovip.com\/#website","url":"https:\/\/minutovip.com\/","name":"Minuto VIP","description":"O Minuto vip \u00e9 um site online que oferece not\u00edcias atualizadas do mundo do Futebol","potentialAction":[{"@type":"SearchAction","target":{"@type":"EntryPoint","urlTemplate":"https:\/\/minutovip.com\/?s={search_term_string}"},"query-input":"required name=search_term_string"}],"inLanguage":"ro-RO"},{"@type":"WebPage","@id":"https:\/\/minutovip.com\/about\/#webpage","url":"https:\/\/minutovip.com\/about\/","name":"Sobre - Minuto VIP","isPartOf":{"@id":"https:\/\/minutovip.com\/#website"},"datePublished":"2022-10-26T14:47:50+00:00","dateModified":"2024-03-14T19:04:39+00:00","breadcrumb":{"@id":"https:\/\/minutovip.com\/about\/#breadcrumb"},"inLanguage":"ro-RO","potentialAction":[{"@type":"ReadAction","target":["https:\/\/minutovip.com\/about\/"]}]},{"@type":"BreadcrumbList","@id":"https:\/\/minutovip.com\/about\/#breadcrumb","itemListElement":[{"@type":"ListItem","position":1,"name":"Home","item":"https:\/\/minutovip.com\/"},{"@type":"ListItem","position":2,"name":"Sobre"}]}]}},"_links":{"self":[{"href":"https:\/\/minutovip.com\/ro\/wp-json\/wp\/v2\/pages\/98"}],"collection":[{"href":"https:\/\/minutovip.com\/ro\/wp-json\/wp\/v2\/pages"}],"about":[{"href":"https:\/\/minutovip.com\/ro\/wp-json\/wp\/v2\/types\/page"}],"author":[{"embeddable":true,"href":"https:\/\/minutovip.com\/ro\/wp-json\/wp\/v2\/users\/3"}],"replies":[{"embeddable":true,"href":"https:\/\/minutovip.com\/ro\/wp-json\/wp\/v2\/comments?post=98"}],"version-history":[{"count":0,"href":"https:\/\/minutovip.com\/ro\/wp-json\/wp\/v2\/pages\/98\/revisions"}],"wp:attachment":[{"href":"https:\/\/minutovip.com\/ro\/wp-json\/wp\/v2\/media?parent=98"}],"curies":[{"name":"wp","href":"https:\/\/api.w.org\/{rel}","templated":true}]}}