{"id":98,"date":"2022-10-26T14:47:50","date_gmt":"2022-10-26T14:47:50","guid":{"rendered":"https:\/\/minutovip.com\/?page_id=98"},"modified":"2024-03-14T19:04:39","modified_gmt":"2024-03-14T19:04:39","slug":"about","status":"publish","type":"page","link":"https:\/\/minutovip.com\/tr\/about\/","title":{"rendered":"A\u00e7\u0131k"},"content":{"rendered":"<!--advertisement--><div class=\"mx-5 sm:mx-0 sm:text-3xl text-2xl font-medium title-font mb-4 text-gray-900 text-left\">\n<h2 id=\"h-o-que-voce-quer-aprender-hoje\"><strong>Bug\u00fcn ne \u00f6\u011frenmek istiyorsun?<\/strong><\/h2>\n<\/div><div class=\"mx-5 sm:mx-0 prose leading-relaxed text-lg mb-5 text-left wp-paragraph\">\n<p>Minuto Vip olarak, d\u00fcnyan\u0131n d\u00f6rt bir yan\u0131ndan e\u011flence, haber, bilgi ve uygulamalar sunarak, bu b\u00fcy\u00fcl\u00fc e\u011flence ve dinlence d\u00fcnyas\u0131nda olup biten her \u015feye dair i\u00e7g\u00f6r\u00fcler sunmay\u0131 hedefliyoruz. S\u00fcrekli geli\u015fimin, kararl\u0131l\u0131k ve azimle bir araya gelmesinin ba\u015far\u0131n\u0131n ve anlaml\u0131 bir ya\u015fam\u0131n s\u0131rlar\u0131 oldu\u011funa inan\u0131yoruz. Burada &quot;\u015fans&quot; kavram\u0131n\u0131 reddediyoruz. Dahas\u0131, ili\u015fkiler, sa\u011fl\u0131k, e\u011flence ve daha bir\u00e7ok alanda uygulamalar\u0131n \u00f6neminin fark\u0131nday\u0131z. Misyonumuz, sizi yaln\u0131zca spor d\u00fcnyas\u0131nda de\u011fil, ayn\u0131 zamanda hayat\u0131 daha kolay, daha e\u011flenceli ve daha anlaml\u0131 hale getiren uygulamalardaki en son haberler ve trendler konusunda da g\u00fcncel tutmakt\u0131r.<\/p>\n<\/div><!--advertisement--><div class=\"mx-5 sm:mx-0 sm:text-3xl text-2xl font-medium title-font mb-4 text-gray-900 text-left\">\n<h2 id=\"h-quem-somos\"><strong>Biz kimiz?<\/strong><\/h2>\n<\/div><div class=\"mx-5 sm:mx-0 prose leading-relaxed text-lg mb-5 text-left wp-paragraph\">\n<p>Minuto Vip, Brezilya ve Estonya merkezli bir \u015firkettir. Misyonumuz, nerede olursan\u0131z olun, s\u00fcrekli olarak en iyi i\u00e7eri\u011fi sunmakt\u0131r. E\u011flence aray\u0131\u015f\u0131n\u0131zda orta\u011f\u0131n\u0131z olmak istiyoruz.<\/p>\n<\/div><!--advertisement--><div class=\"mx-5 sm:mx-0 sm:text-3xl text-2xl font-medium title-font mb-4 text-gray-900 text-left\">\n<h2 id=\"h-nos-ajude-a-melhorar\"><strong>Geli\u015ftirmemize yard\u0131mc\u0131 olun<\/strong><\/h2>\n<\/div><div class=\"mx-5 sm:mx-0 prose leading-relaxed text-lg mb-5 text-left wp-paragraph\">\n<p>\u00c7\u00fcnk\u00fc fikirleriniz \u00e7ok ho\u015fumuza gidiyor. <a style=\" color:;\" href=\"https:\/\/minutovip.com\/tr\/contact\/\">Bize bir mesaj g\u00f6nderin<\/a>!<\/p>\n<\/div>","protected":false},"excerpt":{"rendered":"<p>Bug\u00fcn ne \u00f6\u011frenmek istiyorsunuz? Minuto Vip olarak, d\u00fcnyan\u0131n d\u00f6rt bir yan\u0131ndan e\u011flence, haber, bilgi ve uygulamalar sunarak, bu b\u00fcy\u00fcl\u00fc e\u011flence ve dinlence d\u00fcnyas\u0131nda olup biten her \u015fey hakk\u0131nda ipu\u00e7lar\u0131 vermeyi ama\u00e7l\u0131yoruz. S\u00fcrekli geli\u015fimin, kararl\u0131l\u0131k ve azimle bir araya gelmesinin, ba\u015far\u0131n\u0131n ve anlaml\u0131 bir ya\u015fam\u0131n s\u0131rlar\u0131 oldu\u011funa inan\u0131yoruz. <a class=\"more-link\" href=\"https:\/\/minutovip.com\/tr\/about\/\">Okumaya devam et <span class=\"screen-reader-text\">A\u00e7\u0131k<\/span><\/a><\/p>","protected":false},"author":3,"featured_media":0,"parent":0,"menu_order":0,"comment_status":"closed","ping_status":"closed","template":"","meta":[],"yoast_head":"<!-- This site is optimized with the Yoast SEO Premium plugin v18.7 (Yoast SEO v19.1) - https:\/\/yoast.com\/wordpress\/plugins\/seo\/ -->\n<title>Sobre - Minuto VIP<\/title>\n<meta name=\"robots\" content=\"index, follow, max-snippet:-1, max-image-preview:large, max-video-preview:-1\" \/>\n<link rel=\"canonical\" href=\"https:\/\/minutovip.com\/tr\/about\/\" \/>\n<meta property=\"og:locale\" content=\"tr_TR\" \/>\n<meta property=\"og:type\" content=\"article\" \/>\n<meta property=\"og:title\" content=\"Sobre\" \/>\n<meta property=\"og:description\" content=\"O que voc\u00ea quer aprender hoje? No Minuto Vip, buscamos oferecer entretenimento, not\u00edcias, informa\u00e7\u00f5es e aplicativos do mundo, proporcionando dicas sobre tudo que acontece nesse universo m\u00e1gico de lazer e divers\u00e3o. Acreditamos firmemente que a melhoria cont\u00ednua, combinada com a determina\u00e7\u00e3o e a persist\u00eancia, s\u00e3o os segredos do sucesso e de uma vida com significado.&hellip; Continue reading Sobre\" \/>\n<meta property=\"og:url\" content=\"https:\/\/minutovip.com\/tr\/about\/\" \/>\n<meta property=\"og:site_name\" content=\"Minuto VIP\" \/>\n<meta property=\"article:modified_time\" content=\"2024-03-14T19:04:39+00:00\" \/>\n<meta name=\"twitter:card\" content=\"summary_large_image\" \/>\n<meta name=\"twitter:label1\" content=\"Est. reading time\" \/>\n\t<meta name=\"twitter:data1\" content=\"1 dakika\" \/>\n<script type=\"application\/ld+json\" class=\"yoast-schema-graph\">{\"@context\":\"https:\/\/schema.org\",\"@graph\":[{\"@type\":\"WebSite\",\"@id\":\"https:\/\/minutovip.com\/#website\",\"url\":\"https:\/\/minutovip.com\/\",\"name\":\"Minuto VIP\",\"description\":\"O Minuto vip \u00e9 um site online que oferece not\u00edcias atualizadas do mundo do Futebol\",\"potentialAction\":[{\"@type\":\"SearchAction\",\"target\":{\"@type\":\"EntryPoint\",\"urlTemplate\":\"https:\/\/minutovip.com\/?s={search_term_string}\"},\"query-input\":\"required name=search_term_string\"}],\"inLanguage\":\"tr\"},{\"@type\":\"WebPage\",\"@id\":\"https:\/\/minutovip.com\/about\/#webpage\",\"url\":\"https:\/\/minutovip.com\/about\/\",\"name\":\"Sobre - Minuto VIP\",\"isPartOf\":{\"@id\":\"https:\/\/minutovip.com\/#website\"},\"datePublished\":\"2022-10-26T14:47:50+00:00\",\"dateModified\":\"2024-03-14T19:04:39+00:00\",\"breadcrumb\":{\"@id\":\"https:\/\/minutovip.com\/about\/#breadcrumb\"},\"inLanguage\":\"tr\",\"potentialAction\":[{\"@type\":\"ReadAction\",\"target\":[\"https:\/\/minutovip.com\/about\/\"]}]},{\"@type\":\"BreadcrumbList\",\"@id\":\"https:\/\/minutovip.com\/about\/#breadcrumb\",\"itemListElement\":[{\"@type\":\"ListItem\",\"position\":1,\"name\":\"Home\",\"item\":\"https:\/\/minutovip.com\/\"},{\"@type\":\"ListItem\",\"position\":2,\"name\":\"Sobre\"}]}]}<\/script>\n<!-- \/ Yoast SEO Premium plugin. -->","yoast_head_json":{"title":"Sobre - Minuto VIP","robots":{"index":"index","follow":"follow","max-snippet":"max-snippet:-1","max-image-preview":"max-image-preview:large","max-video-preview":"max-video-preview:-1"},"canonical":"https:\/\/minutovip.com\/tr\/about\/","og_locale":"tr_TR","og_type":"article","og_title":"Sobre","og_description":"O que voc\u00ea quer aprender hoje? No Minuto Vip, buscamos oferecer entretenimento, not\u00edcias, informa\u00e7\u00f5es e aplicativos do mundo, proporcionando dicas sobre tudo que acontece nesse universo m\u00e1gico de lazer e divers\u00e3o. Acreditamos firmemente que a melhoria cont\u00ednua, combinada com a determina\u00e7\u00e3o e a persist\u00eancia, s\u00e3o os segredos do sucesso e de uma vida com significado.&hellip; Continue reading Sobre","og_url":"https:\/\/minutovip.com\/tr\/about\/","og_site_name":"Minuto VIP","article_modified_time":"2024-03-14T19:04:39+00:00","twitter_card":"summary_large_image","twitter_misc":{"Est. reading time":"1 dakika"},"schema":{"@context":"https:\/\/schema.org","@graph":[{"@type":"WebSite","@id":"https:\/\/minutovip.com\/#website","url":"https:\/\/minutovip.com\/","name":"Minuto VIP","description":"O Minuto vip \u00e9 um site online que oferece not\u00edcias atualizadas do mundo do Futebol","potentialAction":[{"@type":"SearchAction","target":{"@type":"EntryPoint","urlTemplate":"https:\/\/minutovip.com\/?s={search_term_string}"},"query-input":"required name=search_term_string"}],"inLanguage":"tr"},{"@type":"WebPage","@id":"https:\/\/minutovip.com\/about\/#webpage","url":"https:\/\/minutovip.com\/about\/","name":"Sobre - Minuto VIP","isPartOf":{"@id":"https:\/\/minutovip.com\/#website"},"datePublished":"2022-10-26T14:47:50+00:00","dateModified":"2024-03-14T19:04:39+00:00","breadcrumb":{"@id":"https:\/\/minutovip.com\/about\/#breadcrumb"},"inLanguage":"tr","potentialAction":[{"@type":"ReadAction","target":["https:\/\/minutovip.com\/about\/"]}]},{"@type":"BreadcrumbList","@id":"https:\/\/minutovip.com\/about\/#breadcrumb","itemListElement":[{"@type":"ListItem","position":1,"name":"Home","item":"https:\/\/minutovip.com\/"},{"@type":"ListItem","position":2,"name":"Sobre"}]}]}},"_links":{"self":[{"href":"https:\/\/minutovip.com\/tr\/wp-json\/wp\/v2\/pages\/98"}],"collection":[{"href":"https:\/\/minutovip.com\/tr\/wp-json\/wp\/v2\/pages"}],"about":[{"href":"https:\/\/minutovip.com\/tr\/wp-json\/wp\/v2\/types\/page"}],"author":[{"embeddable":true,"href":"https:\/\/minutovip.com\/tr\/wp-json\/wp\/v2\/users\/3"}],"replies":[{"embeddable":true,"href":"https:\/\/minutovip.com\/tr\/wp-json\/wp\/v2\/comments?post=98"}],"version-history":[{"count":0,"href":"https:\/\/minutovip.com\/tr\/wp-json\/wp\/v2\/pages\/98\/revisions"}],"wp:attachment":[{"href":"https:\/\/minutovip.com\/tr\/wp-json\/wp\/v2\/media?parent=98"}],"curies":[{"name":"wp","href":"https:\/\/api.w.org\/{rel}","templated":true}]}}