{"id":98,"date":"2022-10-26T14:47:50","date_gmt":"2022-10-26T14:47:50","guid":{"rendered":"https:\/\/minutovip.com\/?page_id=98"},"modified":"2024-03-14T19:04:39","modified_gmt":"2024-03-14T19:04:39","slug":"about","status":"publish","type":"page","link":"https:\/\/minutovip.com\/zh\/about\/","title":{"rendered":"\u5728"},"content":{"rendered":"<!--advertisement--><div class=\"mx-5 sm:mx-0 sm:text-3xl text-2xl font-medium title-font mb-4 text-gray-900 text-left\">\n<h2 id=\"h-o-que-voce-quer-aprender-hoje\"><strong>\u4eca\u5929\u4f60\u60f3\u5b66\u4ec0\u4e48\uff1f<\/strong><\/h2>\n<\/div><div class=\"mx-5 sm:mx-0 prose leading-relaxed text-lg mb-5 text-left wp-paragraph\">\n<p>\u5728 Minuto Vip\uff0c\u6211\u4eec\u81f4\u529b\u4e8e\u63d0\u4f9b\u6765\u81ea\u4e16\u754c\u5404\u5730\u7684\u5a31\u4e50\u3001\u65b0\u95fb\u3001\u4fe1\u606f\u548c\u5e94\u7528\u7a0b\u5e8f\uff0c\u63d0\u4f9b\u6709\u5173\u8fd9\u4e2a\u4f11\u95f2\u548c\u5a31\u4e50\u7684\u795e\u5947\u4e16\u754c\u4e2d\u53d1\u751f\u7684\u4e00\u5207\u7684\u63d0\u793a\u3002\u6211\u4eec\u575a\u4fe1\uff0c\u4e0d\u65ad\u8fdb\u6b65\uff0c\u52a0\u4e0a\u51b3\u5fc3\u548c\u575a\u6301\uff0c\u662f\u6210\u529f\u548c\u6709\u610f\u4e49\u7684\u751f\u6d3b\u7684\u79d8\u8bc0\u3002\u5728\u8fd9\u91cc\uff0c\u6211\u4eec\u62d2\u7edd\u201c\u8fd0\u6c14\u201d\u7684\u60f3\u6cd5\u3002\u6b64\u5916\uff0c\u6211\u4eec\u8ba4\u8bc6\u5230\u5e94\u7528\u7a0b\u5e8f\u5728\u4e0d\u540c\u9886\u57df\u7684\u91cd\u8981\u6027\uff0c\u65e0\u8bba\u662f\u4eba\u9645\u5173\u7cfb\u3001\u5065\u5eb7\u3001\u5a31\u4e50\u7b49\u7b49\u3002\u6211\u4eec\u7684\u4f7f\u547d\u662f\u8ba9\u60a8\u4e0d\u4ec5\u4e86\u89e3\u4f53\u80b2\u4e16\u754c\u7684\u6700\u65b0\u52a8\u6001\uff0c\u8fd8\u4e86\u89e3\u5e94\u7528\u7a0b\u5e8f\u7684\u6700\u65b0\u65b0\u95fb\u548c\u8d8b\u52bf\uff0c\u8ba9\u751f\u6d3b\u53d8\u5f97\u66f4\u8f7b\u677e\u3001\u66f4\u6709\u8da3\u3001\u66f4\u6709\u610f\u4e49\u3002<\/p>\n<\/div><!--advertisement--><div class=\"mx-5 sm:mx-0 sm:text-3xl text-2xl font-medium title-font mb-4 text-gray-900 text-left\">\n<h2 id=\"h-quem-somos\"><strong>\u6211\u4eec\u662f\u8c01\uff1f<\/strong><\/h2>\n<\/div><div class=\"mx-5 sm:mx-0 prose leading-relaxed text-lg mb-5 text-left wp-paragraph\">\n<p>Minuto Vip \u662f\u4e00\u5bb6\u603b\u90e8\u4f4d\u4e8e\u5df4\u897f\u548c\u7231\u6c99\u5c3c\u4e9a\u7684\u516c\u53f8\u3002\u6211\u4eec\u7684\u4f7f\u547d\u662f\u59cb\u7ec8\u5982\u4e00\u5730\u63d0\u4f9b\u6700\u597d\u7684\u5185\u5bb9\uff0c\u65e0\u8bba\u60a8\u8eab\u5728\u4f55\u5904\u3002\u56e0\u6b64\uff0c\u6211\u4eec\u5e0c\u671b\u6210\u4e3a\u60a8\u5bfb\u627e\u5a31\u4e50\u7684\u5408\u4f5c\u4f19\u4f34\u3002<\/p>\n<\/div><!--advertisement--><div class=\"mx-5 sm:mx-0 sm:text-3xl text-2xl font-medium title-font mb-4 text-gray-900 text-left\">\n<h2 id=\"h-nos-ajude-a-melhorar\"><strong>\u5e2e\u52a9\u6211\u4eec\u6539\u8fdb<\/strong><\/h2>\n<\/div><div class=\"mx-5 sm:mx-0 prose leading-relaxed text-lg mb-5 text-left wp-paragraph\">\n<p>\u975e\u5e38\u6b22\u8fce\u60a8\u7684\u60f3\u6cd5\u3002 <a style=\" color:;\" href=\"https:\/\/minutovip.com\/zh\/contact\/\">\u7ed9\u6211\u4eec\u7559\u8a00<\/a>!<\/p>\n<\/div>","protected":false},"excerpt":{"rendered":"<p>\u4eca\u5929\u4f60\u60f3\u5b66\u4ec0\u4e48\uff1f\u5728 Minuto Vip\uff0c\u6211\u4eec\u81f4\u529b\u4e8e\u63d0\u4f9b\u6765\u81ea\u4e16\u754c\u5404\u5730\u7684\u5a31\u4e50\u3001\u65b0\u95fb\u3001\u4fe1\u606f\u548c\u5e94\u7528\u7a0b\u5e8f\uff0c\u63d0\u4f9b\u6709\u5173\u8fd9\u4e2a\u4f11\u95f2\u548c\u5a31\u4e50\u7684\u795e\u5947\u4e16\u754c\u4e2d\u53d1\u751f\u7684\u4e00\u5207\u7684\u63d0\u793a\u3002\u6211\u4eec\u575a\u4fe1\uff0c\u6301\u7eed\u6539\u8fdb\uff0c\u518d\u52a0\u4e0a\u51b3\u5fc3\u548c\u575a\u6301\uff0c\u662f\u6210\u529f\u548c\u6709\u610f\u4e49\u7684\u751f\u6d3b\u7684\u79d8\u8bc0\u3002... <a class=\"more-link\" href=\"https:\/\/minutovip.com\/zh\/about\/\">\u7ee7\u7eed\u9605\u8bfb <span class=\"screen-reader-text\">\u5728<\/span><\/a><\/p>","protected":false},"author":3,"featured_media":0,"parent":0,"menu_order":0,"comment_status":"closed","ping_status":"closed","template":"","meta":[],"yoast_head":"<!-- This site is optimized with the Yoast SEO Premium plugin v18.7 (Yoast SEO v19.1) - https:\/\/yoast.com\/wordpress\/plugins\/seo\/ -->\n<title>Sobre - Minuto VIP<\/title>\n<meta name=\"robots\" content=\"index, follow, max-snippet:-1, max-image-preview:large, max-video-preview:-1\" \/>\n<link rel=\"canonical\" href=\"https:\/\/minutovip.com\/zh\/about\/\" \/>\n<meta property=\"og:locale\" content=\"zh_CN\" \/>\n<meta property=\"og:type\" content=\"article\" \/>\n<meta property=\"og:title\" content=\"Sobre\" \/>\n<meta property=\"og:description\" content=\"O que voc\u00ea quer aprender hoje? No Minuto Vip, buscamos oferecer entretenimento, not\u00edcias, informa\u00e7\u00f5es e aplicativos do mundo, proporcionando dicas sobre tudo que acontece nesse universo m\u00e1gico de lazer e divers\u00e3o. Acreditamos firmemente que a melhoria cont\u00ednua, combinada com a determina\u00e7\u00e3o e a persist\u00eancia, s\u00e3o os segredos do sucesso e de uma vida com significado.&hellip; Continue reading Sobre\" \/>\n<meta property=\"og:url\" content=\"https:\/\/minutovip.com\/zh\/about\/\" \/>\n<meta property=\"og:site_name\" content=\"Minuto VIP\" \/>\n<meta property=\"article:modified_time\" content=\"2024-03-14T19:04:39+00:00\" \/>\n<meta name=\"twitter:card\" content=\"summary_large_image\" \/>\n<meta name=\"twitter:label1\" content=\"Est. reading time\" \/>\n\t<meta name=\"twitter:data1\" content=\"1\u5206\" \/>\n<script type=\"application\/ld+json\" class=\"yoast-schema-graph\">{\"@context\":\"https:\/\/schema.org\",\"@graph\":[{\"@type\":\"WebSite\",\"@id\":\"https:\/\/minutovip.com\/#website\",\"url\":\"https:\/\/minutovip.com\/\",\"name\":\"Minuto VIP\",\"description\":\"O Minuto vip \u00e9 um site online que oferece not\u00edcias atualizadas do mundo do Futebol\",\"potentialAction\":[{\"@type\":\"SearchAction\",\"target\":{\"@type\":\"EntryPoint\",\"urlTemplate\":\"https:\/\/minutovip.com\/?s={search_term_string}\"},\"query-input\":\"required name=search_term_string\"}],\"inLanguage\":\"zh-CN\"},{\"@type\":\"WebPage\",\"@id\":\"https:\/\/minutovip.com\/about\/#webpage\",\"url\":\"https:\/\/minutovip.com\/about\/\",\"name\":\"Sobre - Minuto VIP\",\"isPartOf\":{\"@id\":\"https:\/\/minutovip.com\/#website\"},\"datePublished\":\"2022-10-26T14:47:50+00:00\",\"dateModified\":\"2024-03-14T19:04:39+00:00\",\"breadcrumb\":{\"@id\":\"https:\/\/minutovip.com\/about\/#breadcrumb\"},\"inLanguage\":\"zh-CN\",\"potentialAction\":[{\"@type\":\"ReadAction\",\"target\":[\"https:\/\/minutovip.com\/about\/\"]}]},{\"@type\":\"BreadcrumbList\",\"@id\":\"https:\/\/minutovip.com\/about\/#breadcrumb\",\"itemListElement\":[{\"@type\":\"ListItem\",\"position\":1,\"name\":\"Home\",\"item\":\"https:\/\/minutovip.com\/\"},{\"@type\":\"ListItem\",\"position\":2,\"name\":\"Sobre\"}]}]}<\/script>\n<!-- \/ Yoast SEO Premium plugin. -->","yoast_head_json":{"title":"Sobre - Minuto VIP","robots":{"index":"index","follow":"follow","max-snippet":"max-snippet:-1","max-image-preview":"max-image-preview:large","max-video-preview":"max-video-preview:-1"},"canonical":"https:\/\/minutovip.com\/zh\/about\/","og_locale":"zh_CN","og_type":"article","og_title":"Sobre","og_description":"O que voc\u00ea quer aprender hoje? No Minuto Vip, buscamos oferecer entretenimento, not\u00edcias, informa\u00e7\u00f5es e aplicativos do mundo, proporcionando dicas sobre tudo que acontece nesse universo m\u00e1gico de lazer e divers\u00e3o. Acreditamos firmemente que a melhoria cont\u00ednua, combinada com a determina\u00e7\u00e3o e a persist\u00eancia, s\u00e3o os segredos do sucesso e de uma vida com significado.&hellip; Continue reading Sobre","og_url":"https:\/\/minutovip.com\/zh\/about\/","og_site_name":"Minuto VIP","article_modified_time":"2024-03-14T19:04:39+00:00","twitter_card":"summary_large_image","twitter_misc":{"Est. reading time":"1\u5206"},"schema":{"@context":"https:\/\/schema.org","@graph":[{"@type":"WebSite","@id":"https:\/\/minutovip.com\/#website","url":"https:\/\/minutovip.com\/","name":"Minuto VIP","description":"O Minuto vip \u00e9 um site online que oferece not\u00edcias atualizadas do mundo do Futebol","potentialAction":[{"@type":"SearchAction","target":{"@type":"EntryPoint","urlTemplate":"https:\/\/minutovip.com\/?s={search_term_string}"},"query-input":"required name=search_term_string"}],"inLanguage":"zh-CN"},{"@type":"WebPage","@id":"https:\/\/minutovip.com\/about\/#webpage","url":"https:\/\/minutovip.com\/about\/","name":"Sobre - Minuto VIP","isPartOf":{"@id":"https:\/\/minutovip.com\/#website"},"datePublished":"2022-10-26T14:47:50+00:00","dateModified":"2024-03-14T19:04:39+00:00","breadcrumb":{"@id":"https:\/\/minutovip.com\/about\/#breadcrumb"},"inLanguage":"zh-CN","potentialAction":[{"@type":"ReadAction","target":["https:\/\/minutovip.com\/about\/"]}]},{"@type":"BreadcrumbList","@id":"https:\/\/minutovip.com\/about\/#breadcrumb","itemListElement":[{"@type":"ListItem","position":1,"name":"Home","item":"https:\/\/minutovip.com\/"},{"@type":"ListItem","position":2,"name":"Sobre"}]}]}},"_links":{"self":[{"href":"https:\/\/minutovip.com\/zh\/wp-json\/wp\/v2\/pages\/98"}],"collection":[{"href":"https:\/\/minutovip.com\/zh\/wp-json\/wp\/v2\/pages"}],"about":[{"href":"https:\/\/minutovip.com\/zh\/wp-json\/wp\/v2\/types\/page"}],"author":[{"embeddable":true,"href":"https:\/\/minutovip.com\/zh\/wp-json\/wp\/v2\/users\/3"}],"replies":[{"embeddable":true,"href":"https:\/\/minutovip.com\/zh\/wp-json\/wp\/v2\/comments?post=98"}],"version-history":[{"count":0,"href":"https:\/\/minutovip.com\/zh\/wp-json\/wp\/v2\/pages\/98\/revisions"}],"wp:attachment":[{"href":"https:\/\/minutovip.com\/zh\/wp-json\/wp\/v2\/media?parent=98"}],"curies":[{"name":"wp","href":"https:\/\/api.w.org\/{rel}","templated":true}]}}